{"id":1773,"date":"1999-12-31T16:00:00","date_gmt":"2000-01-01T00:00:00","guid":{"rendered":"http:\/\/caringsunshine.com\/supplements\/NaturesSunshine\/products\/megachel120.aspx"},"modified":"2026-04-08T01:43:24","modified_gmt":"2026-04-08T08:43:24","slug":"megachel120","status":"publish","type":"product","link":"https:\/\/caringsunshine.com\/es\/supplements\/NaturesSunshine\/products\/megachel120.aspx\/","title":{"rendered":"Mega-Chel"},"content":{"rendered":"<p>Nature's Sunshine Mega-Chel combina nutrientes que apoyan la salud circulatoria y la salud corporal total. La f\u00f3rmula incluye 11 vitaminas y 10 minerales. La vitamina A, la vitamina C, la vitamina D, la vitamina E, el complejo vitam\u00ednico B, el calcio, el f\u00f3sforo, el hierro, el zinc, el selenio, y el manganeso son algunos de los nutrientes esenciales que componen esta f\u00f3rmula. Cada ingrediente ha sido elegido a conciencia para ceder los m\u00e1ximos beneficios y una absorci\u00f3n f\u00e1cil. Mega-Chel es natural y no contiene levadura.<\/p>","protected":false},"excerpt":{"rendered":"<p>120 comprimidos<\/p>","protected":false},"featured_media":2885819,"comment_status":"open","ping_status":"closed","template":"","meta":{"_acf_changed":false,"footnotes":""},"product_brand":[],"product_cat":[2,14,15,35,13502,13655,13863,13894,13924,13957,14388,14785,14793,14800,14900,14909,15101,15122,15303,15387,15407,15501,15590,15725,15762,15836,16072,16207,16209,16210,16211,16212,16214,16300,21,84,86],"product_tag":[3102,3101,3100],"class_list":{"0":"post-1773","1":"product","2":"type-product","3":"status-publish","4":"has-post-thumbnail","6":"product_cat-antioxidants","7":"product_cat-heart-health","8":"product_cat-herbs","9":"product_cat-minerals","10":"product_cat-ingredient-biotin","11":"product_cat-ingredient-calcium","12":"product_cat-ingredient-chromium","13":"product_cat-ingredient-citrus-bioflavonoids","14":"product_cat-ingredient-coenzyme-q10-coq10","15":"product_cat-ingredient-copper","16":"product_cat-ingredient-folic-acid","17":"product_cat-ingredient-inositol","18":"product_cat-ingredient-iodine","19":"product_cat-ingredient-iron","20":"product_cat-ingredient-l-cysteine","21":"product_cat-ingredient-l-methionine","22":"product_cat-ingredient-magnesium","23":"product_cat-ingredient-manganese","24":"product_cat-ingredient-niacin-vitamin-b3","25":"product_cat-ingredient-paba-para-aminobenzoic-acid","26":"product_cat-ingredient-pantothenic-acid-vitamin-b5","27":"product_cat-ingredient-phosphorus","28":"product_cat-ingredient-potassium","29":"product_cat-ingredient-riboflavin-vitamin-b2","30":"product_cat-ingredient-rutin","31":"product_cat-ingredient-selenium","32":"product_cat-ingredient-thiamin-vitamin-b1","33":"product_cat-ingredient-vitamin-a","34":"product_cat-ingredient-vitamin-b12","35":"product_cat-ingredient-vitamin-b6","36":"product_cat-ingredient-vitamin-c","37":"product_cat-ingredient-vitamin-d","38":"product_cat-ingredient-vitamin-e","39":"product_cat-ingredient-zinc","40":"product_cat-vitamins-minerals","41":"product_cat-circulatory","42":"product_cat-glandular","43":"product_tag-halal","44":"product_tag-kosher","45":"product_tag-non-gmo","47":"first","48":"instock","49":"sale","50":"taxable","51":"shipping-taxable","52":"purchasable","53":"product-type-simple"},"group_of_quantity":0,"min_quantity":0,"max_quantity":12,"exclude_order_quantity_value_rules":"no","exclude_category_quantity_rules":"no","combine_variations":"no","acf":[],"_links":{"self":[{"href":"https:\/\/caringsunshine.com\/es\/wp-json\/wp\/v2\/product\/1773","targetHints":{"allow":["GET"]}}],"collection":[{"href":"https:\/\/caringsunshine.com\/es\/wp-json\/wp\/v2\/product"}],"about":[{"href":"https:\/\/caringsunshine.com\/es\/wp-json\/wp\/v2\/types\/product"}],"replies":[{"embeddable":true,"href":"https:\/\/caringsunshine.com\/es\/wp-json\/wp\/v2\/comments?post=1773"}],"version-history":[{"count":1,"href":"https:\/\/caringsunshine.com\/es\/wp-json\/wp\/v2\/product\/1773\/revisions"}],"predecessor-version":[{"id":3615129,"href":"https:\/\/caringsunshine.com\/es\/wp-json\/wp\/v2\/product\/1773\/revisions\/3615129"}],"wp:featuredmedia":[{"embeddable":true,"href":"https:\/\/caringsunshine.com\/es\/wp-json\/wp\/v2\/media\/2885819"}],"wp:attachment":[{"href":"https:\/\/caringsunshine.com\/es\/wp-json\/wp\/v2\/media?parent=1773"}],"wp:term":[{"taxonomy":"product_brand","embeddable":true,"href":"https:\/\/caringsunshine.com\/es\/wp-json\/wp\/v2\/product_brand?post=1773"},{"taxonomy":"product_cat","embeddable":true,"href":"https:\/\/caringsunshine.com\/es\/wp-json\/wp\/v2\/product_cat?post=1773"},{"taxonomy":"product_tag","embeddable":true,"href":"https:\/\/caringsunshine.com\/es\/wp-json\/wp\/v2\/product_tag?post=1773"}],"curies":[{"name":"wp","href":"https:\/\/api.w.org\/{rel}","templated":true}]}}