{"id":175,"date":"1999-12-31T16:00:00","date_gmt":"2000-01-01T00:00:00","guid":{"rendered":"http:\/\/caringsunshine.com\/supplements\/NaturesSunshine\/products\/papaya-mint.aspx"},"modified":"2026-04-19T00:37:09","modified_gmt":"2026-04-19T07:37:09","slug":"papaya-mint","status":"publish","type":"product","link":"https:\/\/caringsunshine.com\/es\/supplements\/NaturesSunshine\/products\/papaya-mint.aspx\/","title":{"rendered":"Papaya y menta"},"content":{"rendered":"<p>Los comprimidos masticables de papaya y menta de Nature's Sunshine tienen un doble prop\u00f3sito. En primer lugar, proporcionan alimento al sistema digestivo y, en segundo lugar, funcionan como una menta para el aliento. Una enzima en la papaya llamada papa\u00edna descompone las prote\u00ednas para una mejor digesti\u00f3n, mientras que la menta en la f\u00f3rmula ayuda a producir fluidos digestivos. Los comprimidos masticables de Papaya Menta contienen fruta de papaya, hojas de menta, fructosa, y sorbitol.<\/p>","protected":false},"excerpt":{"rendered":"<p>70 comprimidos masticables<\/p>","protected":false},"featured_media":2886894,"comment_status":"open","ping_status":"closed","template":"","meta":{"_acf_changed":false,"footnotes":""},"product_brand":[],"product_cat":[28,15,9,15410,15453,26337,85],"product_tag":[3102,3101,3100],"class_list":{"0":"post-175","1":"product","2":"type-product","3":"status-publish","4":"has-post-thumbnail","6":"product_cat-food-enzymes","7":"product_cat-herbs","8":"product_cat-digestive-health","9":"product_cat-ingredient-papaya","10":"product_cat-ingredient-peppermint","11":"product_cat-ingredient-silicon-dioxide","12":"product_cat-digestive","13":"product_tag-halal","14":"product_tag-kosher","15":"product_tag-non-gmo","17":"first","18":"instock","19":"sale","20":"taxable","21":"shipping-taxable","22":"purchasable","23":"product-type-simple"},"group_of_quantity":0,"min_quantity":0,"max_quantity":12,"exclude_order_quantity_value_rules":"no","exclude_category_quantity_rules":"no","combine_variations":"no","acf":[],"_links":{"self":[{"href":"https:\/\/caringsunshine.com\/es\/wp-json\/wp\/v2\/product\/175","targetHints":{"allow":["GET"]}}],"collection":[{"href":"https:\/\/caringsunshine.com\/es\/wp-json\/wp\/v2\/product"}],"about":[{"href":"https:\/\/caringsunshine.com\/es\/wp-json\/wp\/v2\/types\/product"}],"replies":[{"embeddable":true,"href":"https:\/\/caringsunshine.com\/es\/wp-json\/wp\/v2\/comments?post=175"}],"version-history":[{"count":1,"href":"https:\/\/caringsunshine.com\/es\/wp-json\/wp\/v2\/product\/175\/revisions"}],"predecessor-version":[{"id":3650559,"href":"https:\/\/caringsunshine.com\/es\/wp-json\/wp\/v2\/product\/175\/revisions\/3650559"}],"wp:featuredmedia":[{"embeddable":true,"href":"https:\/\/caringsunshine.com\/es\/wp-json\/wp\/v2\/media\/2886894"}],"wp:attachment":[{"href":"https:\/\/caringsunshine.com\/es\/wp-json\/wp\/v2\/media?parent=175"}],"wp:term":[{"taxonomy":"product_brand","embeddable":true,"href":"https:\/\/caringsunshine.com\/es\/wp-json\/wp\/v2\/product_brand?post=175"},{"taxonomy":"product_cat","embeddable":true,"href":"https:\/\/caringsunshine.com\/es\/wp-json\/wp\/v2\/product_cat?post=175"},{"taxonomy":"product_tag","embeddable":true,"href":"https:\/\/caringsunshine.com\/es\/wp-json\/wp\/v2\/product_tag?post=175"}],"curies":[{"name":"wp","href":"https:\/\/api.w.org\/{rel}","templated":true}]}}