{"id":1734,"date":"1999-12-31T21:00:00","date_gmt":"2000-01-01T05:00:00","guid":{"rendered":"http:\/\/caringsunshine.com\/supplements\/NaturesSunshine\/products\/x-action-reloaded.aspx"},"modified":"2026-04-18T18:01:36","modified_gmt":"2026-04-19T01:01:36","slug":"x-action-reloaded","status":"publish","type":"product","link":"https:\/\/caringsunshine.com\/es\/supplements\/NaturesSunshine\/products\/x-action-reloaded.aspx\/","title":{"rendered":"X-Action Reloaded para hombres"},"content":{"rendered":"<p>Men's X-Action Reloaded de Nature's Sunshine apoya la salud y vitalidad sexual masculino para conducir a una mayor intimidad y relaciones m\u00e1s fuertes. Debido a que la edad, el estr\u00e9s, y otros factores pueden afectar la intimidad y poner presi\u00f3n en una relaci\u00f3n que por lo dem\u00e1s es saludable, Men's X-Action Reloaded contiene una mezcla patentada que ofrece apoyo a la salud sexual masculina de tres maneras: apoya el flujo sangu\u00edneo, el deseo sexual, y la respuesta sexual prolongada. No dejar que la vida le reste importancia a su relaci\u00f3n: \u00a1obtenger hoy mismo X-Action Reloaded de Nature's Sunshine para hombres!<\/p>\n<p>Esta f\u00f3rmula contiene l-arginina, hoja de damiana, extracto de tallo de muira puama, extracto de paja de avena, fruto de saw palmetto, extracto de hoja de epimedium estandarizado por su contenido en icariina, extracto de ra\u00edz de maca, extracto de fruto de granada, extracto de corteza de ra\u00edz de yohimbe, y DHEA.<\/p>\n<p>NOTA: Consultar a un m\u00e9dico si tiene alguna condici\u00f3n m\u00e9dica conocida, en particular las que afectan a la presi\u00f3n arterial, la sensibilidad hormonal, el coraz\u00f3n, el h\u00edgado, o el ri\u00f1\u00f3n. Consultar a un m\u00e9dico si est\u00e1 tomando alg\u00fan medicamento, en particular los que afectan a la presi\u00f3n arterial, las condiciones card\u00edacas, la diabetes, la depresi\u00f3n, o la disfunci\u00f3n er\u00e9ctil. Suspender su uso si aparecen s\u00edntomas molestos. No exceder la dosis recomendada. No debe ser utilizado por personas menores de 18 a\u00f1os y\/o mujeres embarazadas o en per\u00edodo de lactancia. Mantener fuera del alcance de los ni\u00f1os.<\/p>","protected":false},"excerpt":{"rendered":"<p>60 c\u00e1psulas<\/p>","protected":false},"featured_media":2911212,"comment_status":"open","ping_status":"closed","template":"","meta":{"_acf_changed":false,"footnotes":""},"product_brand":[],"product_cat":[18,14058,14100,24739,14711,14893,15091,25708,15582,15808,16288,86,75],"product_tag":[3100,146],"class_list":{"0":"post-1734","1":"product","2":"type-product","3":"status-publish","4":"has-post-thumbnail","6":"product_cat-men-health","7":"product_cat-ingredient-damiana","8":"product_cat-ingredient-dhea-dehydroepiandrosterone","9":"product_cat-ingredient-epimedium","10":"product_cat-ingredient-horny-goat-weed","11":"product_cat-ingredient-l-alanine","12":"product_cat-ingredient-maca","13":"product_cat-ingredient-oat-straw","14":"product_cat-ingredient-pomegranate","15":"product_cat-ingredient-saw-palmetto","16":"product_cat-ingredient-yohimbe","17":"product_cat-glandular","18":"product_cat-sexual-intimacy","19":"product_tag-non-gmo","20":"product_tag-organic","22":"first","23":"instock","24":"sale","25":"taxable","26":"shipping-taxable","27":"purchasable","28":"product-type-simple"},"group_of_quantity":0,"min_quantity":0,"max_quantity":12,"exclude_order_quantity_value_rules":"no","exclude_category_quantity_rules":"no","combine_variations":"no","acf":[],"_links":{"self":[{"href":"https:\/\/caringsunshine.com\/es\/wp-json\/wp\/v2\/product\/1734","targetHints":{"allow":["GET"]}}],"collection":[{"href":"https:\/\/caringsunshine.com\/es\/wp-json\/wp\/v2\/product"}],"about":[{"href":"https:\/\/caringsunshine.com\/es\/wp-json\/wp\/v2\/types\/product"}],"replies":[{"embeddable":true,"href":"https:\/\/caringsunshine.com\/es\/wp-json\/wp\/v2\/comments?post=1734"}],"version-history":[{"count":1,"href":"https:\/\/caringsunshine.com\/es\/wp-json\/wp\/v2\/product\/1734\/revisions"}],"predecessor-version":[{"id":3651190,"href":"https:\/\/caringsunshine.com\/es\/wp-json\/wp\/v2\/product\/1734\/revisions\/3651190"}],"wp:featuredmedia":[{"embeddable":true,"href":"https:\/\/caringsunshine.com\/es\/wp-json\/wp\/v2\/media\/2911212"}],"wp:attachment":[{"href":"https:\/\/caringsunshine.com\/es\/wp-json\/wp\/v2\/media?parent=1734"}],"wp:term":[{"taxonomy":"product_brand","embeddable":true,"href":"https:\/\/caringsunshine.com\/es\/wp-json\/wp\/v2\/product_brand?post=1734"},{"taxonomy":"product_cat","embeddable":true,"href":"https:\/\/caringsunshine.com\/es\/wp-json\/wp\/v2\/product_cat?post=1734"},{"taxonomy":"product_tag","embeddable":true,"href":"https:\/\/caringsunshine.com\/es\/wp-json\/wp\/v2\/product_tag?post=1734"}],"curies":[{"name":"wp","href":"https:\/\/api.w.org\/{rel}","templated":true}]}}