{"id":17272,"date":"2017-04-25T05:06:42","date_gmt":"2017-04-25T12:06:42","guid":{"rendered":"https:\/\/caringsunshine.com\/supplements\/NaturesSunshine\/products\/liquid-methyl-vitamin-b-12-complete.aspx"},"modified":"2026-04-17T01:01:44","modified_gmt":"2026-04-17T08:01:44","slug":"liquid-methyl-vitamin-b-12-complete","status":"publish","type":"product","link":"https:\/\/caringsunshine.com\/es\/supplements\/NaturesSunshine\/products\/liquid-methyl-vitamin-b-12-complete.aspx\/","title":{"rendered":"L\u00edquido - Metil Vitamina B-12 Completa"},"content":{"rendered":"<p>Las vitaminas del grupo B ayudan a promover la energ\u00eda, mantener el sistema nervioso, apoyar las funciones inmunitarias, y amortiguar los efectos del estr\u00e9s. En particular, las vitaminas B influyen la salud de la mayor\u00eda de los \u00f3rganos internos del cuerpo. Vitaminas pueden ser obtenidos por la dieta, pero algunas de ellas, especialmente las vitaminas B y C, se pierden o destruyen f\u00e1cilmente durante la cocci\u00f3n y el procesamiento. Las vitaminas B l\u00edquidas son especialmente importantes para los vegetarianos porque las fuentes diet\u00e9ticas de vitamina B12 generalmente son de origen animal.<\/p>","protected":false},"excerpt":{"rendered":"<p>2 fl oz<\/p>","protected":false},"featured_media":2930888,"comment_status":"open","ping_status":"closed","template":"","meta":{"_acf_changed":false,"footnotes":""},"product_brand":[],"product_cat":[10,1,13889,15111,15303,15725,16072,16209,16210,53,34,21,90],"product_tag":[],"class_list":{"0":"post-17272","1":"product","2":"type-product","3":"status-publish","4":"has-post-thumbnail","6":"product_cat-energy","7":"product_cat-allergy-immune","8":"product_cat-ingredient-citric-acid","9":"product_cat-ingredient-malic-acid","10":"product_cat-ingredient-niacin-vitamin-b3","11":"product_cat-ingredient-riboflavin-vitamin-b2","12":"product_cat-ingredient-thiamin-vitamin-b1","13":"product_cat-ingredient-vitamin-b12","14":"product_cat-ingredient-vitamin-b6","15":"product_cat-stress-relaxation","16":"product_cat-vitamins","17":"product_cat-vitamins-minerals","18":"product_cat-nervous","20":"first","21":"instock","22":"sale","23":"taxable","24":"shipping-taxable","25":"purchasable","26":"product-type-simple"},"group_of_quantity":0,"min_quantity":0,"max_quantity":12,"exclude_order_quantity_value_rules":"no","exclude_category_quantity_rules":"no","combine_variations":"no","acf":[],"_links":{"self":[{"href":"https:\/\/caringsunshine.com\/es\/wp-json\/wp\/v2\/product\/17272","targetHints":{"allow":["GET"]}}],"collection":[{"href":"https:\/\/caringsunshine.com\/es\/wp-json\/wp\/v2\/product"}],"about":[{"href":"https:\/\/caringsunshine.com\/es\/wp-json\/wp\/v2\/types\/product"}],"replies":[{"embeddable":true,"href":"https:\/\/caringsunshine.com\/es\/wp-json\/wp\/v2\/comments?post=17272"}],"version-history":[{"count":1,"href":"https:\/\/caringsunshine.com\/es\/wp-json\/wp\/v2\/product\/17272\/revisions"}],"predecessor-version":[{"id":3643682,"href":"https:\/\/caringsunshine.com\/es\/wp-json\/wp\/v2\/product\/17272\/revisions\/3643682"}],"wp:featuredmedia":[{"embeddable":true,"href":"https:\/\/caringsunshine.com\/es\/wp-json\/wp\/v2\/media\/2930888"}],"wp:attachment":[{"href":"https:\/\/caringsunshine.com\/es\/wp-json\/wp\/v2\/media?parent=17272"}],"wp:term":[{"taxonomy":"product_brand","embeddable":true,"href":"https:\/\/caringsunshine.com\/es\/wp-json\/wp\/v2\/product_brand?post=17272"},{"taxonomy":"product_cat","embeddable":true,"href":"https:\/\/caringsunshine.com\/es\/wp-json\/wp\/v2\/product_cat?post=17272"},{"taxonomy":"product_tag","embeddable":true,"href":"https:\/\/caringsunshine.com\/es\/wp-json\/wp\/v2\/product_tag?post=17272"}],"curies":[{"name":"wp","href":"https:\/\/api.w.org\/{rel}","templated":true}]}}