{"id":17269,"date":"2017-04-25T05:03:54","date_gmt":"2017-04-25T12:03:54","guid":{"rendered":"https:\/\/caringsunshine.com\/supplements\/NaturesSunshine\/products\/hand-body-lotion.aspx"},"modified":"2026-04-27T00:27:42","modified_gmt":"2026-04-27T07:27:42","slug":"hand-body-lotion","status":"publish","type":"product","link":"https:\/\/caringsunshine.com\/es\/supplements\/NaturesSunshine\/products\/hand-body-lotion.aspx\/","title":{"rendered":"Hand &amp; Body Lotion (DISCONTINUED)"},"content":{"rendered":"<p><strong>NOTA: Esta no es la Loci\u00f3n de Masaje Tei-Fu. <\/strong><\/p>\n<h4>Beneficios:<\/h4>\n<ul>\n<li>Hidrata la piel<\/li>\n<li>No es graso y se absorbe r\u00e1pidamente<\/li>\n<li>Proporciona una base sin fragancia que se puede personalizar con Aceites Esenciales Aut\u00e9nticos<\/li>\n<li>Est\u00e1 comprobado por un dermat\u00f3logo que es seguro y al\u00e9rgico<\/li>\n<\/ul>\n<h4>C\u00f3mo funciona:<\/h4>\n<p>Esta loci\u00f3n totalmente natural ha sido dise\u00f1ada para ser tanto una loci\u00f3n independiente para manos y cuerpo COMO una base perfecta para mezclar y preparar los aceites esenciales aut\u00e9nticos de Nature's Sunshine para una amplia gama de aplicaciones arom\u00e1ticas.<\/p>","protected":false},"excerpt":{"rendered":"<p>6 oz<\/p>","protected":false},"featured_media":3262169,"comment_status":"open","ping_status":"closed","template":"","meta":{"_acf_changed":false,"footnotes":""},"product_brand":[],"product_cat":[3,46,13703,25722,83],"product_tag":[],"class_list":{"0":"post-17269","1":"product","2":"type-product","3":"status-publish","4":"has-post-thumbnail","6":"product_cat-beauty-skin-care","7":"product_cat-oil-accessories","8":"product_cat-ingredient-caprylic-acid","9":"product_cat-ingredient-olive-oil","10":"product_cat-personal-care","12":"first","13":"onbackorder","14":"sale","15":"taxable","16":"shipping-taxable","17":"purchasable","18":"product-type-simple"},"group_of_quantity":0,"min_quantity":0,"max_quantity":12,"exclude_order_quantity_value_rules":"no","exclude_category_quantity_rules":"no","combine_variations":"no","acf":[],"_links":{"self":[{"href":"https:\/\/caringsunshine.com\/es\/wp-json\/wp\/v2\/product\/17269","targetHints":{"allow":["GET"]}}],"collection":[{"href":"https:\/\/caringsunshine.com\/es\/wp-json\/wp\/v2\/product"}],"about":[{"href":"https:\/\/caringsunshine.com\/es\/wp-json\/wp\/v2\/types\/product"}],"replies":[{"embeddable":true,"href":"https:\/\/caringsunshine.com\/es\/wp-json\/wp\/v2\/comments?post=17269"}],"version-history":[{"count":1,"href":"https:\/\/caringsunshine.com\/es\/wp-json\/wp\/v2\/product\/17269\/revisions"}],"predecessor-version":[{"id":3613639,"href":"https:\/\/caringsunshine.com\/es\/wp-json\/wp\/v2\/product\/17269\/revisions\/3613639"}],"wp:featuredmedia":[{"embeddable":true,"href":"https:\/\/caringsunshine.com\/es\/wp-json\/wp\/v2\/media\/3262169"}],"wp:attachment":[{"href":"https:\/\/caringsunshine.com\/es\/wp-json\/wp\/v2\/media?parent=17269"}],"wp:term":[{"taxonomy":"product_brand","embeddable":true,"href":"https:\/\/caringsunshine.com\/es\/wp-json\/wp\/v2\/product_brand?post=17269"},{"taxonomy":"product_cat","embeddable":true,"href":"https:\/\/caringsunshine.com\/es\/wp-json\/wp\/v2\/product_cat?post=17269"},{"taxonomy":"product_tag","embeddable":true,"href":"https:\/\/caringsunshine.com\/es\/wp-json\/wp\/v2\/product_tag?post=17269"}],"curies":[{"name":"wp","href":"https:\/\/api.w.org\/{rel}","templated":true}]}}