{"id":170,"date":"1999-12-31T16:00:00","date_gmt":"2000-01-01T00:00:00","guid":{"rendered":"http:\/\/caringsunshine.com\/supplements\/NaturesSunshine\/products\/milk-thistle-combination.aspx"},"modified":"2026-04-24T02:36:53","modified_gmt":"2026-04-24T09:36:53","slug":"milk-thistle-combination","status":"publish","type":"product","link":"https:\/\/caringsunshine.com\/es\/supplements\/NaturesSunshine\/products\/milk-thistle-combination.aspx\/","title":{"rendered":"Combinaci\u00f3n de cardo mariano"},"content":{"rendered":"<p>La Combinaci\u00f3n de Cardo Mariano de Nature's Sunshine, antes conocida como N-Acetil-Ciste\u00edna (NAC), nutre el h\u00edgado y le permite realizar sus m\u00e1s de 500 funciones esenciales. La combinaci\u00f3n de cardo mariano favorece la producci\u00f3n de glutati\u00f3n, una sustancia que elimina las toxinas del organismo. La f\u00f3rmula tambi\u00e9n contiene antioxidantes que protegen de las toxinas. Adem\u00e1s, Milk Thistle Combination contiene silimarina, una sustancia que estabiliza las membranas celulares y previene el da\u00f1o a los tejidos por la ingesta de toxinas.<\/p>","protected":false},"excerpt":{"rendered":"<p>90 comprimidos<\/p>","protected":false},"featured_media":2885843,"comment_status":"open","ping_status":"closed","template":"","meta":{"_acf_changed":false,"footnotes":""},"product_brand":[],"product_cat":[2,15,13856,14060,14785,15199,15271,26337,16207,16211,87,3089],"product_tag":[3102,3101,146],"class_list":{"0":"post-170","1":"product","2":"type-product","3":"status-publish","4":"has-post-thumbnail","6":"product_cat-antioxidants","7":"product_cat-herbs","8":"product_cat-ingredient-choline","9":"product_cat-ingredient-dandelion","10":"product_cat-ingredient-inositol","11":"product_cat-ingredient-milk-thistle","12":"product_cat-ingredient-n-acetyl-cysteine-nac","13":"product_cat-ingredient-silicon-dioxide","14":"product_cat-ingredient-vitamin-a","15":"product_cat-ingredient-vitamin-c","16":"product_cat-hepatic","17":"product_cat-liver-detoxification","18":"product_tag-halal","19":"product_tag-kosher","20":"product_tag-organic","22":"first","23":"instock","24":"sale","25":"taxable","26":"shipping-taxable","27":"purchasable","28":"product-type-simple"},"group_of_quantity":0,"min_quantity":0,"max_quantity":12,"exclude_order_quantity_value_rules":"no","exclude_category_quantity_rules":"no","combine_variations":"no","acf":[],"_links":{"self":[{"href":"https:\/\/caringsunshine.com\/es\/wp-json\/wp\/v2\/product\/170","targetHints":{"allow":["GET"]}}],"collection":[{"href":"https:\/\/caringsunshine.com\/es\/wp-json\/wp\/v2\/product"}],"about":[{"href":"https:\/\/caringsunshine.com\/es\/wp-json\/wp\/v2\/types\/product"}],"replies":[{"embeddable":true,"href":"https:\/\/caringsunshine.com\/es\/wp-json\/wp\/v2\/comments?post=170"}],"version-history":[{"count":1,"href":"https:\/\/caringsunshine.com\/es\/wp-json\/wp\/v2\/product\/170\/revisions"}],"predecessor-version":[{"id":3372042,"href":"https:\/\/caringsunshine.com\/es\/wp-json\/wp\/v2\/product\/170\/revisions\/3372042"}],"wp:featuredmedia":[{"embeddable":true,"href":"https:\/\/caringsunshine.com\/es\/wp-json\/wp\/v2\/media\/2885843"}],"wp:attachment":[{"href":"https:\/\/caringsunshine.com\/es\/wp-json\/wp\/v2\/media?parent=170"}],"wp:term":[{"taxonomy":"product_brand","embeddable":true,"href":"https:\/\/caringsunshine.com\/es\/wp-json\/wp\/v2\/product_brand?post=170"},{"taxonomy":"product_cat","embeddable":true,"href":"https:\/\/caringsunshine.com\/es\/wp-json\/wp\/v2\/product_cat?post=170"},{"taxonomy":"product_tag","embeddable":true,"href":"https:\/\/caringsunshine.com\/es\/wp-json\/wp\/v2\/product_tag?post=170"}],"curies":[{"name":"wp","href":"https:\/\/api.w.org\/{rel}","templated":true}]}}