{"id":169,"date":"1999-12-31T16:00:00","date_gmt":"2000-01-01T00:00:00","guid":{"rendered":"http:\/\/caringsunshine.com\/supplements\/NaturesSunshine\/products\/mens-formula-with-lycopene.aspx"},"modified":"2026-04-17T15:21:37","modified_gmt":"2026-04-17T22:21:37","slug":"mens-formula-with-lycopene","status":"publish","type":"product","link":"https:\/\/caringsunshine.com\/es\/supplements\/NaturesSunshine\/products\/mens-formula-with-lycopene.aspx\/","title":{"rendered":"F\u00f3rmula para hombres (con licopeno)"},"content":{"rendered":"<p>Nature's Sunshine Men's Formula with Lycopene combina hierbas que contienen nutrientes cr\u00edticos para la gl\u00e1ndula prost\u00e1tica, especialmente para los hombres mayores de 40 a\u00f1os. La f\u00f3rmula contiene extracto de palmetto, semillas de calabaza, extracto de corteza de pygeum, partes a\u00e9reas de gotu kola, concentrado de licopeno, y extracto de ortiga. Cada hierba de Men's Formula with Lycopene ofrece sus beneficios \u00fanicos, como el saw palmetto y el licopeno que ambos protegen la pr\u00f3stata.<\/p>","protected":false},"excerpt":{"rendered":"<p>60 c\u00e1psulas<\/p>","protected":false},"featured_media":2830793,"comment_status":"open","ping_status":"closed","template":"","meta":{"_acf_changed":false,"footnotes":""},"product_brand":[],"product_cat":[15,18,14607,15081,15643,15661,15808,26482,16300,21,71,86],"product_tag":[3102,3101,3100],"class_list":{"0":"post-169","1":"product","2":"type-product","3":"status-publish","4":"has-post-thumbnail","6":"product_cat-herbs","7":"product_cat-men-health","8":"product_cat-ingredient-gotu-kola","9":"product_cat-ingredient-lycopene","10":"product_cat-ingredient-pumpkin","11":"product_cat-ingredient-pygeum","12":"product_cat-ingredient-saw-palmetto","13":"product_cat-ingredient-stinging-nettle","14":"product_cat-ingredient-zinc","15":"product_cat-vitamins-minerals","16":"product_cat-cellular","17":"product_cat-glandular","18":"product_tag-halal","19":"product_tag-kosher","20":"product_tag-non-gmo","22":"first","23":"instock","24":"sale","25":"taxable","26":"shipping-taxable","27":"purchasable","28":"product-type-simple"},"group_of_quantity":0,"min_quantity":0,"max_quantity":"","exclude_order_quantity_value_rules":"no","exclude_category_quantity_rules":"no","combine_variations":"no","acf":[],"_links":{"self":[{"href":"https:\/\/caringsunshine.com\/es\/wp-json\/wp\/v2\/product\/169","targetHints":{"allow":["GET"]}}],"collection":[{"href":"https:\/\/caringsunshine.com\/es\/wp-json\/wp\/v2\/product"}],"about":[{"href":"https:\/\/caringsunshine.com\/es\/wp-json\/wp\/v2\/types\/product"}],"replies":[{"embeddable":true,"href":"https:\/\/caringsunshine.com\/es\/wp-json\/wp\/v2\/comments?post=169"}],"version-history":[{"count":1,"href":"https:\/\/caringsunshine.com\/es\/wp-json\/wp\/v2\/product\/169\/revisions"}],"predecessor-version":[{"id":3643671,"href":"https:\/\/caringsunshine.com\/es\/wp-json\/wp\/v2\/product\/169\/revisions\/3643671"}],"wp:featuredmedia":[{"embeddable":true,"href":"https:\/\/caringsunshine.com\/es\/wp-json\/wp\/v2\/media\/2830793"}],"wp:attachment":[{"href":"https:\/\/caringsunshine.com\/es\/wp-json\/wp\/v2\/media?parent=169"}],"wp:term":[{"taxonomy":"product_brand","embeddable":true,"href":"https:\/\/caringsunshine.com\/es\/wp-json\/wp\/v2\/product_brand?post=169"},{"taxonomy":"product_cat","embeddable":true,"href":"https:\/\/caringsunshine.com\/es\/wp-json\/wp\/v2\/product_cat?post=169"},{"taxonomy":"product_tag","embeddable":true,"href":"https:\/\/caringsunshine.com\/es\/wp-json\/wp\/v2\/product_tag?post=169"}],"curies":[{"name":"wp","href":"https:\/\/api.w.org\/{rel}","templated":true}]}}