{"id":168,"date":"1999-12-31T16:00:00","date_gmt":"2000-01-01T00:00:00","guid":{"rendered":"http:\/\/caringsunshine.com\/supplements\/NaturesSunshine\/products\/small-intestine-detox.aspx"},"modified":"2026-04-08T01:09:55","modified_gmt":"2026-04-08T08:09:55","slug":"small-intestine-detox","status":"publish","type":"product","link":"https:\/\/caringsunshine.com\/es\/supplements\/NaturesSunshine\/products\/small-intestine-detox.aspx\/","title":{"rendered":"Desintoxicaci\u00f3n del intestino delgado"},"content":{"rendered":"<p>Small Intestine Detox de Nature's Sunshine estimula los procesos de limpieza del sistema digestivo. La f\u00f3rmula contiene malvavisco, una hierba de alto contenido de muc\u00edlago, para ayudar a calmar los tejidos digestivos. Small Intestine Detox tambi\u00e9n contiene pepsina para ayudar a la digesti\u00f3n de las prote\u00ednas.<\/p>","protected":false},"excerpt":{"rendered":"<p>100 c\u00e1psulas<\/p>","protected":false},"featured_media":2887513,"comment_status":"open","ping_status":"closed","template":"","meta":{"_acf_changed":false,"footnotes":""},"product_brand":[],"product_cat":[29,15,9,15145,15454,85],"product_tag":[],"class_list":{"0":"post-168","1":"product","2":"type-product","3":"status-publish","4":"has-post-thumbnail","6":"product_cat-colon-cleansing","7":"product_cat-herbs","8":"product_cat-digestive-health","9":"product_cat-ingredient-marshmallow","10":"product_cat-ingredient-pepsin","11":"product_cat-digestive","13":"first","14":"instock","15":"sale","16":"taxable","17":"shipping-taxable","18":"purchasable","19":"product-type-simple"},"group_of_quantity":0,"min_quantity":0,"max_quantity":12,"exclude_order_quantity_value_rules":"no","exclude_category_quantity_rules":"no","combine_variations":"no","acf":[],"_links":{"self":[{"href":"https:\/\/caringsunshine.com\/es\/wp-json\/wp\/v2\/product\/168","targetHints":{"allow":["GET"]}}],"collection":[{"href":"https:\/\/caringsunshine.com\/es\/wp-json\/wp\/v2\/product"}],"about":[{"href":"https:\/\/caringsunshine.com\/es\/wp-json\/wp\/v2\/types\/product"}],"replies":[{"embeddable":true,"href":"https:\/\/caringsunshine.com\/es\/wp-json\/wp\/v2\/comments?post=168"}],"version-history":[{"count":1,"href":"https:\/\/caringsunshine.com\/es\/wp-json\/wp\/v2\/product\/168\/revisions"}],"predecessor-version":[{"id":3650743,"href":"https:\/\/caringsunshine.com\/es\/wp-json\/wp\/v2\/product\/168\/revisions\/3650743"}],"wp:featuredmedia":[{"embeddable":true,"href":"https:\/\/caringsunshine.com\/es\/wp-json\/wp\/v2\/media\/2887513"}],"wp:attachment":[{"href":"https:\/\/caringsunshine.com\/es\/wp-json\/wp\/v2\/media?parent=168"}],"wp:term":[{"taxonomy":"product_brand","embeddable":true,"href":"https:\/\/caringsunshine.com\/es\/wp-json\/wp\/v2\/product_brand?post=168"},{"taxonomy":"product_cat","embeddable":true,"href":"https:\/\/caringsunshine.com\/es\/wp-json\/wp\/v2\/product_cat?post=168"},{"taxonomy":"product_tag","embeddable":true,"href":"https:\/\/caringsunshine.com\/es\/wp-json\/wp\/v2\/product_tag?post=168"}],"curies":[{"name":"wp","href":"https:\/\/api.w.org\/{rel}","templated":true}]}}