{"id":1667,"date":"1999-12-31T16:00:00","date_gmt":"2000-01-01T00:00:00","guid":{"rendered":"http:\/\/caringsunshine.com\/supplements\/NaturesSunshine\/products\/thaigo-2-pack-new.aspx"},"modified":"2026-04-08T01:06:38","modified_gmt":"2026-04-08T08:06:38","slug":"thaigo-2-pack-new","status":"publish","type":"product","link":"https:\/\/caringsunshine.com\/es\/supplements\/NaturesSunshine\/products\/thaigo-2-pack-new.aspx\/","title":{"rendered":"Zumo de mangost\u00e1n Thai-Go"},"content":{"rendered":"<p><span style=\"color: #555555;\">El Jugo de Mangost\u00e1n Thai-Go\u00ae de Nature's Sunshine combina algunas de las frutas y nutrientes m\u00e1s potentes del mundo. Lleno de xantonas, bioflavonoides, y antioxidantes, el Jugo de Mangost\u00e1n Thai-Go promueve la absorci\u00f3n correcta de la vitamina C, favorece la salud cardiovascular, apoya la funci\u00f3n capilar, mantiene el col\u00e1geno, y potencia los mecanismos de defensa del sistema inmunol\u00f3gico.<\/span><\/p>\n<p>El Thai-Go es rico en antioxidantes que neutralizan los radicales libres que recorren en el cuerpo. El potencial antioxidante de la f\u00f3rmula tiene un alto valor ORAC.<\/p>\n<p>La f\u00f3rmula incluye mangost\u00e1n, una fruta cultivada en los tr\u00f3picos y rica en xantonas. Las xantonas favorecen el sistema cardiovascular y el sistema inmunitario.<\/p>\n<p>Thai-Go se somete a las pruebas intensas de Nature's Sunshine y tambi\u00e9n las siguientes pruebas:<\/p>\n<p>ORAC (capacidad de absorci\u00f3n de radicales de ox\u00edgeno)<br \/>\nHORAC (Capacidad de evitar los radicales hidroxilos)<br \/>\nFEN\u00d3LICOS (sustancias antioxidantes vegetales)<br \/>\nBIOFLAVONOS (antioxidantes de la naturaleza)<br \/>\nXANTONAS (Compuestos vegetales activos que apoyan los sistemas corporales)<\/p>","protected":false},"excerpt":{"rendered":"<p>2 botellas<\/p>","protected":false},"featured_media":2918783,"comment_status":"open","ping_status":"closed","template":"","meta":{"_acf_changed":false,"footnotes":""},"product_brand":[],"product_cat":[1,2,10,14,13112,13275,13549,13614,24492,14594,14618,15126,15582,15688,26130,21,36,71],"product_tag":[],"class_list":{"0":"post-1667","1":"product","2":"type-product","3":"status-publish","4":"has-post-thumbnail","6":"product_cat-allergy-immune","7":"product_cat-antioxidants","8":"product_cat-energy","9":"product_cat-heart-health","10":"product_cat-ingredient-acai-berry","11":"product_cat-ingredient-apple","12":"product_cat-ingredient-blueberry","13":"product_cat-ingredient-buckthorn","14":"product_cat-ingredient-concord-grape","15":"product_cat-ingredient-goji-berry","16":"product_cat-ingredient-green-tea","17":"product_cat-ingredient-mangosteen","18":"product_cat-ingredient-pomegranate","19":"product_cat-ingredient-raspberry","20":"product_cat-ingredient-red-grape","21":"product_cat-vitamins-minerals","22":"product_cat-whole-food-supplements","23":"product_cat-cellular","25":"first","26":"instock","27":"sale","28":"taxable","29":"shipping-taxable","30":"purchasable","31":"product-type-simple"},"group_of_quantity":0,"min_quantity":0,"max_quantity":12,"exclude_order_quantity_value_rules":"no","exclude_category_quantity_rules":"no","combine_variations":"no","acf":[],"_links":{"self":[{"href":"https:\/\/caringsunshine.com\/es\/wp-json\/wp\/v2\/product\/1667","targetHints":{"allow":["GET"]}}],"collection":[{"href":"https:\/\/caringsunshine.com\/es\/wp-json\/wp\/v2\/product"}],"about":[{"href":"https:\/\/caringsunshine.com\/es\/wp-json\/wp\/v2\/types\/product"}],"replies":[{"embeddable":true,"href":"https:\/\/caringsunshine.com\/es\/wp-json\/wp\/v2\/comments?post=1667"}],"version-history":[{"count":2,"href":"https:\/\/caringsunshine.com\/es\/wp-json\/wp\/v2\/product\/1667\/revisions"}],"predecessor-version":[{"id":3397507,"href":"https:\/\/caringsunshine.com\/es\/wp-json\/wp\/v2\/product\/1667\/revisions\/3397507"}],"wp:featuredmedia":[{"embeddable":true,"href":"https:\/\/caringsunshine.com\/es\/wp-json\/wp\/v2\/media\/2918783"}],"wp:attachment":[{"href":"https:\/\/caringsunshine.com\/es\/wp-json\/wp\/v2\/media?parent=1667"}],"wp:term":[{"taxonomy":"product_brand","embeddable":true,"href":"https:\/\/caringsunshine.com\/es\/wp-json\/wp\/v2\/product_brand?post=1667"},{"taxonomy":"product_cat","embeddable":true,"href":"https:\/\/caringsunshine.com\/es\/wp-json\/wp\/v2\/product_cat?post=1667"},{"taxonomy":"product_tag","embeddable":true,"href":"https:\/\/caringsunshine.com\/es\/wp-json\/wp\/v2\/product_tag?post=1667"}],"curies":[{"name":"wp","href":"https:\/\/api.w.org\/{rel}","templated":true}]}}