{"id":1658,"date":"1999-12-31T16:00:00","date_gmt":"2000-01-01T00:00:00","guid":{"rendered":"http:\/\/caringsunshine.com\/supplements\/NaturesSunshine\/products\/urinary-pack.aspx"},"modified":"2026-04-18T00:33:10","modified_gmt":"2026-04-18T07:33:10","slug":"urinary-pack","status":"publish","type":"product","link":"https:\/\/caringsunshine.com\/es\/supplements\/NaturesSunshine\/products\/urinary-pack.aspx\/","title":{"rendered":"Sistema urinario"},"content":{"rendered":"<p>Urinary System Pack de Nature's Sunshine es un programa de 30 d\u00edas para fortalecer y mantener la funci\u00f3n adecuada del tracto urinario. Este programa apoya la filtraci\u00f3n del cuerpo, proporcionando potasio y sodio. Este programa de 30 d\u00edas tambi\u00e9n apoya a los ri\u00f1ones.<\/p>\n<p>Incluye:<\/p>\n<p><b>Urinary Maintenance<\/b><br \/>\nEsta combinaci\u00f3n de hierbas favorece el equilibrio delicado de fluidos y minerales controlado por los ri\u00f1ones y ayuda a promover la funci\u00f3n urinaria adecuada. Tambi\u00e9n contiene nutrientes que ayudan al cuerpo a adaptarse a situaciones de estr\u00e9s.<\/p>\n<p><b>Combination Potassium<\/b><br \/>\nAporta potasio para ayudar a mantener el equilibrio de l\u00edquidos y electrolitos en el organismo. El potasio es un componente cr\u00edtico del proceso de filtraci\u00f3n y excreci\u00f3n.<\/p>\n<p><b>KB-C TCM<\/b><br \/>\nEsta f\u00f3rmula tradicional china ayuda a los ri\u00f1ones a eliminar las toxinas mientras protege los minerales hidrosolubles que favorecen la integridad de los huesos. Tambi\u00e9n ayuda a mantener el equilibrio \u00e1cido-alcalino del cuerpo.<\/p>","protected":false},"excerpt":{"rendered":"<p>60 paquetes<\/p>","protected":false},"featured_media":2911537,"comment_status":"open","ping_status":"closed","template":"","meta":{"_acf_changed":false,"footnotes":""},"product_brand":[],"product_cat":[23,13166,13339,13351,13352,13409,13581,13604,13645,13802,13968,14060,24652,14179,14190,14299,14338,14514,25076,14715,14716,14727,14865,15101,15228,15417,15590,15601,15703,26252,26337,16007,16048,26695,16230,16247,94,93],"product_tag":[3100,146],"class_list":{"0":"post-1658","1":"product","2":"type-product","3":"status-publish","4":"has-post-thumbnail","6":"product_cat-womens-health","7":"product_cat-ingredient-alfalfa","8":"product_cat-ingredient-asparagus","9":"product_cat-ingredient-astragalus","10":"product_cat-ingredient-atractylodes","11":"product_cat-ingredient-barrenwort","12":"product_cat-ingredient-boxthorne","13":"product_cat-ingredient-broomrape","14":"product_cat-ingredient-cabbage-leaf","15":"product_cat-ingredient-chaff-flower","16":"product_cat-ingredient-cornsilk","17":"product_cat-ingredient-dandelion","18":"product_cat-ingredient-dipotassium-phosphate","19":"product_cat-ingredient-dong-quai-root","20":"product_cat-ingredient-dulse-leaf","21":"product_cat-ingredient-eucommia","22":"product_cat-ingredient-fern","23":"product_cat-ingredient-ginseng","24":"product_cat-ingredient-hoelen","25":"product_cat-ingredient-horseradish","26":"product_cat-ingredient-horsetail","27":"product_cat-ingredient-hydrangea","28":"product_cat-ingredient-kelp","29":"product_cat-ingredient-magnesium","30":"product_cat-ingredient-morinda","31":"product_cat-ingredient-parsley","32":"product_cat-ingredient-potassium","33":"product_cat-ingredient-privet","34":"product_cat-ingredient-rehmannia-glutinosa","35":"product_cat-ingredient-schisandra-chinensis","36":"product_cat-ingredient-silicon-dioxide","37":"product_cat-ingredient-sweetgums","38":"product_cat-ingredient-teasel","39":"product_cat-ingredient-uva-ursi","40":"product_cat-ingredient-watermelon","41":"product_cat-ingredient-wild-yam","42":"product_cat-system-packs","43":"product_cat-urinary","44":"product_tag-non-gmo","45":"product_tag-organic","47":"first","48":"instock","49":"sale","50":"taxable","51":"shipping-taxable","52":"purchasable","53":"product-type-simple"},"group_of_quantity":0,"min_quantity":0,"max_quantity":12,"exclude_order_quantity_value_rules":"no","exclude_category_quantity_rules":"no","combine_variations":"no","acf":[],"_links":{"self":[{"href":"https:\/\/caringsunshine.com\/es\/wp-json\/wp\/v2\/product\/1658","targetHints":{"allow":["GET"]}}],"collection":[{"href":"https:\/\/caringsunshine.com\/es\/wp-json\/wp\/v2\/product"}],"about":[{"href":"https:\/\/caringsunshine.com\/es\/wp-json\/wp\/v2\/types\/product"}],"replies":[{"embeddable":true,"href":"https:\/\/caringsunshine.com\/es\/wp-json\/wp\/v2\/comments?post=1658"}],"version-history":[{"count":2,"href":"https:\/\/caringsunshine.com\/es\/wp-json\/wp\/v2\/product\/1658\/revisions"}],"predecessor-version":[{"id":3651074,"href":"https:\/\/caringsunshine.com\/es\/wp-json\/wp\/v2\/product\/1658\/revisions\/3651074"}],"wp:featuredmedia":[{"embeddable":true,"href":"https:\/\/caringsunshine.com\/es\/wp-json\/wp\/v2\/media\/2911537"}],"wp:attachment":[{"href":"https:\/\/caringsunshine.com\/es\/wp-json\/wp\/v2\/media?parent=1658"}],"wp:term":[{"taxonomy":"product_brand","embeddable":true,"href":"https:\/\/caringsunshine.com\/es\/wp-json\/wp\/v2\/product_brand?post=1658"},{"taxonomy":"product_cat","embeddable":true,"href":"https:\/\/caringsunshine.com\/es\/wp-json\/wp\/v2\/product_cat?post=1658"},{"taxonomy":"product_tag","embeddable":true,"href":"https:\/\/caringsunshine.com\/es\/wp-json\/wp\/v2\/product_tag?post=1658"}],"curies":[{"name":"wp","href":"https:\/\/api.w.org\/{rel}","templated":true}]}}