{"id":1655,"date":"1999-12-31T16:00:00","date_gmt":"2000-01-01T00:00:00","guid":{"rendered":"http:\/\/caringsunshine.com\/supplements\/NaturesSunshine\/products\/nervous-pack.aspx"},"modified":"2026-04-16T00:39:49","modified_gmt":"2026-04-16T07:39:49","slug":"nervous-pack","status":"publish","type":"product","link":"https:\/\/caringsunshine.com\/es\/supplements\/NaturesSunshine\/products\/nervous-pack.aspx\/","title":{"rendered":"Sistema nervioso (programa de 30 d\u00edas)"},"content":{"rendered":"<p>Nature's Sunshine Nervous System Pack es un programa de 30 d\u00edas para calmar y relajar el cuerpo, reduciendo el estr\u00e9s y proveyendo un sue\u00f1o regenerador.<\/p>\n<p>Incluye:<\/p>\n<p><b>Stress-J<\/b><br \/>\nUna mezcla poderosa de cuatro hierbas calmantes conocidas por ayudar al funcionamiento correcto del sistema nervioso. Esta f\u00f3rmula \u00fanica promueve la relajaci\u00f3n y el bienestar.<\/p>\n<p><b>AdaptaMax\u00ae<\/b><br \/>\nEsta combinaci\u00f3n de hierbas adapt\u00f3genas ayuda al cuerpo a combatir y adaptarse a las situaciones de estr\u00e9s, incluyendo el estr\u00e9s al sistema inmunol\u00f3gico, la fatiga, y el envejecimiento relacionado con el estr\u00e9s.<\/p>\n<p><b>Nerve Eight\u00ae<\/b><br \/>\nEsta combinaci\u00f3n de ocho hierbas ayuda a mantener el funcionamiento sano del sistema nervioso, reducir el estr\u00e9s celular, fomentar el sue\u00f1o, y proporcionar apoyo al sistema digestivo.<\/p>\n<p><b>Nutri-Calm\u00ae<\/b><br \/>\nProvee vitaminas del complejo B, antioxidantes, y otros nutrientes esenciales que apoyan y calman el sistema nervioso y favorecen un sue\u00f1o sosegado.<\/p>","protected":false},"excerpt":{"rendered":"<p>60 paquetes<\/p>","protected":false},"featured_media":2911546,"comment_status":"open","ping_status":"closed","template":"","meta":{"_acf_changed":false,"footnotes":""},"product_brand":[],"product_cat":[53,2,15,13166,13336,13351,13421,13429,13502,13512,13645,13708,13739,13779,13805,13856,13863,14092,14230,14335,14347,14387,14506,14508,14514,14611,14682,14707,14785,14838,14865,14993,15145,15303,15355,15387,15407,15421,15704,15715,15725,15744,26252,26337,15994,16072,26621,16146,16169,16209,16210,16211,16243,16256,21,90,76,94],"product_tag":[],"class_list":{"0":"post-1655","1":"product","2":"type-product","3":"status-publish","4":"has-post-thumbnail","6":"product_cat-stress-relaxation","7":"product_cat-antioxidants","8":"product_cat-herbs","9":"product_cat-ingredient-alfalfa","10":"product_cat-ingredient-ashwagandha","11":"product_cat-ingredient-astragalus","12":"product_cat-ingredient-bee-pollen","13":"product_cat-ingredient-beet","14":"product_cat-ingredient-biotin","15":"product_cat-ingredient-black-cohosh","16":"product_cat-ingredient-cabbage-leaf","17":"product_cat-ingredient-capsicum","18":"product_cat-ingredient-carrot","19":"product_cat-ingredient-cellulase","20":"product_cat-ingredient-chamomile","21":"product_cat-ingredient-choline","22":"product_cat-ingredient-chromium","23":"product_cat-ingredient-devils-claw","24":"product_cat-ingredient-eleuthero","25":"product_cat-ingredient-fennel","26":"product_cat-ingredient-feverfew","27":"product_cat-ingredient-folate","28":"product_cat-ingredient-ginger","29":"product_cat-ingredient-ginkgo-biloba","30":"product_cat-ingredient-ginseng","31":"product_cat-ingredient-grapefruit","32":"product_cat-ingredient-hesperidin","33":"product_cat-ingredient-hops","34":"product_cat-ingredient-inositol","35":"product_cat-ingredient-jiaogulan","36":"product_cat-ingredient-kelp","37":"product_cat-ingredient-lemon","38":"product_cat-ingredient-marshmallow","39":"product_cat-ingredient-niacin-vitamin-b3","40":"product_cat-ingredient-orange","41":"product_cat-ingredient-paba-para-aminobenzoic-acid","42":"product_cat-ingredient-pantothenic-acid-vitamin-b5","43":"product_cat-ingredient-passionflower","44":"product_cat-ingredient-reishi-mushroom","45":"product_cat-ingredient-rhodiola","46":"product_cat-ingredient-riboflavin-vitamin-b2","47":"product_cat-ingredient-rosemary","48":"product_cat-ingredient-schisandra-chinensis","49":"product_cat-ingredient-silicon-dioxide","50":"product_cat-ingredient-suma","51":"product_cat-ingredient-thiamin-vitamin-b1","52":"product_cat-ingredient-tomato","53":"product_cat-ingredient-turmeric","54":"product_cat-ingredient-valerian-root","55":"product_cat-ingredient-vitamin-b12","56":"product_cat-ingredient-vitamin-b6","57":"product_cat-ingredient-vitamin-c","58":"product_cat-ingredient-white-willow","59":"product_cat-ingredient-wood-betony","60":"product_cat-vitamins-minerals","61":"product_cat-nervous","62":"product_cat-sleep-relaxation","63":"product_cat-system-packs","65":"first","66":"instock","67":"sale","68":"taxable","69":"shipping-taxable","70":"purchasable","71":"product-type-simple"},"group_of_quantity":0,"min_quantity":0,"max_quantity":12,"exclude_order_quantity_value_rules":"no","exclude_category_quantity_rules":"no","combine_variations":"no","acf":[],"_links":{"self":[{"href":"https:\/\/caringsunshine.com\/es\/wp-json\/wp\/v2\/product\/1655","targetHints":{"allow":["GET"]}}],"collection":[{"href":"https:\/\/caringsunshine.com\/es\/wp-json\/wp\/v2\/product"}],"about":[{"href":"https:\/\/caringsunshine.com\/es\/wp-json\/wp\/v2\/types\/product"}],"replies":[{"embeddable":true,"href":"https:\/\/caringsunshine.com\/es\/wp-json\/wp\/v2\/comments?post=1655"}],"version-history":[{"count":2,"href":"https:\/\/caringsunshine.com\/es\/wp-json\/wp\/v2\/product\/1655\/revisions"}],"predecessor-version":[{"id":3372039,"href":"https:\/\/caringsunshine.com\/es\/wp-json\/wp\/v2\/product\/1655\/revisions\/3372039"}],"wp:featuredmedia":[{"embeddable":true,"href":"https:\/\/caringsunshine.com\/es\/wp-json\/wp\/v2\/media\/2911546"}],"wp:attachment":[{"href":"https:\/\/caringsunshine.com\/es\/wp-json\/wp\/v2\/media?parent=1655"}],"wp:term":[{"taxonomy":"product_brand","embeddable":true,"href":"https:\/\/caringsunshine.com\/es\/wp-json\/wp\/v2\/product_brand?post=1655"},{"taxonomy":"product_cat","embeddable":true,"href":"https:\/\/caringsunshine.com\/es\/wp-json\/wp\/v2\/product_cat?post=1655"},{"taxonomy":"product_tag","embeddable":true,"href":"https:\/\/caringsunshine.com\/es\/wp-json\/wp\/v2\/product_tag?post=1655"}],"curies":[{"name":"wp","href":"https:\/\/api.w.org\/{rel}","templated":true}]}}