{"id":1652,"date":"1999-12-31T16:00:00","date_gmt":"2000-01-01T00:00:00","guid":{"rendered":"http:\/\/caringsunshine.com\/supplements\/NaturesSunshine\/products\/hepatic-pack.aspx"},"modified":"2026-04-08T00:47:23","modified_gmt":"2026-04-08T07:47:23","slug":"hepatic-pack","status":"publish","type":"product","link":"https:\/\/caringsunshine.com\/es\/supplements\/NaturesSunshine\/products\/hepatic-pack.aspx\/","title":{"rendered":"Sistema hep\u00e1tico"},"content":{"rendered":"<p>Nature's Sunshine Hepatic System Pack es un programa de 30 d\u00edas para apoyar y nutrir el h\u00edgado. Los productos de este paquete ayudan en el proceso de desintoxicaci\u00f3n y ayudan a eliminar las toxinas del cuerpo.<\/p>\n<p>Incluye:<\/p>\n<p><b>Combinaci\u00f3n de cardo mariano<\/b><br \/>\nProporciona nutrientes y antioxidantes que apoyan y protegen el h\u00edgado y sus funciones. La silimarina, que se encuentra en la planta de cardo mariano, ayuda al h\u00edgado a producir c\u00e9lulas y a proteger las c\u00e9lulas hep\u00e1ticas contra las toxinas.<\/p>\n<p><b>Equilibrio del h\u00edgado TCM<\/b><br \/>\nEsta f\u00f3rmula china contiene bupleurum, que se cree que ayuda a desintoxicar y reponer el h\u00edgado y que ayuda al flujo ascendente del chi, fortaleciendo as\u00ed el cuerpo contra el estr\u00e9s. Esta f\u00f3rmula favorece la circulaci\u00f3n, la digesti\u00f3n y la energ\u00eda en general.<\/p>\n<p><b>C\u00e1psulas de Psyllium Hulls<\/b><br \/>\nEl psilio es una fibra soluble con una notable capacidad para absorber agua y toxinas intestinales. Tambi\u00e9n puede ayudar a mantener los niveles de colesterol ya normales en el torrente sangu\u00edneo.<\/p>","protected":false},"excerpt":{"rendered":"<p>60 paquetes<\/p>","protected":false},"featured_media":2930920,"comment_status":"open","ping_status":"closed","template":"","meta":{"_acf_changed":false,"footnotes":""},"product_brand":[],"product_cat":[9,29,13352,13625,13753,13856,14060,14179,14506,14514,25076,14785,15021,15199,15271,15355,15450,26258,26337,16153,16207,16211,87,3089,94],"product_tag":[],"class_list":{"0":"post-1652","1":"product","2":"type-product","3":"status-publish","4":"has-post-thumbnail","6":"product_cat-digestive-health","7":"product_cat-colon-cleansing","8":"product_cat-ingredient-atractylodes","9":"product_cat-ingredient-bupleurum-falcatum","10":"product_cat-ingredient-cassia-bark","11":"product_cat-ingredient-choline","12":"product_cat-ingredient-dandelion","13":"product_cat-ingredient-dong-quai-root","14":"product_cat-ingredient-ginger","15":"product_cat-ingredient-ginseng","16":"product_cat-ingredient-hoelen","17":"product_cat-ingredient-inositol","18":"product_cat-ingredient-licorice-root","19":"product_cat-ingredient-milk-thistle","20":"product_cat-ingredient-n-acetyl-cysteine-nac","21":"product_cat-ingredient-orange","22":"product_cat-ingredient-peony","23":"product_cat-ingredient-scute-root","24":"product_cat-ingredient-silicon-dioxide","25":"product_cat-ingredient-typhonium","26":"product_cat-ingredient-vitamin-a","27":"product_cat-ingredient-vitamin-c","28":"product_cat-hepatic","29":"product_cat-liver-detoxification","30":"product_cat-system-packs","32":"first","33":"instock","34":"sale","35":"taxable","36":"shipping-taxable","37":"purchasable","38":"product-type-simple"},"group_of_quantity":0,"min_quantity":0,"max_quantity":12,"exclude_order_quantity_value_rules":"no","exclude_category_quantity_rules":"no","combine_variations":"no","acf":[],"_links":{"self":[{"href":"https:\/\/caringsunshine.com\/es\/wp-json\/wp\/v2\/product\/1652","targetHints":{"allow":["GET"]}}],"collection":[{"href":"https:\/\/caringsunshine.com\/es\/wp-json\/wp\/v2\/product"}],"about":[{"href":"https:\/\/caringsunshine.com\/es\/wp-json\/wp\/v2\/types\/product"}],"replies":[{"embeddable":true,"href":"https:\/\/caringsunshine.com\/es\/wp-json\/wp\/v2\/comments?post=1652"}],"version-history":[{"count":1,"href":"https:\/\/caringsunshine.com\/es\/wp-json\/wp\/v2\/product\/1652\/revisions"}],"predecessor-version":[{"id":3326155,"href":"https:\/\/caringsunshine.com\/es\/wp-json\/wp\/v2\/product\/1652\/revisions\/3326155"}],"wp:featuredmedia":[{"embeddable":true,"href":"https:\/\/caringsunshine.com\/es\/wp-json\/wp\/v2\/media\/2930920"}],"wp:attachment":[{"href":"https:\/\/caringsunshine.com\/es\/wp-json\/wp\/v2\/media?parent=1652"}],"wp:term":[{"taxonomy":"product_brand","embeddable":true,"href":"https:\/\/caringsunshine.com\/es\/wp-json\/wp\/v2\/product_brand?post=1652"},{"taxonomy":"product_cat","embeddable":true,"href":"https:\/\/caringsunshine.com\/es\/wp-json\/wp\/v2\/product_cat?post=1652"},{"taxonomy":"product_tag","embeddable":true,"href":"https:\/\/caringsunshine.com\/es\/wp-json\/wp\/v2\/product_tag?post=1652"}],"curies":[{"name":"wp","href":"https:\/\/api.w.org\/{rel}","templated":true}]}}