{"id":1649,"date":"1999-12-31T16:00:00","date_gmt":"2000-01-01T00:00:00","guid":{"rendered":"http:\/\/caringsunshine.com\/supplements\/NaturesSunshine\/products\/circulatory-pack.aspx"},"modified":"2026-04-17T00:32:55","modified_gmt":"2026-04-17T07:32:55","slug":"circulatory-pack","status":"publish","type":"product","link":"https:\/\/caringsunshine.com\/es\/supplements\/NaturesSunshine\/products\/circulatory-pack.aspx\/","title":{"rendered":"Sistema circulatorio"},"content":{"rendered":"<p>Circulatory System Pack de Nature's Sunshine es un programa de 30 d\u00edas formulado para apoyar la circulaci\u00f3n correcta y ayudar a proteger y nutrir el sistema cardiovascular.<\/p>\n<p>Incluye:<\/p>\n<p><b>Combinaci\u00f3n de Ginkgo y Espino Blanco<\/b><br \/>\nEl ginkgo biloba ayuda a aumentar la circulaci\u00f3n y tiene propiedades antioxidantes que favorecen la salud cardiovascular. Las bayas de espino contribuyen a la salud y al funcionamiento del m\u00fasculo card\u00edaco.<\/p>\n<p><b>Co-Q10 100 mg<\/b><br \/>\nNuestras c\u00e1psulas de gel contienen una mezcla \u00fanica de l\u00edpidos, pendiente de patente, que previene que la Co-Q10 se cristalice, mejorando la biodisponibilidad y la absorci\u00f3n de este nutriente vital. La Co-Q10 ayuda a proteger las c\u00e9lulas card\u00edacas y puede ayudar a mantener los niveles de presi\u00f3n arterial que ya est\u00e1n dentro del rango normal.<\/p>\n<p><b>Super Omega-3 EPA<\/b><br \/>\nSuper Omega-3 EPA aporta \u00e1cidos grasos esenciales que son buenos para la salud del coraz\u00f3n.<\/p>","protected":false},"excerpt":{"rendered":"<p>60 paquetes<\/p>","protected":false},"featured_media":2930878,"comment_status":"open","ping_status":"closed","template":"","meta":{"_acf_changed":false,"footnotes":""},"product_brand":[],"product_cat":[14,11,13924,14098,14251,14364,14508,14651,15342,21,84,94],"product_tag":[],"class_list":{"0":"post-1649","1":"product","2":"type-product","3":"status-publish","4":"has-post-thumbnail","6":"product_cat-heart-health","7":"product_cat-essential-fatty-acids","8":"product_cat-ingredient-coenzyme-q10-coq10","9":"product_cat-ingredient-dha-docosahexaenoic-acid","10":"product_cat-ingredient-epa-eicosapentaenoic-acid","11":"product_cat-ingredient-fish-oil","12":"product_cat-ingredient-ginkgo-biloba","13":"product_cat-ingredient-hawthorn","14":"product_cat-ingredient-olive","15":"product_cat-vitamins-minerals","16":"product_cat-circulatory","17":"product_cat-system-packs","19":"first","20":"onbackorder","21":"sale","22":"taxable","23":"shipping-taxable","24":"purchasable","25":"product-type-simple"},"group_of_quantity":0,"min_quantity":0,"max_quantity":12,"exclude_order_quantity_value_rules":"no","exclude_category_quantity_rules":"no","combine_variations":"no","acf":[],"_links":{"self":[{"href":"https:\/\/caringsunshine.com\/es\/wp-json\/wp\/v2\/product\/1649","targetHints":{"allow":["GET"]}}],"collection":[{"href":"https:\/\/caringsunshine.com\/es\/wp-json\/wp\/v2\/product"}],"about":[{"href":"https:\/\/caringsunshine.com\/es\/wp-json\/wp\/v2\/types\/product"}],"replies":[{"embeddable":true,"href":"https:\/\/caringsunshine.com\/es\/wp-json\/wp\/v2\/comments?post=1649"}],"version-history":[{"count":2,"href":"https:\/\/caringsunshine.com\/es\/wp-json\/wp\/v2\/product\/1649\/revisions"}],"predecessor-version":[{"id":3372643,"href":"https:\/\/caringsunshine.com\/es\/wp-json\/wp\/v2\/product\/1649\/revisions\/3372643"}],"wp:featuredmedia":[{"embeddable":true,"href":"https:\/\/caringsunshine.com\/es\/wp-json\/wp\/v2\/media\/2930878"}],"wp:attachment":[{"href":"https:\/\/caringsunshine.com\/es\/wp-json\/wp\/v2\/media?parent=1649"}],"wp:term":[{"taxonomy":"product_brand","embeddable":true,"href":"https:\/\/caringsunshine.com\/es\/wp-json\/wp\/v2\/product_brand?post=1649"},{"taxonomy":"product_cat","embeddable":true,"href":"https:\/\/caringsunshine.com\/es\/wp-json\/wp\/v2\/product_cat?post=1649"},{"taxonomy":"product_tag","embeddable":true,"href":"https:\/\/caringsunshine.com\/es\/wp-json\/wp\/v2\/product_tag?post=1649"}],"curies":[{"name":"wp","href":"https:\/\/api.w.org\/{rel}","templated":true}]}}