{"id":1645,"date":"1999-12-31T16:00:00","date_gmt":"2000-01-01T00:00:00","guid":{"rendered":"http:\/\/caringsunshine.com\/supplements\/NaturesSunshine\/products\/solstic-energy.aspx"},"modified":"2026-04-17T09:31:18","modified_gmt":"2026-04-17T16:31:18","slug":"solstic-energy","status":"publish","type":"product","link":"https:\/\/caringsunshine.com\/es\/supplements\/NaturesSunshine\/products\/solstic-energy.aspx\/","title":{"rendered":"Energ\u00eda Solstic"},"content":{"rendered":"<p>Solstic Energy de Nature's Sunshine ayuda a reducir la fatiga, aumentar la concentraci\u00f3n mental, impulsar el metabolismo, y suministrar energ\u00eda al cuerpo. A diferencia de las bebidas energ\u00e9ticas convencionales, Solstic Energy utiliza nutrientes naturales para obtener energ\u00eda. En lugar de estar cargado de az\u00facar, Solstic Energy no contiene az\u00facar, sino que est\u00e1 endulzado con stevia y saborizado con polvos naturales de lim\u00f3n, mandarina, y pi\u00f1a. Como todos los productos de Solstic, Solstic Energy viene listo para usar en un envase c\u00f3modo en barra.<\/p>\n<p>Solstic Energy de Nature's Sunshine contiene 60 mg de cafe\u00edna natural procedente del extracto de semillas de guaran\u00e1. Tambi\u00e9n contiene tiamina, riboflavina, niacina, vitamina B6, vitamina B12, \u00e1cido pantot\u00e9nico, potasio, extracto de ra\u00edz de ginseng coreano, extracto de hoja de stevia, extracto de piel de uva, y extracto de hoja de t\u00e9 verde.<\/p>\n<p>NOTA: Un exceso de cafe\u00edna puede provocar nerviosismo, irritabilidad, insomnio, y ocasionalmente taquicardia. No se recomienda el uso a los menores de 18 a\u00f1os.<\/p>","protected":false},"excerpt":{"rendered":"<p>30 paquetes<\/p>","protected":false},"featured_media":2888293,"comment_status":"open","ping_status":"closed","template":"","meta":{"_acf_changed":false,"footnotes":""},"product_brand":[],"product_cat":[2,5,10,13889,15111,15303,15407,15590,15725,26337,16072,16209,16210,19,21],"product_tag":[],"class_list":{"0":"post-1645","1":"product","2":"type-product","3":"status-publish","4":"has-post-thumbnail","6":"product_cat-antioxidants","7":"product_cat-brain-support","8":"product_cat-energy","9":"product_cat-ingredient-citric-acid","10":"product_cat-ingredient-malic-acid","11":"product_cat-ingredient-niacin-vitamin-b3","12":"product_cat-ingredient-pantothenic-acid-vitamin-b5","13":"product_cat-ingredient-potassium","14":"product_cat-ingredient-riboflavin-vitamin-b2","15":"product_cat-ingredient-silicon-dioxide","16":"product_cat-ingredient-thiamin-vitamin-b1","17":"product_cat-ingredient-vitamin-b12","18":"product_cat-ingredient-vitamin-b6","19":"product_cat-sports-nutrition","20":"product_cat-vitamins-minerals","22":"first","23":"instock","24":"sale","25":"taxable","26":"shipping-taxable","27":"purchasable","28":"product-type-simple"},"group_of_quantity":0,"min_quantity":0,"max_quantity":12,"exclude_order_quantity_value_rules":"no","exclude_category_quantity_rules":"no","combine_variations":"no","acf":[],"_links":{"self":[{"href":"https:\/\/caringsunshine.com\/es\/wp-json\/wp\/v2\/product\/1645","targetHints":{"allow":["GET"]}}],"collection":[{"href":"https:\/\/caringsunshine.com\/es\/wp-json\/wp\/v2\/product"}],"about":[{"href":"https:\/\/caringsunshine.com\/es\/wp-json\/wp\/v2\/types\/product"}],"replies":[{"embeddable":true,"href":"https:\/\/caringsunshine.com\/es\/wp-json\/wp\/v2\/comments?post=1645"}],"version-history":[{"count":1,"href":"https:\/\/caringsunshine.com\/es\/wp-json\/wp\/v2\/product\/1645\/revisions"}],"predecessor-version":[{"id":3650758,"href":"https:\/\/caringsunshine.com\/es\/wp-json\/wp\/v2\/product\/1645\/revisions\/3650758"}],"wp:featuredmedia":[{"embeddable":true,"href":"https:\/\/caringsunshine.com\/es\/wp-json\/wp\/v2\/media\/2888293"}],"wp:attachment":[{"href":"https:\/\/caringsunshine.com\/es\/wp-json\/wp\/v2\/media?parent=1645"}],"wp:term":[{"taxonomy":"product_brand","embeddable":true,"href":"https:\/\/caringsunshine.com\/es\/wp-json\/wp\/v2\/product_brand?post=1645"},{"taxonomy":"product_cat","embeddable":true,"href":"https:\/\/caringsunshine.com\/es\/wp-json\/wp\/v2\/product_cat?post=1645"},{"taxonomy":"product_tag","embeddable":true,"href":"https:\/\/caringsunshine.com\/es\/wp-json\/wp\/v2\/product_tag?post=1645"}],"curies":[{"name":"wp","href":"https:\/\/api.w.org\/{rel}","templated":true}]}}