{"id":164,"date":"1999-12-31T16:00:00","date_gmt":"2000-01-01T00:00:00","guid":{"rendered":"http:\/\/caringsunshine.com\/supplements\/NaturesSunshine\/products\/liver-cleanse-formula.aspx"},"modified":"2026-04-07T21:31:40","modified_gmt":"2026-04-08T04:31:40","slug":"liver-cleanse-formula","status":"publish","type":"product","link":"https:\/\/caringsunshine.com\/es\/supplements\/NaturesSunshine\/products\/liver-cleanse-formula.aspx\/","title":{"rendered":"F\u00f3rmula de limpieza del h\u00edgado"},"content":{"rendered":"<p>La F\u00f3rmula de Limpieza del H\u00edgado de Nature's Sunshine proporciona un apoyo esencial para el h\u00edgado. El h\u00edgado es un centro de poder que ayuda a mantener la salud del cuerpo. Controla el metabolismo de los nutrientes y la secreci\u00f3n de bilis para emulsionar la grasa, adem\u00e1s de otras funciones clave. Debido a que el h\u00edgado realiza tantas funciones esenciales, puede estresarse f\u00e1cilmente. Las hierbas de la F\u00f3rmula de Limpieza del H\u00edgado trabajan juntas para nutrir, limpiar y desintoxicar este \u00f3rgano clave.<\/p>","protected":false},"excerpt":{"rendered":"<p>100 c\u00e1psulas<\/p>","protected":false},"featured_media":2885531,"comment_status":"open","ping_status":"closed","template":"","meta":{"_acf_changed":false,"footnotes":""},"product_brand":[],"product_cat":[15,29,13429,13503,13512,13541,13778,13805,14060,14489,14602,14716,15417,16279,85,87,3089],"product_tag":[],"class_list":{"0":"post-164","1":"product","2":"type-product","3":"status-publish","4":"has-post-thumbnail","6":"product_cat-herbs","7":"product_cat-colon-cleansing","8":"product_cat-ingredient-beet","9":"product_cat-ingredient-birch","10":"product_cat-ingredient-black-cohosh","11":"product_cat-ingredient-blessed-thistle","12":"product_cat-ingredient-celery","13":"product_cat-ingredient-chamomile","14":"product_cat-ingredient-dandelion","15":"product_cat-ingredient-gentian-root","16":"product_cat-ingredient-goldenrod","17":"product_cat-ingredient-horsetail","18":"product_cat-ingredient-parsley","19":"product_cat-ingredient-yellow-root","20":"product_cat-digestive","21":"product_cat-hepatic","22":"product_cat-liver-detoxification","24":"first","25":"instock","26":"sale","27":"taxable","28":"shipping-taxable","29":"purchasable","30":"product-type-simple"},"group_of_quantity":0,"min_quantity":0,"max_quantity":12,"exclude_order_quantity_value_rules":"no","exclude_category_quantity_rules":"no","combine_variations":"no","acf":[],"_links":{"self":[{"href":"https:\/\/caringsunshine.com\/es\/wp-json\/wp\/v2\/product\/164","targetHints":{"allow":["GET"]}}],"collection":[{"href":"https:\/\/caringsunshine.com\/es\/wp-json\/wp\/v2\/product"}],"about":[{"href":"https:\/\/caringsunshine.com\/es\/wp-json\/wp\/v2\/types\/product"}],"replies":[{"embeddable":true,"href":"https:\/\/caringsunshine.com\/es\/wp-json\/wp\/v2\/comments?post=164"}],"version-history":[{"count":1,"href":"https:\/\/caringsunshine.com\/es\/wp-json\/wp\/v2\/product\/164\/revisions"}],"predecessor-version":[{"id":3643579,"href":"https:\/\/caringsunshine.com\/es\/wp-json\/wp\/v2\/product\/164\/revisions\/3643579"}],"wp:featuredmedia":[{"embeddable":true,"href":"https:\/\/caringsunshine.com\/es\/wp-json\/wp\/v2\/media\/2885531"}],"wp:attachment":[{"href":"https:\/\/caringsunshine.com\/es\/wp-json\/wp\/v2\/media?parent=164"}],"wp:term":[{"taxonomy":"product_brand","embeddable":true,"href":"https:\/\/caringsunshine.com\/es\/wp-json\/wp\/v2\/product_brand?post=164"},{"taxonomy":"product_cat","embeddable":true,"href":"https:\/\/caringsunshine.com\/es\/wp-json\/wp\/v2\/product_cat?post=164"},{"taxonomy":"product_tag","embeddable":true,"href":"https:\/\/caringsunshine.com\/es\/wp-json\/wp\/v2\/product_tag?post=164"}],"curies":[{"name":"wp","href":"https:\/\/api.w.org\/{rel}","templated":true}]}}