{"id":1597,"date":"1999-12-31T16:00:00","date_gmt":"2000-01-01T00:00:00","guid":{"rendered":"http:\/\/caringsunshine.com\/supplements\/NaturesSunshine\/products\/krilloil.aspx"},"modified":"2026-04-27T06:58:18","modified_gmt":"2026-04-27T13:58:18","slug":"krilloil","status":"publish","type":"product","link":"https:\/\/caringsunshine.com\/es\/supplements\/NaturesSunshine\/products\/krilloil.aspx\/","title":{"rendered":"Aceite de krill (con vitamina K2)"},"content":{"rendered":"<p>El aceite de krill de Nature's Sunshine con vitamina K2 proporciona una amplia fuente de \u00e1cidos grasos esenciales omega-3, incluyendo EPA y DHA.<\/p>\n<p>Los omega 3 contribuyen a la salud cardiovascular y cerebral, proporcionan apoyo a las articulaciones y a la piel y pueden ayudar a mantener los niveles de colesterol que ya est\u00e1n dentro del rango normal. El krill es una fuente natural de astaxantina, un potente carotenoide antioxidante. La vitamina K2 se a\u00f1ade para proporcionar un apoyo adicional al sistema cardiovascular y a la salud \u00f3sea.<\/p>\n<p>El aceite de krill contiene naturalmente fosfol\u00edpidos, que se unen a los \u00e1cidos grasos omega-3, mejorando su absorci\u00f3n en el organismo. Estos fosfol\u00edpidos proporcionan fuerza y elasticidad a la membrana celular, ayudando a mantener las toxinas fuera y a dejar entrar los nutrientes y el ox\u00edgeno.<\/p>","protected":false},"excerpt":{"rendered":"<p>60 c\u00e1psulas<\/p>","protected":false},"featured_media":2885195,"comment_status":"open","ping_status":"closed","template":"","meta":{"_acf_changed":false,"footnotes":""},"product_brand":[],"product_cat":[11,5,8,14,16,14098,14251,14364,14884,16215,92],"product_tag":[],"class_list":{"0":"post-1597","1":"product","2":"type-product","3":"status-publish","4":"has-post-thumbnail","6":"product_cat-essential-fatty-acids","7":"product_cat-brain-support","8":"product_cat-cholesterol","9":"product_cat-heart-health","10":"product_cat-joints-bones","11":"product_cat-ingredient-dha-docosahexaenoic-acid","12":"product_cat-ingredient-epa-eicosapentaenoic-acid","13":"product_cat-ingredient-fish-oil","14":"product_cat-ingredient-krill-oil","15":"product_cat-ingredient-vitamin-k","16":"product_cat-structural","18":"first","19":"instock","20":"sale","21":"taxable","22":"shipping-taxable","23":"purchasable","24":"product-type-simple"},"group_of_quantity":0,"min_quantity":0,"max_quantity":12,"exclude_order_quantity_value_rules":"no","exclude_category_quantity_rules":"no","combine_variations":"no","acf":[],"_links":{"self":[{"href":"https:\/\/caringsunshine.com\/es\/wp-json\/wp\/v2\/product\/1597","targetHints":{"allow":["GET"]}}],"collection":[{"href":"https:\/\/caringsunshine.com\/es\/wp-json\/wp\/v2\/product"}],"about":[{"href":"https:\/\/caringsunshine.com\/es\/wp-json\/wp\/v2\/types\/product"}],"replies":[{"embeddable":true,"href":"https:\/\/caringsunshine.com\/es\/wp-json\/wp\/v2\/comments?post=1597"}],"version-history":[{"count":2,"href":"https:\/\/caringsunshine.com\/es\/wp-json\/wp\/v2\/product\/1597\/revisions"}],"predecessor-version":[{"id":3643515,"href":"https:\/\/caringsunshine.com\/es\/wp-json\/wp\/v2\/product\/1597\/revisions\/3643515"}],"wp:featuredmedia":[{"embeddable":true,"href":"https:\/\/caringsunshine.com\/es\/wp-json\/wp\/v2\/media\/2885195"}],"wp:attachment":[{"href":"https:\/\/caringsunshine.com\/es\/wp-json\/wp\/v2\/media?parent=1597"}],"wp:term":[{"taxonomy":"product_brand","embeddable":true,"href":"https:\/\/caringsunshine.com\/es\/wp-json\/wp\/v2\/product_brand?post=1597"},{"taxonomy":"product_cat","embeddable":true,"href":"https:\/\/caringsunshine.com\/es\/wp-json\/wp\/v2\/product_cat?post=1597"},{"taxonomy":"product_tag","embeddable":true,"href":"https:\/\/caringsunshine.com\/es\/wp-json\/wp\/v2\/product_tag?post=1597"}],"curies":[{"name":"wp","href":"https:\/\/api.w.org\/{rel}","templated":true}]}}