{"id":154,"date":"1999-12-31T16:00:00","date_gmt":"2000-01-01T00:00:00","guid":{"rendered":"http:\/\/caringsunshine.com\/supplements\/NaturesSunshine\/products\/jp-x.aspx"},"modified":"2026-04-23T17:01:32","modified_gmt":"2026-04-24T00:01:32","slug":"jp-x","status":"publish","type":"product","link":"https:\/\/caringsunshine.com\/es\/supplements\/NaturesSunshine\/products\/jp-x.aspx\/","title":{"rendered":"JP-X"},"content":{"rendered":"<p>La f\u00f3rmula JP-X de Nature's Sunshine combina el enebro y el perejil, adem\u00e1s de otras hierbas, para proporcionar una potente desintoxicaci\u00f3n de los ri\u00f1ones. El enebro equilibra los fluidos y nutre el tracto urinario, mientras que el perejil fortalece y tonifica los tejidos del tracto urinario y ayuda a regular el flujo de orina. La uva ursi, otra hierba de la f\u00f3rmula de JP-X, tambi\u00e9n tiene propiedades limpiadoras que mantienen el sistema urinario en buen estado.<\/p>","protected":false},"excerpt":{"rendered":"<p>100 c\u00e1psulas<\/p>","protected":false},"featured_media":2911524,"comment_status":"open","ping_status":"closed","template":"","meta":{"_acf_changed":false,"footnotes":""},"product_brand":[],"product_cat":[15,29,14179,14506,14603,14848,15145,15417,26695,93],"product_tag":[],"class_list":{"0":"post-154","1":"product","2":"type-product","3":"status-publish","4":"has-post-thumbnail","6":"product_cat-herbs","7":"product_cat-colon-cleansing","8":"product_cat-ingredient-dong-quai-root","9":"product_cat-ingredient-ginger","10":"product_cat-ingredient-goldenseal","11":"product_cat-ingredient-juniper-berries","12":"product_cat-ingredient-marshmallow","13":"product_cat-ingredient-parsley","14":"product_cat-ingredient-uva-ursi","15":"product_cat-urinary","17":"first","18":"instock","19":"sale","20":"taxable","21":"shipping-taxable","22":"purchasable","23":"product-type-simple"},"group_of_quantity":0,"min_quantity":0,"max_quantity":12,"exclude_order_quantity_value_rules":"no","exclude_category_quantity_rules":"no","combine_variations":"no","acf":[],"_links":{"self":[{"href":"https:\/\/caringsunshine.com\/es\/wp-json\/wp\/v2\/product\/154","targetHints":{"allow":["GET"]}}],"collection":[{"href":"https:\/\/caringsunshine.com\/es\/wp-json\/wp\/v2\/product"}],"about":[{"href":"https:\/\/caringsunshine.com\/es\/wp-json\/wp\/v2\/types\/product"}],"replies":[{"embeddable":true,"href":"https:\/\/caringsunshine.com\/es\/wp-json\/wp\/v2\/comments?post=154"}],"version-history":[{"count":1,"href":"https:\/\/caringsunshine.com\/es\/wp-json\/wp\/v2\/product\/154\/revisions"}],"predecessor-version":[{"id":3641922,"href":"https:\/\/caringsunshine.com\/es\/wp-json\/wp\/v2\/product\/154\/revisions\/3641922"}],"wp:featuredmedia":[{"embeddable":true,"href":"https:\/\/caringsunshine.com\/es\/wp-json\/wp\/v2\/media\/2911524"}],"wp:attachment":[{"href":"https:\/\/caringsunshine.com\/es\/wp-json\/wp\/v2\/media?parent=154"}],"wp:term":[{"taxonomy":"product_brand","embeddable":true,"href":"https:\/\/caringsunshine.com\/es\/wp-json\/wp\/v2\/product_brand?post=154"},{"taxonomy":"product_cat","embeddable":true,"href":"https:\/\/caringsunshine.com\/es\/wp-json\/wp\/v2\/product_cat?post=154"},{"taxonomy":"product_tag","embeddable":true,"href":"https:\/\/caringsunshine.com\/es\/wp-json\/wp\/v2\/product_tag?post=154"}],"curies":[{"name":"wp","href":"https:\/\/api.w.org\/{rel}","templated":true}]}}