{"id":1490,"date":"1999-12-31T16:00:00","date_gmt":"2000-01-01T00:00:00","guid":{"rendered":"http:\/\/caringsunshine.com\/supplements\/NaturesSunshine\/products\/love-peas.aspx"},"modified":"2026-04-08T01:19:46","modified_gmt":"2026-04-08T08:19:46","slug":"love-peas","status":"publish","type":"product","link":"https:\/\/caringsunshine.com\/es\/supplements\/NaturesSunshine\/products\/love-peas.aspx\/","title":{"rendered":"Love and Peas"},"content":{"rendered":"<p>Love and Peas tiene una alta cantidad de prote\u00edna (20 gramos) conocida por su ayuda para desarrollar y mantener la masa muscular magra. La prote\u00edna y la fibra en esta combinaci\u00f3n pueden ayudar a aumentar la saciedad y puede apoyar el control de peso saludable cuando se combina con dieta y ejercicios. Este producto est\u00e1 certificado como vegano.<\/p>","protected":false},"excerpt":{"rendered":"<p>675 g<\/p>","protected":false},"featured_media":3262131,"comment_status":"open","ping_status":"closed","template":"","meta":{"_acf_changed":false,"footnotes":""},"product_brand":[],"product_cat":[14,13502,13549,13562,13601,13655,13863,13957,14387,14628,14793,14800,15122,15159,15214,15303,15407,25803,15582,15590,15725,15836,16072,16207,16209,16210,16211,16212,16300,19,23,78],"product_tag":[148],"class_list":{"0":"post-1490","1":"product","2":"type-product","3":"status-publish","4":"has-post-thumbnail","6":"product_cat-heart-health","7":"product_cat-ingredient-biotin","8":"product_cat-ingredient-blueberry","9":"product_cat-ingredient-borage-oil","10":"product_cat-ingredient-broccoli","11":"product_cat-ingredient-calcium","12":"product_cat-ingredient-chromium","13":"product_cat-ingredient-copper","14":"product_cat-ingredient-folate","15":"product_cat-ingredient-guar-gum","16":"product_cat-ingredient-iodine","17":"product_cat-ingredient-iron","18":"product_cat-ingredient-manganese","19":"product_cat-ingredient-medium-chain-triglycerides-mct","20":"product_cat-ingredient-molybdenum","21":"product_cat-ingredient-niacin-vitamin-b3","22":"product_cat-ingredient-pantothenic-acid-vitamin-b5","23":"product_cat-ingredient-pea-protein","24":"product_cat-ingredient-pomegranate","25":"product_cat-ingredient-potassium","26":"product_cat-ingredient-riboflavin-vitamin-b2","27":"product_cat-ingredient-selenium","28":"product_cat-ingredient-thiamin-vitamin-b1","29":"product_cat-ingredient-vitamin-a","30":"product_cat-ingredient-vitamin-b12","31":"product_cat-ingredient-vitamin-b6","32":"product_cat-ingredient-vitamin-c","33":"product_cat-ingredient-vitamin-d","34":"product_cat-ingredient-zinc","35":"product_cat-sports-nutrition","36":"product_cat-womens-health","37":"product_cat-meal-replacement-shakes","38":"product_tag-vegan","40":"first","41":"instock","42":"sale","43":"taxable","44":"shipping-taxable","45":"purchasable","46":"product-type-simple"},"group_of_quantity":0,"min_quantity":0,"max_quantity":12,"exclude_order_quantity_value_rules":"no","exclude_category_quantity_rules":"no","combine_variations":"no","acf":[],"_links":{"self":[{"href":"https:\/\/caringsunshine.com\/es\/wp-json\/wp\/v2\/product\/1490","targetHints":{"allow":["GET"]}}],"collection":[{"href":"https:\/\/caringsunshine.com\/es\/wp-json\/wp\/v2\/product"}],"about":[{"href":"https:\/\/caringsunshine.com\/es\/wp-json\/wp\/v2\/types\/product"}],"replies":[{"embeddable":true,"href":"https:\/\/caringsunshine.com\/es\/wp-json\/wp\/v2\/comments?post=1490"}],"version-history":[{"count":1,"href":"https:\/\/caringsunshine.com\/es\/wp-json\/wp\/v2\/product\/1490\/revisions"}],"predecessor-version":[{"id":3368430,"href":"https:\/\/caringsunshine.com\/es\/wp-json\/wp\/v2\/product\/1490\/revisions\/3368430"}],"wp:featuredmedia":[{"embeddable":true,"href":"https:\/\/caringsunshine.com\/es\/wp-json\/wp\/v2\/media\/3262131"}],"wp:attachment":[{"href":"https:\/\/caringsunshine.com\/es\/wp-json\/wp\/v2\/media?parent=1490"}],"wp:term":[{"taxonomy":"product_brand","embeddable":true,"href":"https:\/\/caringsunshine.com\/es\/wp-json\/wp\/v2\/product_brand?post=1490"},{"taxonomy":"product_cat","embeddable":true,"href":"https:\/\/caringsunshine.com\/es\/wp-json\/wp\/v2\/product_cat?post=1490"},{"taxonomy":"product_tag","embeddable":true,"href":"https:\/\/caringsunshine.com\/es\/wp-json\/wp\/v2\/product_tag?post=1490"}],"curies":[{"name":"wp","href":"https:\/\/api.w.org\/{rel}","templated":true}]}}