{"id":1489,"date":"1999-12-31T16:00:00","date_gmt":"2000-01-01T00:00:00","guid":{"rendered":"http:\/\/caringsunshine.com\/supplements\/NaturesSunshine\/products\/ionic-minerals.aspx"},"modified":"2026-05-06T17:05:25","modified_gmt":"2026-05-07T00:05:25","slug":"ionic-minerals","status":"publish","type":"product","link":"https:\/\/caringsunshine.com\/es\/supplements\/NaturesSunshine\/products\/ionic-minerals.aspx\/","title":{"rendered":"Ionic Minerals (With Acai)"},"content":{"rendered":"<p>Nature's Sunshine Ionic Minerals with Acai contiene 70 oligoelementos que est\u00e1n listos para ser absorbidos por el cuerpo. Los minerales i\u00f3nicos, o cargados, no necesitan ser descompuestos por el cuerpo antes de su absorci\u00f3n, lo que los hace f\u00e1cilmente disponibles para su uso r\u00e1pido por los diferentes sistemas del cuerpo. Nature's Sunshine Ionic Minerals with Acai apoya un equilibrio saludable del pH, suministra electrolitos, antioxidantes, amino\u00e1cidos, \u00e1cidos grasos esenciales, e incluso ayuda a reconstruir el sistema inmunol\u00f3gico. El Acai se utiliza para aromatizar este suplemento, proporcionando un refrescante sabor a bayas.<\/p>","protected":false},"excerpt":{"rendered":"<p>32 fl. oz.<\/p>","protected":false},"featured_media":2911408,"comment_status":"open","ping_status":"closed","template":"","meta":{"_acf_changed":false,"footnotes":""},"product_brand":[],"product_cat":[35,13112,13889,14424,14610,16098,21,84],"product_tag":[3101,3100],"class_list":{"0":"post-1489","1":"product","2":"type-product","3":"status-publish","4":"has-post-thumbnail","6":"product_cat-minerals","7":"product_cat-ingredient-acai-berry","8":"product_cat-ingredient-citric-acid","9":"product_cat-ingredient-fulvic-acid","10":"product_cat-ingredient-grape","11":"product_cat-ingredient-trace-minerals","12":"product_cat-vitamins-minerals","13":"product_cat-circulatory","14":"product_tag-kosher","15":"product_tag-non-gmo","17":"first","18":"instock","19":"sale","20":"taxable","21":"shipping-taxable","22":"purchasable","23":"product-type-simple"},"group_of_quantity":0,"min_quantity":0,"max_quantity":12,"exclude_order_quantity_value_rules":"no","exclude_category_quantity_rules":"no","combine_variations":"no","acf":[],"_links":{"self":[{"href":"https:\/\/caringsunshine.com\/es\/wp-json\/wp\/v2\/product\/1489","targetHints":{"allow":["GET"]}}],"collection":[{"href":"https:\/\/caringsunshine.com\/es\/wp-json\/wp\/v2\/product"}],"about":[{"href":"https:\/\/caringsunshine.com\/es\/wp-json\/wp\/v2\/types\/product"}],"replies":[{"embeddable":true,"href":"https:\/\/caringsunshine.com\/es\/wp-json\/wp\/v2\/comments?post=1489"}],"version-history":[{"count":1,"href":"https:\/\/caringsunshine.com\/es\/wp-json\/wp\/v2\/product\/1489\/revisions"}],"predecessor-version":[{"id":3348394,"href":"https:\/\/caringsunshine.com\/es\/wp-json\/wp\/v2\/product\/1489\/revisions\/3348394"}],"wp:featuredmedia":[{"embeddable":true,"href":"https:\/\/caringsunshine.com\/es\/wp-json\/wp\/v2\/media\/2911408"}],"wp:attachment":[{"href":"https:\/\/caringsunshine.com\/es\/wp-json\/wp\/v2\/media?parent=1489"}],"wp:term":[{"taxonomy":"product_brand","embeddable":true,"href":"https:\/\/caringsunshine.com\/es\/wp-json\/wp\/v2\/product_brand?post=1489"},{"taxonomy":"product_cat","embeddable":true,"href":"https:\/\/caringsunshine.com\/es\/wp-json\/wp\/v2\/product_cat?post=1489"},{"taxonomy":"product_tag","embeddable":true,"href":"https:\/\/caringsunshine.com\/es\/wp-json\/wp\/v2\/product_tag?post=1489"}],"curies":[{"name":"wp","href":"https:\/\/api.w.org\/{rel}","templated":true}]}}