{"id":1486,"date":"1999-12-31T16:00:00","date_gmt":"2000-01-01T00:00:00","guid":{"rendered":"http:\/\/caringsunshine.com\/supplements\/NaturesSunshine\/products\/sh-probiotic-power.aspx"},"modified":"2026-04-07T12:42:09","modified_gmt":"2026-04-07T19:42:09","slug":"sh-probiotic-power","status":"publish","type":"product","link":"https:\/\/caringsunshine.com\/es\/supplements\/NaturesSunshine\/products\/sh-probiotic-power.aspx\/","title":{"rendered":"Sunshine Heroes Probiotic Power"},"content":{"rendered":"<p>Sunshine Heroes Probiotic Power de Nature's Sunshine crea un ambiente saludable para la flora amigable en el sistema digestivo del ni\u00f1o. Los microbios probi\u00f3ticos estimulan el metabolismo y la absorci\u00f3n de nutrientes. La relaci\u00f3n simbi\u00f3tica entre los probi\u00f3ticos y los hu\u00e9spedes humanos beneficia ambos los probi\u00f3ticos y los humanos.<\/p>\n<p>Los niveles saludables de probi\u00f3ticos en los ni\u00f1os se han relacionado con una mejor asistencia a la guarder\u00eda y un menor riesgo de alergias alimentarias. Sunshine Heroes Probiotic Power se presenta en c\u00e1psulas masticables que contienen 11 cepas de probi\u00f3ticos, como Lactobacillus rhamnosus, Bifidobacterium bifidus, L. acidophilus, L. brevis, L. bulcaricus, L. plantarum, Streptococcus thermophilus, B. infantis, B. longum, L. casei, y L. salivarius. Ni\u00f1os pueden tomar uno o dos comprimidos al d\u00eda. Masticarlos bien antes de tragarlos.<\/p>","protected":false},"excerpt":{"rendered":"<p>90 comprimidos masticables<\/p>","protected":false},"featured_media":2930929,"comment_status":"open","ping_status":"closed","template":"","meta":{"_acf_changed":false,"footnotes":""},"product_brand":[],"product_cat":[6,9,27,13112,13275,13339,13481,13483,13485,13549,13601,13739,13819,13856,13988,14610,14785,14893,14900,14906,14907,14908,14909,14911,14916,14918,14919,14929,14933,14934,14935,14936,14953,14955,15126,15355,15434,15525,15582,15948,15974,15979,26621,85],"product_tag":[],"class_list":{"0":"post-1486","1":"product","2":"type-product","3":"status-publish","4":"has-post-thumbnail","6":"product_cat-children","7":"product_cat-digestive-health","8":"product_cat-probiotics","9":"product_cat-ingredient-acai-berry","10":"product_cat-ingredient-apple","11":"product_cat-ingredient-asparagus","12":"product_cat-ingredient-bifidobacterium-bifidum","13":"product_cat-ingredient-bifidobacterium-infantis","14":"product_cat-ingredient-bifidobacterium-longum","15":"product_cat-ingredient-blueberry","16":"product_cat-ingredient-broccoli","17":"product_cat-ingredient-carrot","18":"product_cat-ingredient-cherry","19":"product_cat-ingredient-choline","20":"product_cat-ingredient-cranberry","21":"product_cat-ingredient-grape","22":"product_cat-ingredient-inositol","23":"product_cat-ingredient-l-alanine","24":"product_cat-ingredient-l-cysteine","25":"product_cat-ingredient-l-isoleucine","26":"product_cat-ingredient-l-leucine","27":"product_cat-ingredient-l-lysine","28":"product_cat-ingredient-l-methionine","29":"product_cat-ingredient-l-phenylalanine","30":"product_cat-ingredient-l-threonine","31":"product_cat-ingredient-l-tyrosine","32":"product_cat-ingredient-l-valine","33":"product_cat-ingredient-lactiplantibacillus-plantarum","34":"product_cat-ingredient-lactobacillus-acidophilus","35":"product_cat-ingredient-lactobacillus-brevis","36":"product_cat-ingredient-lactobacillus-bulgaricus","37":"product_cat-ingredient-lactobacillus-casei","38":"product_cat-ingredient-lactobacillus-rhamnosus","39":"product_cat-ingredient-lactobacillus-salivarius","40":"product_cat-ingredient-mangosteen","41":"product_cat-ingredient-orange","42":"product_cat-ingredient-pear","43":"product_cat-ingredient-pineapple","44":"product_cat-ingredient-pomegranate","45":"product_cat-ingredient-spinach","46":"product_cat-ingredient-strawberry","47":"product_cat-ingredient-streptococcus-thermophilus","48":"product_cat-ingredient-tomato","49":"product_cat-digestive","51":"first","52":"instock","53":"sale","54":"taxable","55":"shipping-taxable","56":"purchasable","57":"product-type-simple"},"group_of_quantity":0,"min_quantity":0,"max_quantity":12,"exclude_order_quantity_value_rules":"no","exclude_category_quantity_rules":"no","combine_variations":"no","acf":[],"_links":{"self":[{"href":"https:\/\/caringsunshine.com\/es\/wp-json\/wp\/v2\/product\/1486","targetHints":{"allow":["GET"]}}],"collection":[{"href":"https:\/\/caringsunshine.com\/es\/wp-json\/wp\/v2\/product"}],"about":[{"href":"https:\/\/caringsunshine.com\/es\/wp-json\/wp\/v2\/types\/product"}],"replies":[{"embeddable":true,"href":"https:\/\/caringsunshine.com\/es\/wp-json\/wp\/v2\/comments?post=1486"}],"version-history":[{"count":2,"href":"https:\/\/caringsunshine.com\/es\/wp-json\/wp\/v2\/product\/1486\/revisions"}],"predecessor-version":[{"id":3369300,"href":"https:\/\/caringsunshine.com\/es\/wp-json\/wp\/v2\/product\/1486\/revisions\/3369300"}],"wp:featuredmedia":[{"embeddable":true,"href":"https:\/\/caringsunshine.com\/es\/wp-json\/wp\/v2\/media\/2930929"}],"wp:attachment":[{"href":"https:\/\/caringsunshine.com\/es\/wp-json\/wp\/v2\/media?parent=1486"}],"wp:term":[{"taxonomy":"product_brand","embeddable":true,"href":"https:\/\/caringsunshine.com\/es\/wp-json\/wp\/v2\/product_brand?post=1486"},{"taxonomy":"product_cat","embeddable":true,"href":"https:\/\/caringsunshine.com\/es\/wp-json\/wp\/v2\/product_cat?post=1486"},{"taxonomy":"product_tag","embeddable":true,"href":"https:\/\/caringsunshine.com\/es\/wp-json\/wp\/v2\/product_tag?post=1486"}],"curies":[{"name":"wp","href":"https:\/\/api.w.org\/{rel}","templated":true}]}}