{"id":146,"date":"1999-12-31T16:00:00","date_gmt":"2000-01-01T00:00:00","guid":{"rendered":"http:\/\/caringsunshine.com\/supplements\/NaturesSunshine\/products\/I-x.aspx"},"modified":"2026-04-18T00:54:01","modified_gmt":"2026-04-18T07:54:01","slug":"i-x","status":"publish","type":"product","link":"https:\/\/caringsunshine.com\/es\/supplements\/NaturesSunshine\/products\/i-x.aspx\/","title":{"rendered":"I-X"},"content":{"rendered":"<p>La f\u00f3rmula I-X de Nature's Sunshine es una rica fuente de hierro, un nutriente necesario para el suministro de sangre y la producci\u00f3n de energ\u00eda. La f\u00f3rmula I-X incluye hierbas que contienen hierro natural con otras sustancias que favorecen la absorci\u00f3n del hierro. I-X tambi\u00e9n contiene otros oligoelementos y vitaminas.<\/p>","protected":false},"excerpt":{"rendered":"<p>100 c\u00e1psulas<\/p>","protected":false},"featured_media":2911521,"comment_status":"open","ping_status":"closed","template":"","meta":{"_acf_changed":false,"footnotes":""},"product_brand":[],"product_cat":[4,15,35,13429,13627,13824,15250,15301,15688,16279,21],"product_tag":[],"class_list":{"0":"post-146","1":"product","2":"type-product","3":"status-publish","4":"has-post-thumbnail","6":"product_cat-blood-sugar","7":"product_cat-herbs","8":"product_cat-minerals","9":"product_cat-ingredient-beet","10":"product_cat-ingredient-burdock","11":"product_cat-ingredient-chickweed","12":"product_cat-ingredient-mullein","13":"product_cat-ingredient-nettle","14":"product_cat-ingredient-raspberry","15":"product_cat-ingredient-yellow-root","16":"product_cat-vitamins-minerals","18":"first","19":"instock","20":"sale","21":"taxable","22":"shipping-taxable","23":"purchasable","24":"product-type-simple"},"group_of_quantity":0,"min_quantity":0,"max_quantity":12,"exclude_order_quantity_value_rules":"no","exclude_category_quantity_rules":"no","combine_variations":"no","acf":[],"_links":{"self":[{"href":"https:\/\/caringsunshine.com\/es\/wp-json\/wp\/v2\/product\/146","targetHints":{"allow":["GET"]}}],"collection":[{"href":"https:\/\/caringsunshine.com\/es\/wp-json\/wp\/v2\/product"}],"about":[{"href":"https:\/\/caringsunshine.com\/es\/wp-json\/wp\/v2\/types\/product"}],"replies":[{"embeddable":true,"href":"https:\/\/caringsunshine.com\/es\/wp-json\/wp\/v2\/comments?post=146"}],"version-history":[{"count":2,"href":"https:\/\/caringsunshine.com\/es\/wp-json\/wp\/v2\/product\/146\/revisions"}],"predecessor-version":[{"id":3641877,"href":"https:\/\/caringsunshine.com\/es\/wp-json\/wp\/v2\/product\/146\/revisions\/3641877"}],"wp:featuredmedia":[{"embeddable":true,"href":"https:\/\/caringsunshine.com\/es\/wp-json\/wp\/v2\/media\/2911521"}],"wp:attachment":[{"href":"https:\/\/caringsunshine.com\/es\/wp-json\/wp\/v2\/media?parent=146"}],"wp:term":[{"taxonomy":"product_brand","embeddable":true,"href":"https:\/\/caringsunshine.com\/es\/wp-json\/wp\/v2\/product_brand?post=146"},{"taxonomy":"product_cat","embeddable":true,"href":"https:\/\/caringsunshine.com\/es\/wp-json\/wp\/v2\/product_cat?post=146"},{"taxonomy":"product_tag","embeddable":true,"href":"https:\/\/caringsunshine.com\/es\/wp-json\/wp\/v2\/product_tag?post=146"}],"curies":[{"name":"wp","href":"https:\/\/api.w.org\/{rel}","templated":true}]}}