{"id":143,"date":"1999-12-31T16:00:00","date_gmt":"2000-01-01T00:00:00","guid":{"rendered":"http:\/\/caringsunshine.com\/supplements\/NaturesSunshine\/products\/herbalsleep.aspx"},"modified":"2026-04-07T16:31:45","modified_gmt":"2026-04-07T23:31:45","slug":"herbalsleep","status":"publish","type":"product","link":"https:\/\/caringsunshine.com\/es\/supplements\/NaturesSunshine\/products\/herbalsleep.aspx\/","title":{"rendered":"Sue\u00f1o a base de hierbas"},"content":{"rendered":"<p>Nature's Sunshine Herbal Sleep fomenta el buen funcionamiento del sistema nervioso, dando como resultado una noche de sue\u00f1o reparador. Los nervios fatigados, causados por el estr\u00e9s mental y la tensi\u00f3n, pueden ir en contra de la capacidad del cuerpo para dormir. Sin embargo, las hierbas de la f\u00f3rmula de Herbal Sleep alivian y calman los nervios. La pasiflora, la valeriana y el l\u00fapulo son \u00fatiles para cualquier persona que experimente estr\u00e9s diario.<\/p>","protected":false},"excerpt":{"rendered":"<p>100 c\u00e1psulas<\/p>","protected":false},"featured_media":2911446,"comment_status":"open","ping_status":"closed","template":"","meta":{"_acf_changed":false,"footnotes":""},"product_brand":[],"product_cat":[15,14707,15421,16169,53,90,76],"product_tag":[3102,3101,3100],"class_list":{"0":"post-143","1":"product","2":"type-product","3":"status-publish","4":"has-post-thumbnail","6":"product_cat-herbs","7":"product_cat-ingredient-hops","8":"product_cat-ingredient-passionflower","9":"product_cat-ingredient-valerian-root","10":"product_cat-stress-relaxation","11":"product_cat-nervous","12":"product_cat-sleep-relaxation","13":"product_tag-halal","14":"product_tag-kosher","15":"product_tag-non-gmo","17":"first","18":"instock","19":"sale","20":"taxable","21":"shipping-taxable","22":"purchasable","23":"product-type-simple"},"group_of_quantity":0,"min_quantity":0,"max_quantity":12,"exclude_order_quantity_value_rules":"no","exclude_category_quantity_rules":"no","combine_variations":"no","acf":[],"_links":{"self":[{"href":"https:\/\/caringsunshine.com\/es\/wp-json\/wp\/v2\/product\/143","targetHints":{"allow":["GET"]}}],"collection":[{"href":"https:\/\/caringsunshine.com\/es\/wp-json\/wp\/v2\/product"}],"about":[{"href":"https:\/\/caringsunshine.com\/es\/wp-json\/wp\/v2\/types\/product"}],"replies":[{"embeddable":true,"href":"https:\/\/caringsunshine.com\/es\/wp-json\/wp\/v2\/comments?post=143"}],"version-history":[{"count":1,"href":"https:\/\/caringsunshine.com\/es\/wp-json\/wp\/v2\/product\/143\/revisions"}],"predecessor-version":[{"id":3641831,"href":"https:\/\/caringsunshine.com\/es\/wp-json\/wp\/v2\/product\/143\/revisions\/3641831"}],"wp:featuredmedia":[{"embeddable":true,"href":"https:\/\/caringsunshine.com\/es\/wp-json\/wp\/v2\/media\/2911446"}],"wp:attachment":[{"href":"https:\/\/caringsunshine.com\/es\/wp-json\/wp\/v2\/media?parent=143"}],"wp:term":[{"taxonomy":"product_brand","embeddable":true,"href":"https:\/\/caringsunshine.com\/es\/wp-json\/wp\/v2\/product_brand?post=143"},{"taxonomy":"product_cat","embeddable":true,"href":"https:\/\/caringsunshine.com\/es\/wp-json\/wp\/v2\/product_cat?post=143"},{"taxonomy":"product_tag","embeddable":true,"href":"https:\/\/caringsunshine.com\/es\/wp-json\/wp\/v2\/product_tag?post=143"}],"curies":[{"name":"wp","href":"https:\/\/api.w.org\/{rel}","templated":true}]}}