{"id":1425,"date":"1999-12-31T16:00:00","date_gmt":"2000-01-01T00:00:00","guid":{"rendered":"http:\/\/caringsunshine.com\/supplements\/NaturesSunshine\/products\/xylibrite.aspx"},"modified":"2026-04-17T00:38:03","modified_gmt":"2026-04-17T07:38:03","slug":"xylibrite","status":"publish","type":"product","link":"https:\/\/caringsunshine.com\/es\/supplements\/NaturesSunshine\/products\/xylibrite.aspx\/","title":{"rendered":"Pasta de dientes XyliBrite"},"content":{"rendered":"<p>La pasta de dientes XyliBrite de Nature's Sunshine contiene un equipo de ingredientes para tratar bien sus dientes. El xilitol de la pasta de dientes XyliBrite puede ayudar a crear un entorno hostil para las bacterias da\u00f1inas y puede mejorar la salud bucal en general. El bicarbonato de sodio y el polvo de s\u00edlice act\u00faan como abrasivos suaves para limpiar y pulir los dientes, dej\u00e1ndolos suaves y limpios. La pasta de dientes XyliBrite de Nature's Sunshine est\u00e1 aromatizada con menta verde natural, canela, y an\u00eds, dejando la boca fresca y mentolada.<\/p>\n<p>N\u00daMERO DE INVENTARIO: 5420-2<\/p>","protected":false},"excerpt":{"rendered":"<p>Tubo de 3,5 oz<\/p>","protected":false},"featured_media":2885788,"comment_status":"open","ping_status":"closed","template":"","meta":{"_acf_changed":false,"footnotes":""},"product_brand":[],"product_cat":[15885,118,83],"product_tag":[],"class_list":{"0":"post-1425","1":"product","2":"type-product","3":"status-publish","4":"has-post-thumbnail","6":"product_cat-ingredient-silica","7":"product_cat-uncategorized","8":"product_cat-personal-care","10":"first","11":"instock","12":"sale","13":"taxable","14":"shipping-taxable","15":"purchasable","16":"product-type-simple"},"group_of_quantity":0,"min_quantity":0,"max_quantity":12,"exclude_order_quantity_value_rules":"no","exclude_category_quantity_rules":"no","combine_variations":"no","acf":[],"_links":{"self":[{"href":"https:\/\/caringsunshine.com\/es\/wp-json\/wp\/v2\/product\/1425","targetHints":{"allow":["GET"]}}],"collection":[{"href":"https:\/\/caringsunshine.com\/es\/wp-json\/wp\/v2\/product"}],"about":[{"href":"https:\/\/caringsunshine.com\/es\/wp-json\/wp\/v2\/types\/product"}],"replies":[{"embeddable":true,"href":"https:\/\/caringsunshine.com\/es\/wp-json\/wp\/v2\/comments?post=1425"}],"version-history":[{"count":2,"href":"https:\/\/caringsunshine.com\/es\/wp-json\/wp\/v2\/product\/1425\/revisions"}],"predecessor-version":[{"id":3394431,"href":"https:\/\/caringsunshine.com\/es\/wp-json\/wp\/v2\/product\/1425\/revisions\/3394431"}],"wp:featuredmedia":[{"embeddable":true,"href":"https:\/\/caringsunshine.com\/es\/wp-json\/wp\/v2\/media\/2885788"}],"wp:attachment":[{"href":"https:\/\/caringsunshine.com\/es\/wp-json\/wp\/v2\/media?parent=1425"}],"wp:term":[{"taxonomy":"product_brand","embeddable":true,"href":"https:\/\/caringsunshine.com\/es\/wp-json\/wp\/v2\/product_brand?post=1425"},{"taxonomy":"product_cat","embeddable":true,"href":"https:\/\/caringsunshine.com\/es\/wp-json\/wp\/v2\/product_cat?post=1425"},{"taxonomy":"product_tag","embeddable":true,"href":"https:\/\/caringsunshine.com\/es\/wp-json\/wp\/v2\/product_tag?post=1425"}],"curies":[{"name":"wp","href":"https:\/\/api.w.org\/{rel}","templated":true}]}}