{"id":138,"date":"1999-12-31T16:00:00","date_gmt":"2000-01-01T00:00:00","guid":{"rendered":"http:\/\/caringsunshine.com\/supplements\/NaturesSunshine\/products\/herbal-umpkin.aspx"},"modified":"2026-05-01T04:06:44","modified_gmt":"2026-05-01T11:06:44","slug":"herbal-umpkin","status":"publish","type":"product","link":"https:\/\/caringsunshine.com\/es\/supplements\/NaturesSunshine\/products\/herbal-umpkin.aspx\/","title":{"rendered":"Calabaza de hierbas"},"content":{"rendered":"<p>Nature's Sunshine Herbal Pumpkin combina calabaza, nuez negra y manzanilla para ofrecer una nutrici\u00f3n que equilibra el entorno microbiol\u00f3gico de los intestinos. Otras cinco hierbas se unen en Herbal Pumpkin que apoyan a\u00fan m\u00e1s la funci\u00f3n intestinal a trav\u00e9s de la limpieza y la lubricaci\u00f3n del sistema.<\/p>","protected":false},"excerpt":{"rendered":"<p>100 c\u00e1psulas<\/p>","protected":false},"featured_media":2885122,"comment_status":"open","ping_status":"closed","template":"","meta":{"_acf_changed":false,"footnotes":""},"product_brand":[],"product_cat":[14,15,9,13530,13746,13805,15145,15250,15643,15910,85,89],"product_tag":[],"class_list":{"0":"post-138","1":"product","2":"type-product","3":"status-publish","4":"has-post-thumbnail","6":"product_cat-heart-health","7":"product_cat-herbs","8":"product_cat-digestive-health","9":"product_cat-ingredient-black-walnut","10":"product_cat-ingredient-cascara-sagrada","11":"product_cat-ingredient-chamomile","12":"product_cat-ingredient-marshmallow","13":"product_cat-ingredient-mullein","14":"product_cat-ingredient-pumpkin","15":"product_cat-ingredient-slippery-elm-bark","16":"product_cat-digestive","17":"product_cat-intestinal","19":"first","20":"instock","21":"sale","22":"taxable","23":"shipping-taxable","24":"purchasable","25":"product-type-simple"},"group_of_quantity":0,"min_quantity":0,"max_quantity":12,"exclude_order_quantity_value_rules":"no","exclude_category_quantity_rules":"no","combine_variations":"no","acf":[],"_links":{"self":[{"href":"https:\/\/caringsunshine.com\/es\/wp-json\/wp\/v2\/product\/138","targetHints":{"allow":["GET"]}}],"collection":[{"href":"https:\/\/caringsunshine.com\/es\/wp-json\/wp\/v2\/product"}],"about":[{"href":"https:\/\/caringsunshine.com\/es\/wp-json\/wp\/v2\/types\/product"}],"replies":[{"embeddable":true,"href":"https:\/\/caringsunshine.com\/es\/wp-json\/wp\/v2\/comments?post=138"}],"version-history":[{"count":1,"href":"https:\/\/caringsunshine.com\/es\/wp-json\/wp\/v2\/product\/138\/revisions"}],"predecessor-version":[{"id":3641829,"href":"https:\/\/caringsunshine.com\/es\/wp-json\/wp\/v2\/product\/138\/revisions\/3641829"}],"wp:featuredmedia":[{"embeddable":true,"href":"https:\/\/caringsunshine.com\/es\/wp-json\/wp\/v2\/media\/2885122"}],"wp:attachment":[{"href":"https:\/\/caringsunshine.com\/es\/wp-json\/wp\/v2\/media?parent=138"}],"wp:term":[{"taxonomy":"product_brand","embeddable":true,"href":"https:\/\/caringsunshine.com\/es\/wp-json\/wp\/v2\/product_brand?post=138"},{"taxonomy":"product_cat","embeddable":true,"href":"https:\/\/caringsunshine.com\/es\/wp-json\/wp\/v2\/product_cat?post=138"},{"taxonomy":"product_tag","embeddable":true,"href":"https:\/\/caringsunshine.com\/es\/wp-json\/wp\/v2\/product_tag?post=138"}],"curies":[{"name":"wp","href":"https:\/\/api.w.org\/{rel}","templated":true}]}}