{"id":137,"date":"1999-12-31T16:00:00","date_gmt":"2000-01-01T00:00:00","guid":{"rendered":"http:\/\/caringsunshine.com\/supplements\/NaturesSunshine\/products\/gastro-health.aspx"},"modified":"2026-04-29T10:01:51","modified_gmt":"2026-04-29T17:01:51","slug":"gastro-health","status":"publish","type":"product","link":"https:\/\/caringsunshine.com\/es\/supplements\/NaturesSunshine\/products\/gastro-health.aspx\/","title":{"rendered":"Gastro Salud"},"content":{"rendered":"<p>Nature's Sunshine Gastro Health alivia el estr\u00e9s, la tensi\u00f3n y el malestar en el est\u00f3mago. Resultado de dos a\u00f1os de investigaci\u00f3n intensiva, Nature's Sunshine combina varias hierbas clave en la f\u00f3rmula de Gastro Health para ayudar a combatir la bacteria H. pylori, una bacteria que se ha descubierto que causa \u00falceras. El extracto de regaliz deglicirrizado (DGLE), uno de los ingredientes de la f\u00f3rmula, alivia las molestias estomacales. El extracto de corteza de pau d'arco, el extracto de polvo de flor de clavo, el extracto de ra\u00edz de inula racemosa y el fruto de pimiento tambi\u00e9n est\u00e1n incluidos en Gastro Health.<\/p>","protected":false},"excerpt":{"rendered":"<p>60 c\u00e1psulas<\/p>","protected":false},"featured_media":2832443,"comment_status":"open","ping_status":"closed","template":"","meta":{"_acf_changed":false,"footnotes":""},"product_brand":[],"product_cat":[9,15,1,13708,13908,14224,15021,15427,85,86],"product_tag":[3100],"class_list":{"0":"post-137","1":"product","2":"type-product","3":"status-publish","4":"has-post-thumbnail","6":"product_cat-digestive-health","7":"product_cat-herbs","8":"product_cat-allergy-immune","9":"product_cat-ingredient-capsicum","10":"product_cat-ingredient-clove","11":"product_cat-ingredient-elecampane","12":"product_cat-ingredient-licorice-root","13":"product_cat-ingredient-pau-darco","14":"product_cat-digestive","15":"product_cat-glandular","16":"product_tag-non-gmo","18":"first","19":"instock","20":"sale","21":"taxable","22":"shipping-taxable","23":"purchasable","24":"product-type-simple"},"group_of_quantity":0,"min_quantity":0,"max_quantity":12,"exclude_order_quantity_value_rules":"no","exclude_category_quantity_rules":"no","combine_variations":"no","acf":[],"_links":{"self":[{"href":"https:\/\/caringsunshine.com\/es\/wp-json\/wp\/v2\/product\/137","targetHints":{"allow":["GET"]}}],"collection":[{"href":"https:\/\/caringsunshine.com\/es\/wp-json\/wp\/v2\/product"}],"about":[{"href":"https:\/\/caringsunshine.com\/es\/wp-json\/wp\/v2\/types\/product"}],"replies":[{"embeddable":true,"href":"https:\/\/caringsunshine.com\/es\/wp-json\/wp\/v2\/comments?post=137"}],"version-history":[{"count":1,"href":"https:\/\/caringsunshine.com\/es\/wp-json\/wp\/v2\/product\/137\/revisions"}],"predecessor-version":[{"id":3370288,"href":"https:\/\/caringsunshine.com\/es\/wp-json\/wp\/v2\/product\/137\/revisions\/3370288"}],"wp:featuredmedia":[{"embeddable":true,"href":"https:\/\/caringsunshine.com\/es\/wp-json\/wp\/v2\/media\/2832443"}],"wp:attachment":[{"href":"https:\/\/caringsunshine.com\/es\/wp-json\/wp\/v2\/media?parent=137"}],"wp:term":[{"taxonomy":"product_brand","embeddable":true,"href":"https:\/\/caringsunshine.com\/es\/wp-json\/wp\/v2\/product_brand?post=137"},{"taxonomy":"product_cat","embeddable":true,"href":"https:\/\/caringsunshine.com\/es\/wp-json\/wp\/v2\/product_cat?post=137"},{"taxonomy":"product_tag","embeddable":true,"href":"https:\/\/caringsunshine.com\/es\/wp-json\/wp\/v2\/product_tag?post=137"}],"curies":[{"name":"wp","href":"https:\/\/api.w.org\/{rel}","templated":true}]}}