{"id":1315,"date":"1999-12-31T16:00:00","date_gmt":"2000-01-01T00:00:00","guid":{"rendered":"http:\/\/caringsunshine.com\/supplements\/NaturesSunshine\/products\/tiao-he-cleanse.aspx"},"modified":"2026-04-18T11:12:22","modified_gmt":"2026-04-18T18:12:22","slug":"tiao-he-cleanse","status":"publish","type":"product","link":"https:\/\/caringsunshine.com\/es\/supplements\/NaturesSunshine\/products\/tiao-he-cleanse.aspx\/","title":{"rendered":"Limpieza Tiao He"},"content":{"rendered":"<p>Nature's Sunshine se basa en la medicina tradicional china en su programa nutricional de 15 d\u00edas, Tiao He Cleanse\u00ae. El programa, destinado a lograr el equilibrio y la armon\u00eda tiao he, estimula los mecanismos de limpieza naturales del cuerpo, concentr\u00e1ndose espec\u00edficamente en los sistemas intestinal y digestivo. El programa consiste de varias f\u00f3rmulas claves de Nature's Sunshine, incluyendo Chinese Liver Balance TCM Concentrate, All Cell Detox, LBS II\u00ae, Psyllium Hulls, Burdock Root, y Black Walnut ATC Concentrate.<\/p>\n<p>NOTA: Debido a la presencia de c\u00e1scara sagrada, espino cerval, ruibarbo de pavo, y ginseng en este producto, las mujeres embarazadas o en per\u00edodo de lactancia o aquel que tenga una condici\u00f3n m\u00e9dica previa o que los que est\u00e1n tomando otros medicamentos deben consultar a un proveedor de atenci\u00f3n m\u00e9dica antes de usarlo. Utilizar seg\u00fan las recomendaciones del envase. Si se presenta o se desarrolla diarrea, heces blandas, o dolor abdominal, dejar de usarlo para evitar que el producto empeore estas condiciones y perjudique la salud. La diarrea cr\u00f3nica puede convertirse en una enfermedad grave. Las personas al\u00e9rgicas o sensibles al psilio inhalado o ingerido pueden experimentar una reacci\u00f3n al\u00e9rgica. Este producto no est\u00e1 destinado a un uso prolongado.<\/p>\n<p>N\u00daMERO DE STOCK: 3050-5<\/p>","protected":false},"excerpt":{"rendered":"<p>30 paquetes<\/p>","protected":false},"featured_media":2911606,"comment_status":"open","ping_status":"closed","template":"","meta":{"_acf_changed":false,"footnotes":""},"product_brand":[],"product_cat":[29,42,7,9,13352,13530,13614,13625,13627,13708,13746,13753,13767,13824,13978,14060,14179,14336,14489,14506,14514,14603,25076,14772,15021,15355,15359,15419,15450,15633,15694,15721,15775,26258,26337,15910,15951,16153,26695,16279,85,89],"product_tag":[],"class_list":{"0":"post-1315","1":"product","2":"type-product","3":"status-publish","4":"has-post-thumbnail","6":"product_cat-colon-cleansing","7":"product_cat-daily-fiber","8":"product_cat-chinese-herbs","9":"product_cat-digestive-health","10":"product_cat-ingredient-atractylodes","11":"product_cat-ingredient-black-walnut","12":"product_cat-ingredient-buckthorn","13":"product_cat-ingredient-bupleurum-falcatum","14":"product_cat-ingredient-burdock","15":"product_cat-ingredient-capsicum","16":"product_cat-ingredient-cascara-sagrada","17":"product_cat-ingredient-cassia-bark","18":"product_cat-ingredient-catnip","19":"product_cat-ingredient-chickweed","20":"product_cat-ingredient-couch-grass","21":"product_cat-ingredient-dandelion","22":"product_cat-ingredient-dong-quai-root","23":"product_cat-ingredient-fenugreek","24":"product_cat-ingredient-gentian-root","25":"product_cat-ingredient-ginger","26":"product_cat-ingredient-ginseng","27":"product_cat-ingredient-goldenseal","28":"product_cat-ingredient-hoelen","29":"product_cat-ingredient-indian-frankincense","30":"product_cat-ingredient-licorice-root","31":"product_cat-ingredient-orange","32":"product_cat-ingredient-oregon-grape","33":"product_cat-ingredient-parthenium","34":"product_cat-ingredient-peony","35":"product_cat-ingredient-psyllium","36":"product_cat-ingredient-red-clover","37":"product_cat-ingredient-rhubarb-root","38":"product_cat-ingredient-safflower-oil","39":"product_cat-ingredient-scute-root","40":"product_cat-ingredient-silicon-dioxide","41":"product_cat-ingredient-slippery-elm-bark","42":"product_cat-ingredient-spirulina","43":"product_cat-ingredient-typhonium","44":"product_cat-ingredient-uva-ursi","45":"product_cat-ingredient-yellow-root","46":"product_cat-digestive","47":"product_cat-intestinal","49":"first","50":"instock","51":"sale","52":"taxable","53":"shipping-taxable","54":"purchasable","55":"product-type-simple"},"group_of_quantity":0,"min_quantity":0,"max_quantity":12,"exclude_order_quantity_value_rules":"no","exclude_category_quantity_rules":"no","combine_variations":"no","acf":[],"_links":{"self":[{"href":"https:\/\/caringsunshine.com\/es\/wp-json\/wp\/v2\/product\/1315","targetHints":{"allow":["GET"]}}],"collection":[{"href":"https:\/\/caringsunshine.com\/es\/wp-json\/wp\/v2\/product"}],"about":[{"href":"https:\/\/caringsunshine.com\/es\/wp-json\/wp\/v2\/types\/product"}],"replies":[{"embeddable":true,"href":"https:\/\/caringsunshine.com\/es\/wp-json\/wp\/v2\/comments?post=1315"}],"version-history":[{"count":1,"href":"https:\/\/caringsunshine.com\/es\/wp-json\/wp\/v2\/product\/1315\/revisions"}],"predecessor-version":[{"id":3325794,"href":"https:\/\/caringsunshine.com\/es\/wp-json\/wp\/v2\/product\/1315\/revisions\/3325794"}],"wp:featuredmedia":[{"embeddable":true,"href":"https:\/\/caringsunshine.com\/es\/wp-json\/wp\/v2\/media\/2911606"}],"wp:attachment":[{"href":"https:\/\/caringsunshine.com\/es\/wp-json\/wp\/v2\/media?parent=1315"}],"wp:term":[{"taxonomy":"product_brand","embeddable":true,"href":"https:\/\/caringsunshine.com\/es\/wp-json\/wp\/v2\/product_brand?post=1315"},{"taxonomy":"product_cat","embeddable":true,"href":"https:\/\/caringsunshine.com\/es\/wp-json\/wp\/v2\/product_cat?post=1315"},{"taxonomy":"product_tag","embeddable":true,"href":"https:\/\/caringsunshine.com\/es\/wp-json\/wp\/v2\/product_tag?post=1315"}],"curies":[{"name":"wp","href":"https:\/\/api.w.org\/{rel}","templated":true}]}}