{"id":1314,"date":"1999-12-31T21:00:00","date_gmt":"2000-01-01T05:00:00","guid":{"rendered":"http:\/\/caringsunshine.com\/supplements\/NaturesSunshine\/products\/potassium-combination.aspx"},"modified":"2026-05-01T05:05:19","modified_gmt":"2026-05-01T12:05:19","slug":"potassium-combination","status":"publish","type":"product","link":"https:\/\/caringsunshine.com\/es\/supplements\/NaturesSunshine\/products\/potassium-combination.aspx\/","title":{"rendered":"Combination Potassium"},"content":{"rendered":"<p>Potassium Combination de Nature's Sunshine apoya el sistema enzim\u00e1tico del cuerpo. Es una fuente de oligoelementos que ayudan con el uso de potasio. Los niveles adecuados de potasio son esenciales para transportar los nutrientes a las c\u00e9lulas. Cada c\u00e1psula de Potassium Combination contiene 42 mg de potasio elemental del fosfato dipot\u00e1sico en una base de:<\/p>\n<p>Planta de algas<br \/>\nHierba de alfalfa<br \/>\nPlanta de Dulse<br \/>\nHoja de col blanca<br \/>\nRa\u00edz de r\u00e1bano picante<br \/>\nCola de caballo<\/p>\n<p>N\u00daMERO DE INVENTARIO: 3673-1<\/p>","protected":false},"excerpt":{"rendered":"<p>180 c\u00e1psulas<\/p>","protected":false},"featured_media":2879617,"comment_status":"open","ping_status":"closed","template":"","meta":{"_acf_changed":false,"footnotes":""},"product_brand":[],"product_cat":[14,35,13166,13645,14060,14715,14716,15590,15694,34,21,90],"product_tag":[],"class_list":{"0":"post-1314","1":"product","2":"type-product","3":"status-publish","4":"has-post-thumbnail","6":"product_cat-heart-health","7":"product_cat-minerals","8":"product_cat-ingredient-alfalfa","9":"product_cat-ingredient-cabbage-leaf","10":"product_cat-ingredient-dandelion","11":"product_cat-ingredient-horseradish","12":"product_cat-ingredient-horsetail","13":"product_cat-ingredient-potassium","14":"product_cat-ingredient-red-clover","15":"product_cat-vitamins","16":"product_cat-vitamins-minerals","17":"product_cat-nervous","19":"first","20":"instock","21":"sale","22":"taxable","23":"shipping-taxable","24":"purchasable","25":"product-type-simple"},"group_of_quantity":0,"min_quantity":0,"max_quantity":12,"exclude_order_quantity_value_rules":"no","exclude_category_quantity_rules":"no","combine_variations":"no","acf":[],"_links":{"self":[{"href":"https:\/\/caringsunshine.com\/es\/wp-json\/wp\/v2\/product\/1314","targetHints":{"allow":["GET"]}}],"collection":[{"href":"https:\/\/caringsunshine.com\/es\/wp-json\/wp\/v2\/product"}],"about":[{"href":"https:\/\/caringsunshine.com\/es\/wp-json\/wp\/v2\/types\/product"}],"replies":[{"embeddable":true,"href":"https:\/\/caringsunshine.com\/es\/wp-json\/wp\/v2\/comments?post=1314"}],"version-history":[{"count":2,"href":"https:\/\/caringsunshine.com\/es\/wp-json\/wp\/v2\/product\/1314\/revisions"}],"predecessor-version":[{"id":3362029,"href":"https:\/\/caringsunshine.com\/es\/wp-json\/wp\/v2\/product\/1314\/revisions\/3362029"}],"wp:featuredmedia":[{"embeddable":true,"href":"https:\/\/caringsunshine.com\/es\/wp-json\/wp\/v2\/media\/2879617"}],"wp:attachment":[{"href":"https:\/\/caringsunshine.com\/es\/wp-json\/wp\/v2\/media?parent=1314"}],"wp:term":[{"taxonomy":"product_brand","embeddable":true,"href":"https:\/\/caringsunshine.com\/es\/wp-json\/wp\/v2\/product_brand?post=1314"},{"taxonomy":"product_cat","embeddable":true,"href":"https:\/\/caringsunshine.com\/es\/wp-json\/wp\/v2\/product_cat?post=1314"},{"taxonomy":"product_tag","embeddable":true,"href":"https:\/\/caringsunshine.com\/es\/wp-json\/wp\/v2\/product_tag?post=1314"}],"curies":[{"name":"wp","href":"https:\/\/api.w.org\/{rel}","templated":true}]}}