{"id":1310,"date":"1999-12-31T16:00:00","date_gmt":"2000-01-01T00:00:00","guid":{"rendered":"http:\/\/caringsunshine.com\/supplements\/NaturesSunshine\/products\/gentle-move.aspx"},"modified":"2026-04-17T19:21:40","modified_gmt":"2026-04-18T02:21:40","slug":"gentle-move","status":"publish","type":"product","link":"https:\/\/caringsunshine.com\/es\/supplements\/NaturesSunshine\/products\/gentle-move.aspx\/","title":{"rendered":"Movimiento suave"},"content":{"rendered":"<p>Nature's Sunshine Gentle Move\u00ae funciona como un laxante para el sistema intestinal. Esta mezcla de hidr\u00f3xido de magnesio y hierbas incluye extracto de Triphala, una f\u00f3rmula ayurv\u00e9dica, que apoya la salud intestinal y funciona como un laxante suave. La sal natural de magnesio, o hidr\u00f3xido de magnesio, ayuda al colon a retener los niveles adecuados de l\u00edquido para ayudar a calmar y suavizar las heces. La f\u00f3rmula tambi\u00e9n incluye ra\u00edz de dorsal amarillo, rizoma de jengibre, ra\u00edz de malvavisco y corteza de olmo resbaladizo, todas ellas hierbas de apoyo intestinal. Gentle Move est\u00e1 dise\u00f1ado espec\u00edficamente para estimular e hidratar el intestino.<\/p>\n<p>N\u00daMERO DE STOCK: 952-9<\/p>","protected":false},"excerpt":{"rendered":"<p>90 c\u00e1psulas<\/p>","protected":false},"featured_media":2830782,"comment_status":"open","ping_status":"closed","template":"","meta":{"_acf_changed":false,"footnotes":""},"product_brand":[],"product_cat":[9,30,14506,15101,15145,15910,16128,16279,82,89],"product_tag":[3100],"class_list":{"0":"post-1310","1":"product","2":"type-product","3":"status-publish","4":"has-post-thumbnail","6":"product_cat-digestive-health","7":"product_cat-natural-laxatives","8":"product_cat-ingredient-ginger","9":"product_cat-ingredient-magnesium","10":"product_cat-ingredient-marshmallow","11":"product_cat-ingredient-slippery-elm-bark","12":"product_cat-ingredient-triphala","13":"product_cat-ingredient-yellow-root","14":"product_cat-ayurvedic-herbs","15":"product_cat-intestinal","16":"product_tag-non-gmo","18":"first","19":"instock","20":"sale","21":"taxable","22":"shipping-taxable","23":"purchasable","24":"product-type-simple"},"group_of_quantity":0,"min_quantity":0,"max_quantity":12,"exclude_order_quantity_value_rules":"no","exclude_category_quantity_rules":"no","combine_variations":"no","acf":[],"_links":{"self":[{"href":"https:\/\/caringsunshine.com\/es\/wp-json\/wp\/v2\/product\/1310","targetHints":{"allow":["GET"]}}],"collection":[{"href":"https:\/\/caringsunshine.com\/es\/wp-json\/wp\/v2\/product"}],"about":[{"href":"https:\/\/caringsunshine.com\/es\/wp-json\/wp\/v2\/types\/product"}],"replies":[{"embeddable":true,"href":"https:\/\/caringsunshine.com\/es\/wp-json\/wp\/v2\/comments?post=1310"}],"version-history":[{"count":1,"href":"https:\/\/caringsunshine.com\/es\/wp-json\/wp\/v2\/product\/1310\/revisions"}],"predecessor-version":[{"id":3641764,"href":"https:\/\/caringsunshine.com\/es\/wp-json\/wp\/v2\/product\/1310\/revisions\/3641764"}],"wp:featuredmedia":[{"embeddable":true,"href":"https:\/\/caringsunshine.com\/es\/wp-json\/wp\/v2\/media\/2830782"}],"wp:attachment":[{"href":"https:\/\/caringsunshine.com\/es\/wp-json\/wp\/v2\/media?parent=1310"}],"wp:term":[{"taxonomy":"product_brand","embeddable":true,"href":"https:\/\/caringsunshine.com\/es\/wp-json\/wp\/v2\/product_brand?post=1310"},{"taxonomy":"product_cat","embeddable":true,"href":"https:\/\/caringsunshine.com\/es\/wp-json\/wp\/v2\/product_cat?post=1310"},{"taxonomy":"product_tag","embeddable":true,"href":"https:\/\/caringsunshine.com\/es\/wp-json\/wp\/v2\/product_tag?post=1310"}],"curies":[{"name":"wp","href":"https:\/\/api.w.org\/{rel}","templated":true}]}}