{"id":1308,"date":"1999-12-31T21:00:00","date_gmt":"2000-01-01T05:00:00","guid":{"rendered":"http:\/\/caringsunshine.com\/supplements\/NaturesSunshine\/products\/para-cleanse-10.aspx"},"modified":"2026-04-24T09:50:10","modified_gmt":"2026-04-24T16:50:10","slug":"para-cleanse-10","status":"publish","type":"product","link":"https:\/\/caringsunshine.com\/es\/supplements\/NaturesSunshine\/products\/para-cleanse-10.aspx\/","title":{"rendered":"Para-Cleanse"},"content":{"rendered":"<p>Nature's Sunshine Para-Cleanse apoya a los procesos naturales de limpieza del sistema intestinal. Este programa de 10 d\u00edas incluye 1 c\u00e1psula de Paw Paw Cell-Reg\u2122, 2 c\u00e1psulas de Herbal Pumpkin Combination, 1 c\u00e1psula de Black Walnut ATC Concentrate, y 2 c\u00e1psulas de Artemisia Combination. Para-Cleanse est\u00e1 dise\u00f1ado para favorecer la salud del entorno intestinal.<\/p>\n<p>N\u00daMERO DE INVENTARIO: 4115-7<\/p>","protected":false},"excerpt":{"rendered":"<p>Programa de 10 d\u00edas<\/p>","protected":false},"featured_media":2911555,"comment_status":"open","ping_status":"closed","template":"","meta":{"_acf_changed":false,"footnotes":""},"product_brand":[],"product_cat":[29,15,9,13530,13746,13805,13908,14224,14477,14506,15145,15246,15250,15342,15429,15643,26337,15910,15937,16006,16146,89],"product_tag":[],"class_list":{"0":"post-1308","1":"product","2":"type-product","3":"status-publish","4":"has-post-thumbnail","6":"product_cat-colon-cleansing","7":"product_cat-herbs","8":"product_cat-digestive-health","9":"product_cat-ingredient-black-walnut","10":"product_cat-ingredient-cascara-sagrada","11":"product_cat-ingredient-chamomile","12":"product_cat-ingredient-clove","13":"product_cat-ingredient-elecampane","14":"product_cat-ingredient-garlic-bulb","15":"product_cat-ingredient-ginger","16":"product_cat-ingredient-marshmallow","17":"product_cat-ingredient-mugwort","18":"product_cat-ingredient-mullein","19":"product_cat-ingredient-olive","20":"product_cat-ingredient-paw-paw","21":"product_cat-ingredient-pumpkin","22":"product_cat-ingredient-silicon-dioxide","23":"product_cat-ingredient-slippery-elm-bark","24":"product_cat-ingredient-spearmint-leaf","25":"product_cat-ingredient-sweet-wormwood","26":"product_cat-ingredient-turmeric","27":"product_cat-intestinal","29":"first","30":"instock","31":"sale","32":"taxable","33":"shipping-taxable","34":"purchasable","35":"product-type-simple"},"group_of_quantity":0,"min_quantity":0,"max_quantity":"","exclude_order_quantity_value_rules":"no","exclude_category_quantity_rules":"no","combine_variations":"no","acf":[],"_links":{"self":[{"href":"https:\/\/caringsunshine.com\/es\/wp-json\/wp\/v2\/product\/1308","targetHints":{"allow":["GET"]}}],"collection":[{"href":"https:\/\/caringsunshine.com\/es\/wp-json\/wp\/v2\/product"}],"about":[{"href":"https:\/\/caringsunshine.com\/es\/wp-json\/wp\/v2\/types\/product"}],"replies":[{"embeddable":true,"href":"https:\/\/caringsunshine.com\/es\/wp-json\/wp\/v2\/comments?post=1308"}],"version-history":[{"count":1,"href":"https:\/\/caringsunshine.com\/es\/wp-json\/wp\/v2\/product\/1308\/revisions"}],"predecessor-version":[{"id":3393152,"href":"https:\/\/caringsunshine.com\/es\/wp-json\/wp\/v2\/product\/1308\/revisions\/3393152"}],"wp:featuredmedia":[{"embeddable":true,"href":"https:\/\/caringsunshine.com\/es\/wp-json\/wp\/v2\/media\/2911555"}],"wp:attachment":[{"href":"https:\/\/caringsunshine.com\/es\/wp-json\/wp\/v2\/media?parent=1308"}],"wp:term":[{"taxonomy":"product_brand","embeddable":true,"href":"https:\/\/caringsunshine.com\/es\/wp-json\/wp\/v2\/product_brand?post=1308"},{"taxonomy":"product_cat","embeddable":true,"href":"https:\/\/caringsunshine.com\/es\/wp-json\/wp\/v2\/product_cat?post=1308"},{"taxonomy":"product_tag","embeddable":true,"href":"https:\/\/caringsunshine.com\/es\/wp-json\/wp\/v2\/product_tag?post=1308"}],"curies":[{"name":"wp","href":"https:\/\/api.w.org\/{rel}","templated":true}]}}