{"id":13,"date":"1999-12-31T16:00:00","date_gmt":"2000-01-01T00:00:00","guid":{"rendered":"http:\/\/caringsunshine.com\/supplements\/NaturesSunshine\/products\/capsicum.aspx"},"modified":"2026-04-18T00:45:32","modified_gmt":"2026-04-18T07:45:32","slug":"capsicum","status":"publish","type":"product","link":"https:\/\/caringsunshine.com\/es\/supplements\/NaturesSunshine\/products\/capsicum.aspx\/","title":{"rendered":"Capsicum"},"content":{"rendered":"<p>Utilizado en otras f\u00f3rmulas herbales como catalizador, el pimiento (capsicum) favorece la digesti\u00f3n y el flujo sangu\u00edneo. El fundador de Nature's Sunshine, Gene Hughes, vendi\u00f3 el pimiento como su primer producto despu\u00e9s de utilizarlo para aliviar sus problemas estomacales. El Capsicum de Nature's Sunshine, que contiene entre 35,000 y 40,000 unidades de calor Scoville, se presenta en c\u00e1psulas de 520 mg. El Extracto de Capsicum de Nature's Sunshine se extrae de forma natural de la fruta fina del capsicum y tiene entre un 15-20 por ciento de alcohol.<\/p>","protected":false},"excerpt":{"rendered":"<p>100 c\u00e1psulas<\/p>","protected":false},"featured_media":2831128,"comment_status":"open","ping_status":"closed","template":"","meta":{"_acf_changed":false,"footnotes":""},"product_brand":[],"product_cat":[14,15,13708,84,85],"product_tag":[],"class_list":{"0":"post-13","1":"product","2":"type-product","3":"status-publish","4":"has-post-thumbnail","6":"product_cat-heart-health","7":"product_cat-herbs","8":"product_cat-ingredient-capsicum","9":"product_cat-circulatory","10":"product_cat-digestive","12":"first","13":"instock","14":"sale","15":"taxable","16":"shipping-taxable","17":"purchasable","18":"product-type-simple"},"group_of_quantity":0,"min_quantity":0,"max_quantity":12,"exclude_order_quantity_value_rules":"no","exclude_category_quantity_rules":"no","combine_variations":"no","acf":[],"_links":{"self":[{"href":"https:\/\/caringsunshine.com\/es\/wp-json\/wp\/v2\/product\/13","targetHints":{"allow":["GET"]}}],"collection":[{"href":"https:\/\/caringsunshine.com\/es\/wp-json\/wp\/v2\/product"}],"about":[{"href":"https:\/\/caringsunshine.com\/es\/wp-json\/wp\/v2\/types\/product"}],"replies":[{"embeddable":true,"href":"https:\/\/caringsunshine.com\/es\/wp-json\/wp\/v2\/comments?post=13"}],"version-history":[{"count":1,"href":"https:\/\/caringsunshine.com\/es\/wp-json\/wp\/v2\/product\/13\/revisions"}],"predecessor-version":[{"id":3640976,"href":"https:\/\/caringsunshine.com\/es\/wp-json\/wp\/v2\/product\/13\/revisions\/3640976"}],"wp:featuredmedia":[{"embeddable":true,"href":"https:\/\/caringsunshine.com\/es\/wp-json\/wp\/v2\/media\/2831128"}],"wp:attachment":[{"href":"https:\/\/caringsunshine.com\/es\/wp-json\/wp\/v2\/media?parent=13"}],"wp:term":[{"taxonomy":"product_brand","embeddable":true,"href":"https:\/\/caringsunshine.com\/es\/wp-json\/wp\/v2\/product_brand?post=13"},{"taxonomy":"product_cat","embeddable":true,"href":"https:\/\/caringsunshine.com\/es\/wp-json\/wp\/v2\/product_cat?post=13"},{"taxonomy":"product_tag","embeddable":true,"href":"https:\/\/caringsunshine.com\/es\/wp-json\/wp\/v2\/product_tag?post=13"}],"curies":[{"name":"wp","href":"https:\/\/api.w.org\/{rel}","templated":true}]}}