{"id":1288,"date":"1999-12-31T16:00:00","date_gmt":"2000-01-01T00:00:00","guid":{"rendered":"http:\/\/caringsunshine.com\/supplements\/NaturesSunshine\/products\/chinese-yin.aspx"},"modified":"2026-04-19T00:35:32","modified_gmt":"2026-04-19T07:35:32","slug":"chinese-yin","status":"publish","type":"product","link":"https:\/\/caringsunshine.com\/es\/supplements\/NaturesSunshine\/products\/chinese-yin.aspx\/","title":{"rendered":"Paquete negativo de MTC chino"},"content":{"rendered":"<p>El Paquete Negativo Chino de Nature's Sunshine combina siete Concentrados TCM en un solo paquete para promover el yin, o energ\u00eda negativa en el cuerpo. El paquete contiene Apoyo Pulmonar TCM, Estimulador Sangu\u00edneo TCM, HY-C TCM, KB-C TCM, Fatiga Nerviosa TCM, Activador del Bazo TCM, y Activador Inmunol\u00f3gico TCM. Cada f\u00f3rmula en el paquete negativo chino apoya un \u00f3rgano corporal importante.<\/p>","protected":false},"excerpt":{"rendered":"<p>El Paquete Negativo Chino de Nature's Sunshine combina siete Concentrados TCM en un solo paquete para promover el yin, o energ\u00eda negativa en el cuerpo. El paquete contiene Apoyo Pulmonar TCM, Estimulador Sangu\u00edneo TCM, HY-C TCM, KB-C TCM, Fatiga Nerviosa TCM, Activador del Bazo TCM, y Activador Inmunol\u00f3gico TCM. Cada f\u00f3rmula en el paquete negativo chino apoya un \u00f3rgano corporal importante.<\/p>","protected":false},"featured_media":2911350,"comment_status":"open","ping_status":"closed","template":"","meta":{"_acf_changed":false,"footnotes":""},"product_brand":[],"product_cat":[7,13214,13219,13339,13351,13352,13581,13604,13625,13724,13802,13833,13884,13894,14150,14170,14175,14179,24739,14299,14338,14382,14463,14489,14506,14514,14520,25076,14724,25266,14887,15021,15068,15102,15228,15321,15353,15360,15450,15477,15543,15546,15564,15601,15649,15703,15712,15734,26252,26337,15923,16003,16007,16012,26542,16034,16048,16122,16146,16153,16247,16293],"product_tag":[3100,146],"class_list":{"0":"post-1288","1":"product","2":"type-product","3":"status-publish","4":"has-post-thumbnail","6":"product_cat-chinese-herbs","7":"product_cat-ingredient-alpinia-galangal","8":"product_cat-ingredient-amber","9":"product_cat-ingredient-asparagus","10":"product_cat-ingredient-astragalus","11":"product_cat-ingredient-atractylodes","12":"product_cat-ingredient-boxthorne","13":"product_cat-ingredient-broomrape","14":"product_cat-ingredient-bupleurum-falcatum","15":"product_cat-ingredient-cardamom","16":"product_cat-ingredient-chaff-flower","17":"product_cat-ingredient-chinese-salvia-root","18":"product_cat-ingredient-cistanche","19":"product_cat-ingredient-citrus-bioflavonoids","20":"product_cat-ingredient-dioscorea","21":"product_cat-ingredient-dodder","22":"product_cat-ingredient-dogwood","23":"product_cat-ingredient-dong-quai-root","24":"product_cat-ingredient-epimedium","25":"product_cat-ingredient-eucommia","26":"product_cat-ingredient-fern","27":"product_cat-ingredient-flowering-quince","28":"product_cat-ingredient-ganoderma","29":"product_cat-ingredient-gentian-root","30":"product_cat-ingredient-ginger","31":"product_cat-ingredient-ginseng","32":"product_cat-ingredient-glehnia-root","33":"product_cat-ingredient-hoelen","34":"product_cat-ingredient-hyacinth-bean","35":"product_cat-ingredient-jujuba","36":"product_cat-ingredient-kudzu","37":"product_cat-ingredient-licorice-root","38":"product_cat-ingredient-lotus-seed","39":"product_cat-ingredient-magnolia","40":"product_cat-ingredient-morinda","41":"product_cat-ingredient-nut-grass","42":"product_cat-ingredient-ophiopogon-root","43":"product_cat-ingredient-oriental-arborvitae","44":"product_cat-ingredient-peony","45":"product_cat-ingredient-phellodendron-amurense","46":"product_cat-ingredient-plantain","47":"product_cat-ingredient-platycodon-root","48":"product_cat-ingredient-polygala-root","49":"product_cat-ingredient-privet","50":"product_cat-ingredient-purified-silver","51":"product_cat-ingredient-rehmannia-glutinosa","52":"product_cat-ingredient-rhizome","53":"product_cat-ingredient-root-tuber","54":"product_cat-ingredient-schisandra-chinensis","55":"product_cat-ingredient-silicon-dioxide","56":"product_cat-ingredient-solomons-seal","57":"product_cat-ingredient-sweet-flag","58":"product_cat-ingredient-sweetgums","59":"product_cat-ingredient-szechuan-lovage","60":"product_cat-ingredient-tangerine","61":"product_cat-ingredient-tartarian-aster","62":"product_cat-ingredient-teasel","63":"product_cat-ingredient-trichosanthes","64":"product_cat-ingredient-turmeric","65":"product_cat-ingredient-typhonium","66":"product_cat-ingredient-wild-yam","67":"product_cat-ingredient-zanthoxylum","68":"product_tag-non-gmo","69":"product_tag-organic","71":"first","72":"instock","73":"sale","74":"taxable","75":"shipping-taxable","76":"purchasable","77":"product-type-simple"},"group_of_quantity":0,"min_quantity":0,"max_quantity":12,"exclude_order_quantity_value_rules":"no","exclude_category_quantity_rules":"no","combine_variations":"no","acf":[],"_links":{"self":[{"href":"https:\/\/caringsunshine.com\/es\/wp-json\/wp\/v2\/product\/1288","targetHints":{"allow":["GET"]}}],"collection":[{"href":"https:\/\/caringsunshine.com\/es\/wp-json\/wp\/v2\/product"}],"about":[{"href":"https:\/\/caringsunshine.com\/es\/wp-json\/wp\/v2\/types\/product"}],"replies":[{"embeddable":true,"href":"https:\/\/caringsunshine.com\/es\/wp-json\/wp\/v2\/comments?post=1288"}],"version-history":[{"count":2,"href":"https:\/\/caringsunshine.com\/es\/wp-json\/wp\/v2\/product\/1288\/revisions"}],"predecessor-version":[{"id":3368665,"href":"https:\/\/caringsunshine.com\/es\/wp-json\/wp\/v2\/product\/1288\/revisions\/3368665"}],"wp:featuredmedia":[{"embeddable":true,"href":"https:\/\/caringsunshine.com\/es\/wp-json\/wp\/v2\/media\/2911350"}],"wp:attachment":[{"href":"https:\/\/caringsunshine.com\/es\/wp-json\/wp\/v2\/media?parent=1288"}],"wp:term":[{"taxonomy":"product_brand","embeddable":true,"href":"https:\/\/caringsunshine.com\/es\/wp-json\/wp\/v2\/product_brand?post=1288"},{"taxonomy":"product_cat","embeddable":true,"href":"https:\/\/caringsunshine.com\/es\/wp-json\/wp\/v2\/product_cat?post=1288"},{"taxonomy":"product_tag","embeddable":true,"href":"https:\/\/caringsunshine.com\/es\/wp-json\/wp\/v2\/product_tag?post=1288"}],"curies":[{"name":"wp","href":"https:\/\/api.w.org\/{rel}","templated":true}]}}