{"id":123,"date":"1999-12-31T16:00:00","date_gmt":"2000-01-01T00:00:00","guid":{"rendered":"http:\/\/caringsunshine.com\/supplements\/NaturesSunshine\/products\/envirodetox.aspx"},"modified":"2026-04-18T00:51:54","modified_gmt":"2026-04-18T07:51:54","slug":"envirodetox","status":"publish","type":"product","link":"https:\/\/caringsunshine.com\/es\/supplements\/NaturesSunshine\/products\/envirodetox.aspx\/","title":{"rendered":"Enviro-Detox"},"content":{"rendered":"<p>Enviro-Detox de Nature's Sunshine combina catorce nutrientes claves que ayudan a los procesos de limpieza del cuerpo. Enviro-Detox tambi\u00e9n apoya los \u00f3rganos que trabajan para desintoxicar el cuerpo: el h\u00edgado, los pulmones, los intestinos, los ri\u00f1ones, y la piel. Varias de las hierbas de esta f\u00f3rmula ayudan al h\u00edgado a purificar la sangre, otras promueven la salud del sistema inmunol\u00f3gico que combate las sustancias nocivas en el cuerpo, y otras ayudan en el proceso digestivo para eliminar las toxinas del cuerpo. En conjunto, las hierbas de Enviro-Detox proporcionan una fuente de nutrientes poderosas para que el cuerpo puede protegerse.<\/p>","protected":false},"excerpt":{"rendered":"<p>100 c\u00e1psulas<\/p>","protected":false},"featured_media":2833309,"comment_status":"open","ping_status":"closed","template":"","meta":{"_acf_changed":false,"footnotes":""},"product_brand":[],"product_cat":[29,15,1,13378,13627,14060,14205,14336,14506,15145,15199,15454,15694,15805,16279,85,3089],"product_tag":[3102,3101,3100,148],"class_list":{"0":"post-123","1":"product","2":"type-product","3":"status-publish","4":"has-post-thumbnail","6":"product_cat-colon-cleansing","7":"product_cat-herbs","8":"product_cat-allergy-immune","9":"product_cat-ingredient-bacillus-coagulans","10":"product_cat-ingredient-burdock","11":"product_cat-ingredient-dandelion","12":"product_cat-ingredient-echinacea-purpurea","13":"product_cat-ingredient-fenugreek","14":"product_cat-ingredient-ginger","15":"product_cat-ingredient-marshmallow","16":"product_cat-ingredient-milk-thistle","17":"product_cat-ingredient-pepsin","18":"product_cat-ingredient-red-clover","19":"product_cat-ingredient-sarsaparilla","20":"product_cat-ingredient-yellow-root","21":"product_cat-digestive","22":"product_cat-liver-detoxification","23":"product_tag-halal","24":"product_tag-kosher","25":"product_tag-non-gmo","26":"product_tag-vegan","28":"first","29":"instock","30":"sale","31":"taxable","32":"shipping-taxable","33":"purchasable","34":"product-type-simple"},"group_of_quantity":0,"min_quantity":0,"max_quantity":12,"exclude_order_quantity_value_rules":"no","exclude_category_quantity_rules":"no","combine_variations":"no","acf":[],"_links":{"self":[{"href":"https:\/\/caringsunshine.com\/es\/wp-json\/wp\/v2\/product\/123","targetHints":{"allow":["GET"]}}],"collection":[{"href":"https:\/\/caringsunshine.com\/es\/wp-json\/wp\/v2\/product"}],"about":[{"href":"https:\/\/caringsunshine.com\/es\/wp-json\/wp\/v2\/types\/product"}],"replies":[{"embeddable":true,"href":"https:\/\/caringsunshine.com\/es\/wp-json\/wp\/v2\/comments?post=123"}],"version-history":[{"count":1,"href":"https:\/\/caringsunshine.com\/es\/wp-json\/wp\/v2\/product\/123\/revisions"}],"predecessor-version":[{"id":3641655,"href":"https:\/\/caringsunshine.com\/es\/wp-json\/wp\/v2\/product\/123\/revisions\/3641655"}],"wp:featuredmedia":[{"embeddable":true,"href":"https:\/\/caringsunshine.com\/es\/wp-json\/wp\/v2\/media\/2833309"}],"wp:attachment":[{"href":"https:\/\/caringsunshine.com\/es\/wp-json\/wp\/v2\/media?parent=123"}],"wp:term":[{"taxonomy":"product_brand","embeddable":true,"href":"https:\/\/caringsunshine.com\/es\/wp-json\/wp\/v2\/product_brand?post=123"},{"taxonomy":"product_cat","embeddable":true,"href":"https:\/\/caringsunshine.com\/es\/wp-json\/wp\/v2\/product_cat?post=123"},{"taxonomy":"product_tag","embeddable":true,"href":"https:\/\/caringsunshine.com\/es\/wp-json\/wp\/v2\/product_tag?post=123"}],"curies":[{"name":"wp","href":"https:\/\/api.w.org\/{rel}","templated":true}]}}