{"id":120465,"date":"2018-09-17T11:42:21","date_gmt":"2018-09-17T16:42:21","guid":{"rendered":"https:\/\/caringsunshine.com\/?post_type=product&#038;p=120465"},"modified":"2026-04-24T09:49:53","modified_gmt":"2026-04-24T16:49:53","slug":"tei-fu-massage-lotion-2","status":"publish","type":"product","link":"https:\/\/caringsunshine.com\/es\/supplements\/NaturesSunshine\/products\/tei-fu-massage-lotion-2.aspx\/","title":{"rendered":"Loci\u00f3n de masaje Tei-Fu Recovery"},"content":{"rendered":"<p>La loci\u00f3n de masaje Tei-Fu Recovery proporciona un alivio c\u00e1lido y penetrante para los m\u00fasculos y articulaciones doloridos. Tambi\u00e9n puede ofrecer un alivio temporal de los dolores leves asociados con el dolor de espalda, las distensiones, los esguinces, y las contusiones. Esta f\u00f3rmula pura, sin parabenos, est\u00e1 enriquecida con extracto de flor de \u00e1rnica y aceite de ra\u00edz de jengibre. La Loci\u00f3n de Masaje Tei Fu combina estos aceites esenciales \u00fanicos con emolientes ricos para una eficacia de nivel superior tanto antes como despu\u00e9s de la actividad f\u00edsica. Adem\u00e1s, estos aceites y emolientes conocidos antiguamente proporcionan propiedades hidratantes sin grasa, para que la loci\u00f3n se aplica suavemente y se absorbe r\u00e1pidamente.<\/p>","protected":false},"excerpt":{"rendered":"<p>4 onzas<\/p>","protected":false},"featured_media":3173727,"comment_status":"open","ping_status":"closed","template":"","meta":{"_acf_changed":false,"footnotes":""},"product_brand":[],"product_cat":[12,15,16,31,13703,14628,15453,92],"product_tag":[],"class_list":{"0":"post-120465","1":"product","2":"type-product","3":"status-publish","4":"has-post-thumbnail","6":"product_cat-essential-oils","7":"product_cat-herbs","8":"product_cat-joints-bones","9":"product_cat-joint-pain","10":"product_cat-ingredient-caprylic-acid","11":"product_cat-ingredient-guar-gum","12":"product_cat-ingredient-peppermint","13":"product_cat-structural","15":"first","16":"instock","17":"sale","18":"taxable","19":"shipping-taxable","20":"purchasable","21":"product-type-simple"},"group_of_quantity":0,"min_quantity":0,"max_quantity":12,"exclude_order_quantity_value_rules":"no","exclude_category_quantity_rules":"no","combine_variations":"no","acf":[],"_links":{"self":[{"href":"https:\/\/caringsunshine.com\/es\/wp-json\/wp\/v2\/product\/120465","targetHints":{"allow":["GET"]}}],"collection":[{"href":"https:\/\/caringsunshine.com\/es\/wp-json\/wp\/v2\/product"}],"about":[{"href":"https:\/\/caringsunshine.com\/es\/wp-json\/wp\/v2\/types\/product"}],"replies":[{"embeddable":true,"href":"https:\/\/caringsunshine.com\/es\/wp-json\/wp\/v2\/comments?post=120465"}],"version-history":[{"count":1,"href":"https:\/\/caringsunshine.com\/es\/wp-json\/wp\/v2\/product\/120465\/revisions"}],"predecessor-version":[{"id":3368022,"href":"https:\/\/caringsunshine.com\/es\/wp-json\/wp\/v2\/product\/120465\/revisions\/3368022"}],"wp:featuredmedia":[{"embeddable":true,"href":"https:\/\/caringsunshine.com\/es\/wp-json\/wp\/v2\/media\/3173727"}],"wp:attachment":[{"href":"https:\/\/caringsunshine.com\/es\/wp-json\/wp\/v2\/media?parent=120465"}],"wp:term":[{"taxonomy":"product_brand","embeddable":true,"href":"https:\/\/caringsunshine.com\/es\/wp-json\/wp\/v2\/product_brand?post=120465"},{"taxonomy":"product_cat","embeddable":true,"href":"https:\/\/caringsunshine.com\/es\/wp-json\/wp\/v2\/product_cat?post=120465"},{"taxonomy":"product_tag","embeddable":true,"href":"https:\/\/caringsunshine.com\/es\/wp-json\/wp\/v2\/product_tag?post=120465"}],"curies":[{"name":"wp","href":"https:\/\/api.w.org\/{rel}","templated":true}]}}