{"id":120455,"date":"2018-09-17T11:26:51","date_gmt":"2018-09-17T16:26:51","guid":{"rendered":"https:\/\/caringsunshine.com\/?post_type=product&#038;p=120455"},"modified":"2026-04-18T00:52:25","modified_gmt":"2026-04-18T07:52:25","slug":"cinnamon-balance","status":"publish","type":"product","link":"https:\/\/caringsunshine.com\/es\/supplements\/NaturesSunshine\/products\/cinnamon-balance.aspx\/","title":{"rendered":"Cinnamon Balance"},"content":{"rendered":"<p>Cinnamon Balance es un suplemento natural que optimiza de forma \u00fanica el poder de la canela. Con una mezcla de hierbas cuidadosamente seleccionadas, tambi\u00e9n promueve los niveles normales de az\u00facar en sangre. Combina la mejor canela del mundo con hierbas de renombre que trabajan en armon\u00eda para restaurar y mantener el equilibrio del az\u00facar en la sangre de forma segura y natural. Este enfoque complementario distingue a Cinnamon Balance como un suplemento eficaz, suave, y completo para el apoyo al nivel normal de az\u00facar en la sangre.<\/p>","protected":false},"excerpt":{"rendered":"<p>120 c\u00e1psulas vegetales<\/p>","protected":false},"featured_media":2879591,"comment_status":"open","ping_status":"closed","template":"","meta":{"_acf_changed":false,"footnotes":""},"product_brand":[],"product_cat":[4,15,21],"product_tag":[],"class_list":{"0":"post-120455","1":"product","2":"type-product","3":"status-publish","4":"has-post-thumbnail","6":"product_cat-blood-sugar","7":"product_cat-herbs","8":"product_cat-vitamins-minerals","10":"first","11":"instock","12":"sale","13":"taxable","14":"shipping-taxable","15":"purchasable","16":"product-type-simple"},"group_of_quantity":0,"min_quantity":0,"max_quantity":12,"exclude_order_quantity_value_rules":"no","exclude_category_quantity_rules":"no","combine_variations":"no","acf":[],"_links":{"self":[{"href":"https:\/\/caringsunshine.com\/es\/wp-json\/wp\/v2\/product\/120455","targetHints":{"allow":["GET"]}}],"collection":[{"href":"https:\/\/caringsunshine.com\/es\/wp-json\/wp\/v2\/product"}],"about":[{"href":"https:\/\/caringsunshine.com\/es\/wp-json\/wp\/v2\/types\/product"}],"replies":[{"embeddable":true,"href":"https:\/\/caringsunshine.com\/es\/wp-json\/wp\/v2\/comments?post=120455"}],"version-history":[{"count":1,"href":"https:\/\/caringsunshine.com\/es\/wp-json\/wp\/v2\/product\/120455\/revisions"}],"predecessor-version":[{"id":3641057,"href":"https:\/\/caringsunshine.com\/es\/wp-json\/wp\/v2\/product\/120455\/revisions\/3641057"}],"wp:featuredmedia":[{"embeddable":true,"href":"https:\/\/caringsunshine.com\/es\/wp-json\/wp\/v2\/media\/2879591"}],"wp:attachment":[{"href":"https:\/\/caringsunshine.com\/es\/wp-json\/wp\/v2\/media?parent=120455"}],"wp:term":[{"taxonomy":"product_brand","embeddable":true,"href":"https:\/\/caringsunshine.com\/es\/wp-json\/wp\/v2\/product_brand?post=120455"},{"taxonomy":"product_cat","embeddable":true,"href":"https:\/\/caringsunshine.com\/es\/wp-json\/wp\/v2\/product_cat?post=120455"},{"taxonomy":"product_tag","embeddable":true,"href":"https:\/\/caringsunshine.com\/es\/wp-json\/wp\/v2\/product_tag?post=120455"}],"curies":[{"name":"wp","href":"https:\/\/api.w.org\/{rel}","templated":true}]}}