{"id":1189,"date":"1999-12-31T16:00:00","date_gmt":"2000-01-01T00:00:00","guid":{"rendered":"http:\/\/caringsunshine.com\/supplements\/NaturesSunshine\/products\/everflex.aspx"},"modified":"2026-04-16T11:21:41","modified_gmt":"2026-04-16T18:21:41","slug":"everflex","status":"publish","type":"product","link":"https:\/\/caringsunshine.com\/es\/supplements\/NaturesSunshine\/products\/everflex.aspx\/","title":{"rendered":"Everflex con \u00e1cido hialur\u00f3nico"},"content":{"rendered":"<p>Nature's Sunshine EverFlex\u00ae combina glucosamina, condroitina, MSM, \u00e1cido hialur\u00f3nico y garra del diablo en una potente f\u00f3rmula que favorece la salud estructural. Cada nutriente en EverFlex realiza su propia funci\u00f3n especial para fomentar la salud de las articulaciones y los cart\u00edlagos. La glucosamina, por ejemplo, favorece los procesos naturales de lubricaci\u00f3n de las articulaciones y las mantiene m\u00f3viles. La condroitina estimula la generaci\u00f3n del tejido cartilaginoso del cuerpo y act\u00faa como amortiguador atrayendo m\u00e1s l\u00edquido al cart\u00edlago. El MSM y el \u00e1cido hialur\u00f3nico tambi\u00e9n favorecen el buen funcionamiento de las articulaciones. Una raci\u00f3n diaria de EverFlex contiene 1.900 mg de estos nutrientes esenciales.<\/p>\n<p>N\u00daMERO DE STOCK: 948-4<\/p>","protected":false},"excerpt":{"rendered":"<p>60 comprimidos<\/p>","protected":false},"featured_media":2830433,"comment_status":"open","ping_status":"closed","template":"","meta":{"_acf_changed":false,"footnotes":""},"product_brand":[],"product_cat":[16,31,13858,14534,14725,15188,26337],"product_tag":[3102,3101,3100,148],"class_list":{"0":"post-1189","1":"product","2":"type-product","3":"status-publish","4":"has-post-thumbnail","6":"product_cat-joints-bones","7":"product_cat-joint-pain","8":"product_cat-ingredient-chondroitin","9":"product_cat-ingredient-glucosamine","10":"product_cat-ingredient-hyaluronic-acid","11":"product_cat-ingredient-methylsulfonylmethane-msm","12":"product_cat-ingredient-silicon-dioxide","13":"product_tag-halal","14":"product_tag-kosher","15":"product_tag-non-gmo","16":"product_tag-vegan","18":"first","19":"instock","20":"sale","21":"taxable","22":"shipping-taxable","23":"purchasable","24":"product-type-simple"},"group_of_quantity":0,"min_quantity":0,"max_quantity":12,"exclude_order_quantity_value_rules":"no","exclude_category_quantity_rules":"no","combine_variations":"no","acf":[],"_links":{"self":[{"href":"https:\/\/caringsunshine.com\/es\/wp-json\/wp\/v2\/product\/1189","targetHints":{"allow":["GET"]}}],"collection":[{"href":"https:\/\/caringsunshine.com\/es\/wp-json\/wp\/v2\/product"}],"about":[{"href":"https:\/\/caringsunshine.com\/es\/wp-json\/wp\/v2\/types\/product"}],"replies":[{"embeddable":true,"href":"https:\/\/caringsunshine.com\/es\/wp-json\/wp\/v2\/comments?post=1189"}],"version-history":[{"count":2,"href":"https:\/\/caringsunshine.com\/es\/wp-json\/wp\/v2\/product\/1189\/revisions"}],"predecessor-version":[{"id":3641675,"href":"https:\/\/caringsunshine.com\/es\/wp-json\/wp\/v2\/product\/1189\/revisions\/3641675"}],"wp:featuredmedia":[{"embeddable":true,"href":"https:\/\/caringsunshine.com\/es\/wp-json\/wp\/v2\/media\/2830433"}],"wp:attachment":[{"href":"https:\/\/caringsunshine.com\/es\/wp-json\/wp\/v2\/media?parent=1189"}],"wp:term":[{"taxonomy":"product_brand","embeddable":true,"href":"https:\/\/caringsunshine.com\/es\/wp-json\/wp\/v2\/product_brand?post=1189"},{"taxonomy":"product_cat","embeddable":true,"href":"https:\/\/caringsunshine.com\/es\/wp-json\/wp\/v2\/product_cat?post=1189"},{"taxonomy":"product_tag","embeddable":true,"href":"https:\/\/caringsunshine.com\/es\/wp-json\/wp\/v2\/product_tag?post=1189"}],"curies":[{"name":"wp","href":"https:\/\/api.w.org\/{rel}","templated":true}]}}