{"id":116,"date":"1999-12-31T16:00:00","date_gmt":"2000-01-01T00:00:00","guid":{"rendered":"http:\/\/caringsunshine.com\/supplements\/NaturesSunshine\/products\/e-tea.aspx"},"modified":"2026-05-16T01:32:13","modified_gmt":"2026-05-16T08:32:13","slug":"e-tea","status":"publish","type":"product","link":"https:\/\/caringsunshine.com\/es\/supplements\/NaturesSunshine\/products\/e-tea.aspx\/","title":{"rendered":"E-Tea"},"content":{"rendered":"<p>Nature's Sunshine captura las poderosas propiedades de las hierbas del tradicional t\u00e9 de Essiac en las c\u00e1psulas E-Tea\u00ae. El t\u00e9 Essiac, procedente de la receta de un curandero nativo Ojibwa y dada a una enfermera canadiense, tarda horas en producirse en casa. Pero el apoyo que proporciona al sistema inmunol\u00f3gico y al sistema circulatorio, as\u00ed como sus propiedades de desintoxicaci\u00f3n, lo califica como un recurso herbal valioso. Las c\u00e1psulas de E-Tea de Nature's Sunshine son c\u00f3modas y proporcionan los mismos beneficios para la salud sin el tiempo que toma para preparar el t\u00e9 de Essiac.<\/p>","protected":false},"excerpt":{"rendered":"<p>100 c\u00e1psulas<\/p>","protected":false},"featured_media":2911529,"comment_status":"open","ping_status":"closed","template":"","meta":{"_acf_changed":false,"footnotes":""},"product_brand":[],"product_cat":[84,29,15,1,13627,15721,15865,26337,15910],"product_tag":[3100,148],"class_list":{"0":"post-116","1":"product","2":"type-product","3":"status-publish","4":"has-post-thumbnail","6":"product_cat-circulatory","7":"product_cat-colon-cleansing","8":"product_cat-herbs","9":"product_cat-allergy-immune","10":"product_cat-ingredient-burdock","11":"product_cat-ingredient-rhubarb-root","12":"product_cat-ingredient-sheeps-sorrel","13":"product_cat-ingredient-silicon-dioxide","14":"product_cat-ingredient-slippery-elm-bark","15":"product_tag-non-gmo","16":"product_tag-vegan","18":"first","19":"instock","20":"sale","21":"taxable","22":"shipping-taxable","23":"purchasable","24":"product-type-simple"},"group_of_quantity":0,"min_quantity":0,"max_quantity":12,"exclude_order_quantity_value_rules":"no","exclude_category_quantity_rules":"no","combine_variations":"no","acf":[],"_links":{"self":[{"href":"https:\/\/caringsunshine.com\/es\/wp-json\/wp\/v2\/product\/116","targetHints":{"allow":["GET"]}}],"collection":[{"href":"https:\/\/caringsunshine.com\/es\/wp-json\/wp\/v2\/product"}],"about":[{"href":"https:\/\/caringsunshine.com\/es\/wp-json\/wp\/v2\/types\/product"}],"replies":[{"embeddable":true,"href":"https:\/\/caringsunshine.com\/es\/wp-json\/wp\/v2\/comments?post=116"}],"version-history":[{"count":2,"href":"https:\/\/caringsunshine.com\/es\/wp-json\/wp\/v2\/product\/116\/revisions"}],"predecessor-version":[{"id":3641179,"href":"https:\/\/caringsunshine.com\/es\/wp-json\/wp\/v2\/product\/116\/revisions\/3641179"}],"wp:featuredmedia":[{"embeddable":true,"href":"https:\/\/caringsunshine.com\/es\/wp-json\/wp\/v2\/media\/2911529"}],"wp:attachment":[{"href":"https:\/\/caringsunshine.com\/es\/wp-json\/wp\/v2\/media?parent=116"}],"wp:term":[{"taxonomy":"product_brand","embeddable":true,"href":"https:\/\/caringsunshine.com\/es\/wp-json\/wp\/v2\/product_brand?post=116"},{"taxonomy":"product_cat","embeddable":true,"href":"https:\/\/caringsunshine.com\/es\/wp-json\/wp\/v2\/product_cat?post=116"},{"taxonomy":"product_tag","embeddable":true,"href":"https:\/\/caringsunshine.com\/es\/wp-json\/wp\/v2\/product_tag?post=116"}],"curies":[{"name":"wp","href":"https:\/\/api.w.org\/{rel}","templated":true}]}}