{"id":110,"date":"1999-12-31T16:00:00","date_gmt":"2000-01-01T00:00:00","guid":{"rendered":"http:\/\/caringsunshine.com\/supplements\/NaturesSunshine\/products\/cardio-assurance.aspx"},"modified":"2026-04-30T00:05:26","modified_gmt":"2026-04-30T07:05:26","slug":"cardio-assurance","status":"publish","type":"product","link":"https:\/\/caringsunshine.com\/es\/supplements\/NaturesSunshine\/products\/cardio-assurance.aspx\/","title":{"rendered":"Cardio Assurance"},"content":{"rendered":"<p>Nature's Sunshine Cardio Assurance combina hierbas conocidas por sus poderosos beneficios para el sistema cardiovascular. El espino blanco, cient\u00edficamente probado para apoyar la salud del coraz\u00f3n y la circulaci\u00f3n, es rico en flavonoides que contienen antioxidantes y que fomentan el flujo sangu\u00edneo saludable y mantienen las arterias sanas. La vitamina K2, otro ingrediente clave de la f\u00f3rmula de Cardio Assurance, puede ayudar a controlar el peso al favorecer la capacidad del organismo para sintetizar la insulina y almacenar menos grasa. Cardio Assurance tambi\u00e9n contiene resveratrol, \u00e1cido f\u00f3lico, vitamina B6 y vitamina B12, que se combinan para proporcionar una potente protecci\u00f3n al coraz\u00f3n y sus sistemas.<\/p>","protected":false},"excerpt":{"rendered":"<p>60 c\u00e1psulas<\/p>","protected":false},"featured_media":2911336,"comment_status":"open","ping_status":"closed","template":"","meta":{"_acf_changed":false,"footnotes":""},"product_brand":[],"product_cat":[2,14,15,14388,14651,15707,16209,16210,16215,21,84],"product_tag":[],"class_list":{"0":"post-110","1":"product","2":"type-product","3":"status-publish","4":"has-post-thumbnail","6":"product_cat-antioxidants","7":"product_cat-heart-health","8":"product_cat-herbs","9":"product_cat-ingredient-folic-acid","10":"product_cat-ingredient-hawthorn","11":"product_cat-ingredient-resveratrol","12":"product_cat-ingredient-vitamin-b12","13":"product_cat-ingredient-vitamin-b6","14":"product_cat-ingredient-vitamin-k","15":"product_cat-vitamins-minerals","16":"product_cat-circulatory","18":"first","19":"instock","20":"sale","21":"taxable","22":"shipping-taxable","23":"purchasable","24":"product-type-simple"},"group_of_quantity":0,"min_quantity":0,"max_quantity":12,"exclude_order_quantity_value_rules":"no","exclude_category_quantity_rules":"no","combine_variations":"no","acf":[],"_links":{"self":[{"href":"https:\/\/caringsunshine.com\/es\/wp-json\/wp\/v2\/product\/110","targetHints":{"allow":["GET"]}}],"collection":[{"href":"https:\/\/caringsunshine.com\/es\/wp-json\/wp\/v2\/product"}],"about":[{"href":"https:\/\/caringsunshine.com\/es\/wp-json\/wp\/v2\/types\/product"}],"replies":[{"embeddable":true,"href":"https:\/\/caringsunshine.com\/es\/wp-json\/wp\/v2\/comments?post=110"}],"version-history":[{"count":1,"href":"https:\/\/caringsunshine.com\/es\/wp-json\/wp\/v2\/product\/110\/revisions"}],"predecessor-version":[{"id":3640984,"href":"https:\/\/caringsunshine.com\/es\/wp-json\/wp\/v2\/product\/110\/revisions\/3640984"}],"wp:featuredmedia":[{"embeddable":true,"href":"https:\/\/caringsunshine.com\/es\/wp-json\/wp\/v2\/media\/2911336"}],"wp:attachment":[{"href":"https:\/\/caringsunshine.com\/es\/wp-json\/wp\/v2\/media?parent=110"}],"wp:term":[{"taxonomy":"product_brand","embeddable":true,"href":"https:\/\/caringsunshine.com\/es\/wp-json\/wp\/v2\/product_brand?post=110"},{"taxonomy":"product_cat","embeddable":true,"href":"https:\/\/caringsunshine.com\/es\/wp-json\/wp\/v2\/product_cat?post=110"},{"taxonomy":"product_tag","embeddable":true,"href":"https:\/\/caringsunshine.com\/es\/wp-json\/wp\/v2\/product_tag?post=110"}],"curies":[{"name":"wp","href":"https:\/\/api.w.org\/{rel}","templated":true}]}}