{"id":109,"date":"1999-12-31T16:00:00","date_gmt":"2000-01-01T00:00:00","guid":{"rendered":"http:\/\/caringsunshine.com\/supplements\/NaturesSunshine\/products\/capsicum-garlic-with-parsley.aspx"},"modified":"2026-04-16T01:07:13","modified_gmt":"2026-04-16T08:07:13","slug":"capsicum-garlic-with-parsley","status":"publish","type":"product","link":"https:\/\/caringsunshine.com\/es\/supplements\/NaturesSunshine\/products\/capsicum-garlic-with-parsley.aspx\/","title":{"rendered":"Pimiento y ajo (con perejil)"},"content":{"rendered":"<p>Nature's Sunshine combina el pimiento, el ajo, y el perejil para proveer una fuente rica en oligoelementos. El pimiento ayuda al sistema digestivo, mientras que el ajo ayuda al sistema inmunol\u00f3gico. Ambos ofrecen nutrientes que son claves para mejorar la salud circulatoria. La adici\u00f3n de perejil a la f\u00f3rmula ayuda a regular el olor del ajo. Estas tres hierbas trabajan juntas en Nature's Sunshine Capsicum &amp; Garlic with Parsley para regular los niveles ya normales de la presi\u00f3n arterial.<\/p>","protected":false},"excerpt":{"rendered":"<p>100 c\u00e1psulas<\/p>","protected":false},"featured_media":2911332,"comment_status":"open","ping_status":"closed","template":"","meta":{"_acf_changed":false,"footnotes":""},"product_brand":[],"product_cat":[4,10,14,15,1,13708,14477,15417,84,86],"product_tag":[3102,3101,3100],"class_list":{"0":"post-109","1":"product","2":"type-product","3":"status-publish","4":"has-post-thumbnail","6":"product_cat-blood-sugar","7":"product_cat-energy","8":"product_cat-heart-health","9":"product_cat-herbs","10":"product_cat-allergy-immune","11":"product_cat-ingredient-capsicum","12":"product_cat-ingredient-garlic-bulb","13":"product_cat-ingredient-parsley","14":"product_cat-circulatory","15":"product_cat-glandular","16":"product_tag-halal","17":"product_tag-kosher","18":"product_tag-non-gmo","20":"first","21":"instock","22":"sale","23":"taxable","24":"shipping-taxable","25":"purchasable","26":"product-type-simple"},"group_of_quantity":0,"min_quantity":0,"max_quantity":12,"exclude_order_quantity_value_rules":"no","exclude_category_quantity_rules":"no","combine_variations":"no","acf":[],"_links":{"self":[{"href":"https:\/\/caringsunshine.com\/es\/wp-json\/wp\/v2\/product\/109","targetHints":{"allow":["GET"]}}],"collection":[{"href":"https:\/\/caringsunshine.com\/es\/wp-json\/wp\/v2\/product"}],"about":[{"href":"https:\/\/caringsunshine.com\/es\/wp-json\/wp\/v2\/types\/product"}],"replies":[{"embeddable":true,"href":"https:\/\/caringsunshine.com\/es\/wp-json\/wp\/v2\/comments?post=109"}],"version-history":[{"count":1,"href":"https:\/\/caringsunshine.com\/es\/wp-json\/wp\/v2\/product\/109\/revisions"}],"predecessor-version":[{"id":3640980,"href":"https:\/\/caringsunshine.com\/es\/wp-json\/wp\/v2\/product\/109\/revisions\/3640980"}],"wp:featuredmedia":[{"embeddable":true,"href":"https:\/\/caringsunshine.com\/es\/wp-json\/wp\/v2\/media\/2911332"}],"wp:attachment":[{"href":"https:\/\/caringsunshine.com\/es\/wp-json\/wp\/v2\/media?parent=109"}],"wp:term":[{"taxonomy":"product_brand","embeddable":true,"href":"https:\/\/caringsunshine.com\/es\/wp-json\/wp\/v2\/product_brand?post=109"},{"taxonomy":"product_cat","embeddable":true,"href":"https:\/\/caringsunshine.com\/es\/wp-json\/wp\/v2\/product_cat?post=109"},{"taxonomy":"product_tag","embeddable":true,"href":"https:\/\/caringsunshine.com\/es\/wp-json\/wp\/v2\/product_tag?post=109"}],"curies":[{"name":"wp","href":"https:\/\/api.w.org\/{rel}","templated":true}]}}