{"id":1053,"date":"1999-12-31T16:00:00","date_gmt":"2000-01-01T00:00:00","guid":{"rendered":"http:\/\/caringsunshine.com\/supplements\/NaturesSunshine\/products\/vitamin-d3.aspx"},"modified":"2026-04-18T00:51:47","modified_gmt":"2026-04-18T07:51:47","slug":"vitamin-d3","status":"publish","type":"product","link":"https:\/\/caringsunshine.com\/es\/supplements\/NaturesSunshine\/products\/vitamin-d3.aspx\/","title":{"rendered":"Vitamina D3"},"content":{"rendered":"<p>Vitamin D3 de Nature's Sunshine ofrece los beneficios de \"la vitamina del sol\" para favorecer la salud circulatoria, inmunitaria, y estructural. La vitamina D se produce cuando los rayos del sol caen sobre la piel; en \u00e9pocas en las que la exposici\u00f3n al sol puede ser dif\u00edcil de obtener, como los meses nublados o durante el invierno, puede ser necesaria la administraci\u00f3n de suplementos. La vitamina D3 es la m\u00e1s bioactiva de las dos formas de vitamina D.<\/p>\n<p>La vitamina D ayuda a regular los niveles normales de calcio y f\u00f3sforo en la sangre, ayuda a fortalecer los huesos, y junto con otras vitaminas, minerales, y hormonas, favorece la mineralizaci\u00f3n de los huesos. La vitamina D tambi\u00e9n puede mejorar la salud inmunol\u00f3gica.<\/p>\n<p>N\u00daMERO DE STOCK: 1155<\/p>","protected":false},"excerpt":{"rendered":"<p>60 comprimidos<\/p>","protected":false},"featured_media":3261773,"comment_status":"open","ping_status":"closed","template":"","meta":{"_acf_changed":false,"footnotes":""},"product_brand":[],"product_cat":[1,16,16213,34,21,73,92],"product_tag":[3100],"class_list":{"0":"post-1053","1":"product","2":"type-product","3":"status-publish","4":"has-post-thumbnail","6":"product_cat-allergy-immune","7":"product_cat-joints-bones","8":"product_cat-ingredient-vitamin-d3","9":"product_cat-vitamins","10":"product_cat-vitamins-minerals","11":"product_cat-mood","12":"product_cat-structural","13":"product_tag-non-gmo","15":"first","16":"instock","17":"sale","18":"taxable","19":"shipping-taxable","20":"purchasable","21":"product-type-simple"},"group_of_quantity":0,"min_quantity":0,"max_quantity":12,"exclude_order_quantity_value_rules":"no","exclude_category_quantity_rules":"no","combine_variations":"no","acf":[],"_links":{"self":[{"href":"https:\/\/caringsunshine.com\/es\/wp-json\/wp\/v2\/product\/1053","targetHints":{"allow":["GET"]}}],"collection":[{"href":"https:\/\/caringsunshine.com\/es\/wp-json\/wp\/v2\/product"}],"about":[{"href":"https:\/\/caringsunshine.com\/es\/wp-json\/wp\/v2\/types\/product"}],"replies":[{"embeddable":true,"href":"https:\/\/caringsunshine.com\/es\/wp-json\/wp\/v2\/comments?post=1053"}],"version-history":[{"count":3,"href":"https:\/\/caringsunshine.com\/es\/wp-json\/wp\/v2\/product\/1053\/revisions"}],"predecessor-version":[{"id":3358634,"href":"https:\/\/caringsunshine.com\/es\/wp-json\/wp\/v2\/product\/1053\/revisions\/3358634"}],"wp:featuredmedia":[{"embeddable":true,"href":"https:\/\/caringsunshine.com\/es\/wp-json\/wp\/v2\/media\/3261773"}],"wp:attachment":[{"href":"https:\/\/caringsunshine.com\/es\/wp-json\/wp\/v2\/media?parent=1053"}],"wp:term":[{"taxonomy":"product_brand","embeddable":true,"href":"https:\/\/caringsunshine.com\/es\/wp-json\/wp\/v2\/product_brand?post=1053"},{"taxonomy":"product_cat","embeddable":true,"href":"https:\/\/caringsunshine.com\/es\/wp-json\/wp\/v2\/product_cat?post=1053"},{"taxonomy":"product_tag","embeddable":true,"href":"https:\/\/caringsunshine.com\/es\/wp-json\/wp\/v2\/product_tag?post=1053"}],"curies":[{"name":"wp","href":"https:\/\/api.w.org\/{rel}","templated":true}]}}