{"id":104,"date":"1999-12-31T16:00:00","date_gmt":"2000-01-01T00:00:00","guid":{"rendered":"http:\/\/caringsunshine.com\/supplements\/NaturesSunshine\/products\/bp-x.aspx"},"modified":"2026-04-18T01:41:32","modified_gmt":"2026-04-18T08:41:32","slug":"bp-x","status":"publish","type":"product","link":"https:\/\/caringsunshine.com\/es\/supplements\/NaturesSunshine\/products\/bp-x.aspx\/","title":{"rendered":"BP-X"},"content":{"rendered":"<p>BP-X\u00ae de Nature's Sunshine combina la ra\u00edz de bardana, la corteza de pau d'arco, las sumidades de tr\u00e9bol rojo, la ra\u00edz de zarzaparrilla, la ra\u00edz de diente de le\u00f3n, la corteza de espino cerval, la corteza de c\u00e1scara sagrada, la corteza de melocot\u00f3n, las flores de milenrama, la ra\u00edz de uva de oreg\u00f3n, y la corteza de fresno espinoso en una f\u00f3rmula potente que favorece el sistema circulatorio y la funci\u00f3n renal. BP-X ayuda a limpiar la sangre, para que el cuerpo pueda regular la funci\u00f3n intestinal y la digesti\u00f3n normal.<\/p>","protected":false},"excerpt":{"rendered":"<p>100 c\u00e1psulas<\/p>","protected":false},"featured_media":2878865,"comment_status":"open","ping_status":"closed","template":"","meta":{"_acf_changed":false,"footnotes":""},"product_brand":[],"product_cat":[29,14,15,1,13614,13627,13746,14060,15359,15427,15598,15694,15805,16275,16279,84,89,3089],"product_tag":[3100],"class_list":{"0":"post-104","1":"product","2":"type-product","3":"status-publish","4":"has-post-thumbnail","6":"product_cat-colon-cleansing","7":"product_cat-heart-health","8":"product_cat-herbs","9":"product_cat-allergy-immune","10":"product_cat-ingredient-buckthorn","11":"product_cat-ingredient-burdock","12":"product_cat-ingredient-cascara-sagrada","13":"product_cat-ingredient-dandelion","14":"product_cat-ingredient-oregon-grape","15":"product_cat-ingredient-pau-darco","16":"product_cat-ingredient-prickly-ash","17":"product_cat-ingredient-red-clover","18":"product_cat-ingredient-sarsaparilla","19":"product_cat-ingredient-yarrow","20":"product_cat-ingredient-yellow-root","21":"product_cat-circulatory","22":"product_cat-intestinal","23":"product_cat-liver-detoxification","24":"product_tag-non-gmo","26":"first","27":"instock","28":"sale","29":"taxable","30":"shipping-taxable","31":"purchasable","32":"product-type-simple"},"group_of_quantity":0,"min_quantity":0,"max_quantity":12,"exclude_order_quantity_value_rules":"no","exclude_category_quantity_rules":"no","combine_variations":"no","acf":[],"_links":{"self":[{"href":"https:\/\/caringsunshine.com\/es\/wp-json\/wp\/v2\/product\/104","targetHints":{"allow":["GET"]}}],"collection":[{"href":"https:\/\/caringsunshine.com\/es\/wp-json\/wp\/v2\/product"}],"about":[{"href":"https:\/\/caringsunshine.com\/es\/wp-json\/wp\/v2\/types\/product"}],"replies":[{"embeddable":true,"href":"https:\/\/caringsunshine.com\/es\/wp-json\/wp\/v2\/comments?post=104"}],"version-history":[{"count":1,"href":"https:\/\/caringsunshine.com\/es\/wp-json\/wp\/v2\/product\/104\/revisions"}],"predecessor-version":[{"id":3640942,"href":"https:\/\/caringsunshine.com\/es\/wp-json\/wp\/v2\/product\/104\/revisions\/3640942"}],"wp:featuredmedia":[{"embeddable":true,"href":"https:\/\/caringsunshine.com\/es\/wp-json\/wp\/v2\/media\/2878865"}],"wp:attachment":[{"href":"https:\/\/caringsunshine.com\/es\/wp-json\/wp\/v2\/media?parent=104"}],"wp:term":[{"taxonomy":"product_brand","embeddable":true,"href":"https:\/\/caringsunshine.com\/es\/wp-json\/wp\/v2\/product_brand?post=104"},{"taxonomy":"product_cat","embeddable":true,"href":"https:\/\/caringsunshine.com\/es\/wp-json\/wp\/v2\/product_cat?post=104"},{"taxonomy":"product_tag","embeddable":true,"href":"https:\/\/caringsunshine.com\/es\/wp-json\/wp\/v2\/product_tag?post=104"}],"curies":[{"name":"wp","href":"https:\/\/api.w.org\/{rel}","templated":true}]}}