{"id":103,"date":"1999-12-31T16:00:00","date_gmt":"2000-01-01T00:00:00","guid":{"rendered":"http:\/\/caringsunshine.com\/supplements\/NaturesSunshine\/products\/bone-skin-poultice.aspx"},"modified":"2026-04-19T01:04:49","modified_gmt":"2026-04-19T08:04:49","slug":"bone-skin-poultice","status":"publish","type":"product","link":"https:\/\/caringsunshine.com\/es\/supplements\/NaturesSunshine\/products\/bone-skin-poultice.aspx\/","title":{"rendered":"Cataplasma para huesos y piel"},"content":{"rendered":"<p>Una combinaci\u00f3n de flor de milenrama, hoja de gordolobo, hierba de llant\u00e9n, y ra\u00edz de rehmannia, Bone\/Skin Poultice de Nature's Sunshine ofrece los mismos beneficios para la salud que la hoja de consuelda. Ayuda a mantener un sistema estructural fuerte. Puede combinarse con Nature's Sunshine Golden Salve y aplicarse sobre la piel.<\/p>","protected":false},"excerpt":{"rendered":"<p>100 c\u00e1psulas<\/p>","protected":false},"featured_media":2911323,"comment_status":"open","ping_status":"closed","template":"","meta":{"_acf_changed":false,"footnotes":""},"product_brand":[],"product_cat":[15,3,16,15250,15543,15703,16275,92],"product_tag":[],"class_list":{"0":"post-103","1":"product","2":"type-product","3":"status-publish","4":"has-post-thumbnail","6":"product_cat-herbs","7":"product_cat-beauty-skin-care","8":"product_cat-joints-bones","9":"product_cat-ingredient-mullein","10":"product_cat-ingredient-plantain","11":"product_cat-ingredient-rehmannia-glutinosa","12":"product_cat-ingredient-yarrow","13":"product_cat-structural","15":"first","16":"instock","17":"sale","18":"taxable","19":"shipping-taxable","20":"purchasable","21":"product-type-simple"},"group_of_quantity":0,"min_quantity":0,"max_quantity":12,"exclude_order_quantity_value_rules":"no","exclude_category_quantity_rules":"no","combine_variations":"no","acf":[],"_links":{"self":[{"href":"https:\/\/caringsunshine.com\/es\/wp-json\/wp\/v2\/product\/103","targetHints":{"allow":["GET"]}}],"collection":[{"href":"https:\/\/caringsunshine.com\/es\/wp-json\/wp\/v2\/product"}],"about":[{"href":"https:\/\/caringsunshine.com\/es\/wp-json\/wp\/v2\/types\/product"}],"replies":[{"embeddable":true,"href":"https:\/\/caringsunshine.com\/es\/wp-json\/wp\/v2\/comments?post=103"}],"version-history":[{"count":1,"href":"https:\/\/caringsunshine.com\/es\/wp-json\/wp\/v2\/product\/103\/revisions"}],"predecessor-version":[{"id":3640937,"href":"https:\/\/caringsunshine.com\/es\/wp-json\/wp\/v2\/product\/103\/revisions\/3640937"}],"wp:featuredmedia":[{"embeddable":true,"href":"https:\/\/caringsunshine.com\/es\/wp-json\/wp\/v2\/media\/2911323"}],"wp:attachment":[{"href":"https:\/\/caringsunshine.com\/es\/wp-json\/wp\/v2\/media?parent=103"}],"wp:term":[{"taxonomy":"product_brand","embeddable":true,"href":"https:\/\/caringsunshine.com\/es\/wp-json\/wp\/v2\/product_brand?post=103"},{"taxonomy":"product_cat","embeddable":true,"href":"https:\/\/caringsunshine.com\/es\/wp-json\/wp\/v2\/product_cat?post=103"},{"taxonomy":"product_tag","embeddable":true,"href":"https:\/\/caringsunshine.com\/es\/wp-json\/wp\/v2\/product_tag?post=103"}],"curies":[{"name":"wp","href":"https:\/\/api.w.org\/{rel}","templated":true}]}}