{"id":63029,"date":"2018-05-17T18:02:40","date_gmt":"2018-05-17T22:02:40","guid":{"rendered":"https:\/\/caringsunshine.com\/?page_id=63029"},"modified":"2024-04-27T09:52:13","modified_gmt":"2024-04-27T16:52:13","slug":"return-policy","status":"publish","type":"page","link":"https:\/\/caringsunshine.com\/es\/return-policy\/","title":{"rendered":"Devoluciones f\u00e1ciles"},"content":{"rendered":"<h2>Devoluciones F\u00e1ciles de Caring Sunshine<\/h2>\n<p>Nuestra p\u00f3liza de devoluciones es ambos f\u00e1cil y generosa. Aceptamos devoluciones por cualquier raz\u00f3n durante 90 d\u00edas a partir de la fecha del pedido.<\/p>\n<p>Hay dos opciones para iniciar una devoluci\u00f3n:<\/p>\n<p>* Llamarnos al 888-510-7196.<\/p>\n<p>* Acceder a su cuenta y ir a la p\u00e1gina de sus pedidos anteriores. Luego, hacer clic en el bot\u00f3n \"Devoluci\u00f3n\/reembolso\" junto al pedido correspondiente.<\/p>\n<p>Cuando usted ha iniciado una devoluci\u00f3n, nos pondremos en contacto con usted para comunicarle si necesitamos que nos devuelva el producto. Si necesitamos que nos devuelva el producto, le enviaremos una etiqueta pagada por adelante.<\/p>\n<p>Usted NO paga para el env\u00edo de las devoluciones. Reembolsaremos el costo del env\u00edo est\u00e1ndar del pedido original y pagaremos por adelante la etiqueta para devolver los productos. (Podemos prorratear el reembolso de los gastos de env\u00edo si s\u00f3lo devuelve una parte de un pedido, y por lo general, no reembolsaremos el costo del env\u00edo acelerado).<\/p>\n<p>M\u00e1s del 99,99999% de ustedes son incre\u00edbles, pero esto es para la peque\u00f1a fracci\u00f3n de ustedes que podr\u00edan estar tentados a aprovecharse de nuestra generosidad: Caring Sunshine se reserva el derecho de modificar esta p\u00f3liza para los clientes que creemos que abusan de ella.<\/p>\n<p>&nbsp;<\/p>","protected":false},"excerpt":{"rendered":"<p>Caring Sunshine Devoluciones f\u00e1ciles Nuestra pol\u00edtica de devoluciones es tan f\u00e1cil como generosa. Aceptamos devoluciones por cualquier motivo durante 90 d\u00edas a partir de la fecha del pedido. Tienes dos opciones para iniciar una devoluci\u00f3n: * Llamarnos al 888-510-7196. * Acceda a su cuenta y vaya a la p\u00e1gina de pedidos anteriores. A continuaci\u00f3n, s\u00f3lo tienes que hacer clic en la opci\u00f3n \"Devoluci\u00f3n\/reembolso\" [...]","protected":false},"author":1,"featured_media":0,"parent":0,"menu_order":0,"comment_status":"closed","ping_status":"closed","template":"","meta":{"_acf_changed":false,"footnotes":""},"rapid":[],"class_list":["post-63029","page","type-page","status-publish","hentry"],"acf":[],"_links":{"self":[{"href":"https:\/\/caringsunshine.com\/es\/wp-json\/wp\/v2\/pages\/63029","targetHints":{"allow":["GET"]}}],"collection":[{"href":"https:\/\/caringsunshine.com\/es\/wp-json\/wp\/v2\/pages"}],"about":[{"href":"https:\/\/caringsunshine.com\/es\/wp-json\/wp\/v2\/types\/page"}],"author":[{"embeddable":true,"href":"https:\/\/caringsunshine.com\/es\/wp-json\/wp\/v2\/users\/1"}],"replies":[{"embeddable":true,"href":"https:\/\/caringsunshine.com\/es\/wp-json\/wp\/v2\/comments?post=63029"}],"version-history":[{"count":1,"href":"https:\/\/caringsunshine.com\/es\/wp-json\/wp\/v2\/pages\/63029\/revisions"}],"predecessor-version":[{"id":3257189,"href":"https:\/\/caringsunshine.com\/es\/wp-json\/wp\/v2\/pages\/63029\/revisions\/3257189"}],"wp:attachment":[{"href":"https:\/\/caringsunshine.com\/es\/wp-json\/wp\/v2\/media?parent=63029"}],"wp:term":[{"taxonomy":"rapid","embeddable":true,"href":"https:\/\/caringsunshine.com\/es\/wp-json\/wp\/v2\/rapid?post=63029"}],"curies":[{"name":"wp","href":"https:\/\/api.w.org\/{rel}","templated":true}]}}