{"id":6232,"date":"2015-10-02T20:49:02","date_gmt":"2015-10-02T20:49:02","guid":{"rendered":"https:\/\/caringsunshine.com\/?page_id=6232"},"modified":"2024-05-11T07:07:25","modified_gmt":"2024-05-11T14:07:25","slug":"chlorophyll-sunshine","status":"publish","type":"page","link":"https:\/\/caringsunshine.com\/es\/chlorophyll-sunshine\/","title":{"rendered":"Clorofila Sol"},"content":{"rendered":"<p>Chlorophyll Sunshine (Nature's Sunshine) es un producto l\u00edquido dise\u00f1ado para limpiar la sangre, actuar como desodorante natural y fortalecer las c\u00e9lulas de todo el cuerpo. <a href=\"https:\/\/caringsunshine.com\/es\/supplements\/NaturesSunshine\/products\/chlorophyll-liquid-16.aspx\/\">M\u00e1s informaci\u00f3n sobre la clorofila l\u00edquida y su pedido aqu\u00ed<\/a>.<\/p>","protected":false},"excerpt":{"rendered":"<p>Chlorophyll Sunshine (Nature's Sunshine) es un producto l\u00edquido dise\u00f1ado para limpiar la sangre, actuar como desodorante natural y fortalecer las c\u00e9lulas de todo el cuerpo. Conozca m\u00e1s sobre la Clorofila L\u00edquida y p\u00eddala aqu\u00ed.<\/p>","protected":false},"author":1,"featured_media":0,"parent":0,"menu_order":0,"comment_status":"open","ping_status":"closed","template":"page-blank-title-center.php","meta":{"_acf_changed":false,"footnotes":""},"rapid":[],"class_list":["post-6232","page","type-page","status-publish","hentry"],"acf":[],"_links":{"self":[{"href":"https:\/\/caringsunshine.com\/es\/wp-json\/wp\/v2\/pages\/6232","targetHints":{"allow":["GET"]}}],"collection":[{"href":"https:\/\/caringsunshine.com\/es\/wp-json\/wp\/v2\/pages"}],"about":[{"href":"https:\/\/caringsunshine.com\/es\/wp-json\/wp\/v2\/types\/page"}],"author":[{"embeddable":true,"href":"https:\/\/caringsunshine.com\/es\/wp-json\/wp\/v2\/users\/1"}],"replies":[{"embeddable":true,"href":"https:\/\/caringsunshine.com\/es\/wp-json\/wp\/v2\/comments?post=6232"}],"version-history":[{"count":1,"href":"https:\/\/caringsunshine.com\/es\/wp-json\/wp\/v2\/pages\/6232\/revisions"}],"predecessor-version":[{"id":3262420,"href":"https:\/\/caringsunshine.com\/es\/wp-json\/wp\/v2\/pages\/6232\/revisions\/3262420"}],"wp:attachment":[{"href":"https:\/\/caringsunshine.com\/es\/wp-json\/wp\/v2\/media?parent=6232"}],"wp:term":[{"taxonomy":"rapid","embeddable":true,"href":"https:\/\/caringsunshine.com\/es\/wp-json\/wp\/v2\/rapid?post=6232"}],"curies":[{"name":"wp","href":"https:\/\/api.w.org\/{rel}","templated":true}]}}