{"id":6230,"date":"2015-10-02T20:48:34","date_gmt":"2015-10-02T20:48:34","guid":{"rendered":"https:\/\/caringsunshine.com\/?page_id=6230"},"modified":"2024-05-11T07:07:45","modified_gmt":"2024-05-11T14:07:45","slug":"silver-shield-supplement","status":"publish","type":"page","link":"https:\/\/caringsunshine.com\/es\/silver-shield-supplement\/","title":{"rendered":"Suplemento Silver Shield"},"content":{"rendered":"<p>Silver Shield Supplement de Nature's Sunshine es un producto de plata coloidal que se utiliza para una amplia variedad de usos. Un \u00e9xito de ventas en Nature's Sunshine, es seguro para el uso diario y de muy alta calidad. <a href=\"https:\/\/caringsunshine.com\/es\/supplements\/NaturesSunshine\/products\/silver-shield-aqua-sol.aspx\/\">Puede obtener m\u00e1s informaci\u00f3n sobre SilverShield y pedirlo aqu\u00ed<\/a>.<\/p>","protected":false},"excerpt":{"rendered":"<p>Silver Shield Supplement de Nature's Sunshine es un producto de plata coloidal que se utiliza para una amplia variedad de usos. Es uno de los m\u00e1s vendidos en Nature's Sunshine, es seguro para el uso diario y de muy alta calidad. Puedes conocer m\u00e1s sobre SilverShield y pedirlo aqu\u00ed.<\/p>","protected":false},"author":1,"featured_media":0,"parent":0,"menu_order":0,"comment_status":"open","ping_status":"closed","template":"page-blank-title-center.php","meta":{"_acf_changed":false,"footnotes":""},"rapid":[],"class_list":["post-6230","page","type-page","status-publish","hentry"],"acf":[],"_links":{"self":[{"href":"https:\/\/caringsunshine.com\/es\/wp-json\/wp\/v2\/pages\/6230","targetHints":{"allow":["GET"]}}],"collection":[{"href":"https:\/\/caringsunshine.com\/es\/wp-json\/wp\/v2\/pages"}],"about":[{"href":"https:\/\/caringsunshine.com\/es\/wp-json\/wp\/v2\/types\/page"}],"author":[{"embeddable":true,"href":"https:\/\/caringsunshine.com\/es\/wp-json\/wp\/v2\/users\/1"}],"replies":[{"embeddable":true,"href":"https:\/\/caringsunshine.com\/es\/wp-json\/wp\/v2\/comments?post=6230"}],"version-history":[{"count":1,"href":"https:\/\/caringsunshine.com\/es\/wp-json\/wp\/v2\/pages\/6230\/revisions"}],"predecessor-version":[{"id":3262421,"href":"https:\/\/caringsunshine.com\/es\/wp-json\/wp\/v2\/pages\/6230\/revisions\/3262421"}],"wp:attachment":[{"href":"https:\/\/caringsunshine.com\/es\/wp-json\/wp\/v2\/media?parent=6230"}],"wp:term":[{"taxonomy":"rapid","embeddable":true,"href":"https:\/\/caringsunshine.com\/es\/wp-json\/wp\/v2\/rapid?post=6230"}],"curies":[{"name":"wp","href":"https:\/\/api.w.org\/{rel}","templated":true}]}}