{"id":6228,"date":"2015-10-02T20:48:10","date_gmt":"2015-10-02T20:48:10","guid":{"rendered":"https:\/\/caringsunshine.com\/?page_id=6228"},"modified":"2024-05-11T07:07:59","modified_gmt":"2024-05-11T14:07:59","slug":"clean-start-nature-sunshine","status":"publish","type":"page","link":"https:\/\/caringsunshine.com\/es\/clean-start-nature-sunshine\/","title":{"rendered":"Clean Start Nature Sunshine"},"content":{"rendered":"<p>Clean Start Nature Sunshine es una limpieza digestiva de 14 d\u00edas vendida por Nature's Sunshine. Ayuda al sistema digestivo en las \u00e1reas de limpieza, regularidad y eficacia. Es perfectamente seguro y s\u00f3lo hay que hacerlo de vez en cuando. <a href=\"https:\/\/caringsunshine.com\/es\/supplements\/NaturesSunshine\/products\/cleanstart.aspx\/\">Puede obtener m\u00e1s informaci\u00f3n sobre CleanStart y pedirlo aqu\u00ed<\/a>.<\/p>","protected":false},"excerpt":{"rendered":"<p>Clean Start Nature Sunshine es una limpieza digestiva de 14 d\u00edas vendida por Nature's Sunshine. Ayuda al sistema digestivo en las \u00e1reas de limpieza, regularidad y eficacia. Es perfectamente seguro y s\u00f3lo hay que hacerlo de vez en cuando. Puede obtener m\u00e1s informaci\u00f3n sobre CleanStart y pedirlo aqu\u00ed.<\/p>","protected":false},"author":1,"featured_media":0,"parent":0,"menu_order":0,"comment_status":"open","ping_status":"closed","template":"page-blank-title-center.php","meta":{"_acf_changed":false,"footnotes":""},"rapid":[],"class_list":["post-6228","page","type-page","status-publish","hentry"],"acf":[],"_links":{"self":[{"href":"https:\/\/caringsunshine.com\/es\/wp-json\/wp\/v2\/pages\/6228","targetHints":{"allow":["GET"]}}],"collection":[{"href":"https:\/\/caringsunshine.com\/es\/wp-json\/wp\/v2\/pages"}],"about":[{"href":"https:\/\/caringsunshine.com\/es\/wp-json\/wp\/v2\/types\/page"}],"author":[{"embeddable":true,"href":"https:\/\/caringsunshine.com\/es\/wp-json\/wp\/v2\/users\/1"}],"replies":[{"embeddable":true,"href":"https:\/\/caringsunshine.com\/es\/wp-json\/wp\/v2\/comments?post=6228"}],"version-history":[{"count":1,"href":"https:\/\/caringsunshine.com\/es\/wp-json\/wp\/v2\/pages\/6228\/revisions"}],"predecessor-version":[{"id":3262422,"href":"https:\/\/caringsunshine.com\/es\/wp-json\/wp\/v2\/pages\/6228\/revisions\/3262422"}],"wp:attachment":[{"href":"https:\/\/caringsunshine.com\/es\/wp-json\/wp\/v2\/media?parent=6228"}],"wp:term":[{"taxonomy":"rapid","embeddable":true,"href":"https:\/\/caringsunshine.com\/es\/wp-json\/wp\/v2\/rapid?post=6228"}],"curies":[{"name":"wp","href":"https:\/\/api.w.org\/{rel}","templated":true}]}}