{"id":6222,"date":"2015-10-02T20:45:11","date_gmt":"2015-10-02T20:45:11","guid":{"rendered":"https:\/\/caringsunshine.com\/?page_id=6222"},"modified":"2024-05-11T07:08:23","modified_gmt":"2024-05-11T14:08:23","slug":"clean-start-products","status":"publish","type":"page","link":"https:\/\/caringsunshine.com\/es\/clean-start-products\/","title":{"rendered":"Productos Clean Start"},"content":{"rendered":"<p>Los productos Clean Start son fabricados y vendidos por Nature's Sunshine. Son limpiezas digestivas de 14 d\u00edas dise\u00f1adas para ayudar a limpiar los intestinos, aumentar la regularidad y aumentar la energ\u00eda. Es seguro y eficaz y s\u00f3lo hay que hacerlo una vez al a\u00f1o. <a href=\"https:\/\/caringsunshine.com\/es\/supplements\/NaturesSunshine\/products\/cleanstart.aspx\/\">M\u00e1s informaci\u00f3n sobre CleanStart y su pedido aqu\u00ed<\/a>.<\/p>","protected":false},"excerpt":{"rendered":"<p>Los productos Clean Start son fabricados y vendidos por Nature's Sunshine. Son limpiezas digestivas de 14 d\u00edas dise\u00f1adas para ayudar a limpiar los intestinos, aumentar la regularidad y potenciar la energ\u00eda. Es seguro y eficaz y s\u00f3lo hay que hacerlo una vez al a\u00f1o. Conozca m\u00e1s sobre CleanStart y haga su pedido aqu\u00ed.<\/p>","protected":false},"author":1,"featured_media":0,"parent":0,"menu_order":0,"comment_status":"open","ping_status":"closed","template":"page-blank-title-center.php","meta":{"_acf_changed":false,"footnotes":""},"rapid":[],"class_list":["post-6222","page","type-page","status-publish","hentry"],"acf":[],"_links":{"self":[{"href":"https:\/\/caringsunshine.com\/es\/wp-json\/wp\/v2\/pages\/6222","targetHints":{"allow":["GET"]}}],"collection":[{"href":"https:\/\/caringsunshine.com\/es\/wp-json\/wp\/v2\/pages"}],"about":[{"href":"https:\/\/caringsunshine.com\/es\/wp-json\/wp\/v2\/types\/page"}],"author":[{"embeddable":true,"href":"https:\/\/caringsunshine.com\/es\/wp-json\/wp\/v2\/users\/1"}],"replies":[{"embeddable":true,"href":"https:\/\/caringsunshine.com\/es\/wp-json\/wp\/v2\/comments?post=6222"}],"version-history":[{"count":1,"href":"https:\/\/caringsunshine.com\/es\/wp-json\/wp\/v2\/pages\/6222\/revisions"}],"predecessor-version":[{"id":3262425,"href":"https:\/\/caringsunshine.com\/es\/wp-json\/wp\/v2\/pages\/6222\/revisions\/3262425"}],"wp:attachment":[{"href":"https:\/\/caringsunshine.com\/es\/wp-json\/wp\/v2\/media?parent=6222"}],"wp:term":[{"taxonomy":"rapid","embeddable":true,"href":"https:\/\/caringsunshine.com\/es\/wp-json\/wp\/v2\/rapid?post=6222"}],"curies":[{"name":"wp","href":"https:\/\/api.w.org\/{rel}","templated":true}]}}