{"id":6218,"date":"2015-10-02T20:44:19","date_gmt":"2015-10-02T20:44:19","guid":{"rendered":"https:\/\/caringsunshine.com\/?page_id=6218"},"modified":"2024-05-11T07:08:38","modified_gmt":"2024-05-11T14:08:38","slug":"natures-sunshine-product","status":"publish","type":"page","link":"https:\/\/caringsunshine.com\/es\/natures-sunshine-product\/","title":{"rendered":"Producto Natures Sunshine"},"content":{"rendered":"<p><a href=\"https:\/\/caringsunshine.com\/es\/products-a-z\/\">El cat\u00e1logo de productos de Natures Sunshine est\u00e1 disponible aqu\u00ed<\/a>. Es una lista completa de m\u00e1s de 400 productos, incluyendo las ofertas actuales de Nature's Sunshine.<\/p>","protected":false},"excerpt":{"rendered":"<p>El cat\u00e1logo de productos de Natures Sunshine est\u00e1 disponible aqu\u00ed. Es una lista completa de m\u00e1s de 400 productos incluyendo los especiales actuales que ofrece Nature's Sunshine.<\/p>","protected":false},"author":1,"featured_media":0,"parent":0,"menu_order":0,"comment_status":"open","ping_status":"closed","template":"page-blank-title-center.php","meta":{"_acf_changed":false,"footnotes":""},"rapid":[],"class_list":["post-6218","page","type-page","status-publish","hentry"],"acf":[],"_links":{"self":[{"href":"https:\/\/caringsunshine.com\/es\/wp-json\/wp\/v2\/pages\/6218","targetHints":{"allow":["GET"]}}],"collection":[{"href":"https:\/\/caringsunshine.com\/es\/wp-json\/wp\/v2\/pages"}],"about":[{"href":"https:\/\/caringsunshine.com\/es\/wp-json\/wp\/v2\/types\/page"}],"author":[{"embeddable":true,"href":"https:\/\/caringsunshine.com\/es\/wp-json\/wp\/v2\/users\/1"}],"replies":[{"embeddable":true,"href":"https:\/\/caringsunshine.com\/es\/wp-json\/wp\/v2\/comments?post=6218"}],"version-history":[{"count":1,"href":"https:\/\/caringsunshine.com\/es\/wp-json\/wp\/v2\/pages\/6218\/revisions"}],"predecessor-version":[{"id":3262427,"href":"https:\/\/caringsunshine.com\/es\/wp-json\/wp\/v2\/pages\/6218\/revisions\/3262427"}],"wp:attachment":[{"href":"https:\/\/caringsunshine.com\/es\/wp-json\/wp\/v2\/media?parent=6218"}],"wp:term":[{"taxonomy":"rapid","embeddable":true,"href":"https:\/\/caringsunshine.com\/es\/wp-json\/wp\/v2\/rapid?post=6218"}],"curies":[{"name":"wp","href":"https:\/\/api.w.org\/{rel}","templated":true}]}}