{"id":6216,"date":"2015-10-02T20:43:53","date_gmt":"2015-10-02T20:43:53","guid":{"rendered":"https:\/\/caringsunshine.com\/?page_id=6216"},"modified":"2024-05-11T07:08:56","modified_gmt":"2024-05-11T14:08:56","slug":"nature-sunshine-herbs","status":"publish","type":"page","link":"https:\/\/caringsunshine.com\/es\/nature-sunshine-herbs\/","title":{"rendered":"Hierbas Nature Sunshine"},"content":{"rendered":"<p>Las hierbas, vitaminas y f\u00f3rmulas personalizadas de Nature Sunshine est\u00e1n disponibles aqu\u00ed en CaringSunshine a precio de socio todos los d\u00edas. Enviamos a todos los Estados Unidos y con nuestra extensa red de almacenes, podemos entregar a la mayor\u00eda de los lugares dentro de dos d\u00edas sin que usted pague extra por el env\u00edo acelerado.<\/p>","protected":false},"excerpt":{"rendered":"<p>Las hierbas, vitaminas y f\u00f3rmulas personalizadas de Nature Sunshine est\u00e1n disponibles aqu\u00ed en CaringSunshine a precio de socio todos los d\u00edas. Enviamos a todos los Estados Unidos y con nuestra extensa red de almacenes, podemos entregar a la mayor\u00eda de los lugares dentro de dos d\u00edas sin que usted pague extra por el env\u00edo acelerado.<\/p>","protected":false},"author":1,"featured_media":0,"parent":0,"menu_order":0,"comment_status":"open","ping_status":"closed","template":"page-blank-title-center.php","meta":{"_acf_changed":false,"footnotes":""},"rapid":[],"class_list":["post-6216","page","type-page","status-publish","hentry"],"acf":[],"_links":{"self":[{"href":"https:\/\/caringsunshine.com\/es\/wp-json\/wp\/v2\/pages\/6216","targetHints":{"allow":["GET"]}}],"collection":[{"href":"https:\/\/caringsunshine.com\/es\/wp-json\/wp\/v2\/pages"}],"about":[{"href":"https:\/\/caringsunshine.com\/es\/wp-json\/wp\/v2\/types\/page"}],"author":[{"embeddable":true,"href":"https:\/\/caringsunshine.com\/es\/wp-json\/wp\/v2\/users\/1"}],"replies":[{"embeddable":true,"href":"https:\/\/caringsunshine.com\/es\/wp-json\/wp\/v2\/comments?post=6216"}],"version-history":[{"count":1,"href":"https:\/\/caringsunshine.com\/es\/wp-json\/wp\/v2\/pages\/6216\/revisions"}],"predecessor-version":[{"id":3262428,"href":"https:\/\/caringsunshine.com\/es\/wp-json\/wp\/v2\/pages\/6216\/revisions\/3262428"}],"wp:attachment":[{"href":"https:\/\/caringsunshine.com\/es\/wp-json\/wp\/v2\/media?parent=6216"}],"wp:term":[{"taxonomy":"rapid","embeddable":true,"href":"https:\/\/caringsunshine.com\/es\/wp-json\/wp\/v2\/rapid?post=6216"}],"curies":[{"name":"wp","href":"https:\/\/api.w.org\/{rel}","templated":true}]}}