{"id":6214,"date":"2015-10-02T20:43:22","date_gmt":"2015-10-02T20:43:22","guid":{"rendered":"https:\/\/caringsunshine.com\/?page_id=6214"},"modified":"2024-05-11T07:09:04","modified_gmt":"2024-05-11T14:09:04","slug":"natures-sun-shine","status":"publish","type":"page","link":"https:\/\/caringsunshine.com\/es\/natures-sun-shine\/","title":{"rendered":"El sol de la naturaleza brilla"},"content":{"rendered":"<p>Natures Sun shine (Nature's Sunshine) es una compa\u00f1\u00eda nutricional que produce suplementos como vitaminas, hierbas, minerales, antioxidantes y f\u00f3rmulas personalizadas para condiciones de salud espec\u00edficas. Usted puede comprar todos los productos de Nature's Sunshine aqu\u00ed en CaringSunshine a precios de miembro con un gran servicio y env\u00edo barato.<\/p>","protected":false},"excerpt":{"rendered":"<p>Natures Sun shine (Nature's Sunshine) es una compa\u00f1\u00eda nutricional que produce suplementos como vitaminas, hierbas, minerales, antioxidantes y f\u00f3rmulas personalizadas para condiciones de salud espec\u00edficas. Usted puede comprar todos los productos de Nature's Sunshine aqu\u00ed en CaringSunshine a precios de miembro con un gran servicio y env\u00edo barato.<\/p>","protected":false},"author":1,"featured_media":0,"parent":0,"menu_order":0,"comment_status":"open","ping_status":"closed","template":"page-blank-title-center.php","meta":{"_acf_changed":false,"footnotes":""},"rapid":[],"class_list":["post-6214","page","type-page","status-publish","hentry"],"acf":[],"_links":{"self":[{"href":"https:\/\/caringsunshine.com\/es\/wp-json\/wp\/v2\/pages\/6214","targetHints":{"allow":["GET"]}}],"collection":[{"href":"https:\/\/caringsunshine.com\/es\/wp-json\/wp\/v2\/pages"}],"about":[{"href":"https:\/\/caringsunshine.com\/es\/wp-json\/wp\/v2\/types\/page"}],"author":[{"embeddable":true,"href":"https:\/\/caringsunshine.com\/es\/wp-json\/wp\/v2\/users\/1"}],"replies":[{"embeddable":true,"href":"https:\/\/caringsunshine.com\/es\/wp-json\/wp\/v2\/comments?post=6214"}],"version-history":[{"count":1,"href":"https:\/\/caringsunshine.com\/es\/wp-json\/wp\/v2\/pages\/6214\/revisions"}],"predecessor-version":[{"id":3262429,"href":"https:\/\/caringsunshine.com\/es\/wp-json\/wp\/v2\/pages\/6214\/revisions\/3262429"}],"wp:attachment":[{"href":"https:\/\/caringsunshine.com\/es\/wp-json\/wp\/v2\/media?parent=6214"}],"wp:term":[{"taxonomy":"rapid","embeddable":true,"href":"https:\/\/caringsunshine.com\/es\/wp-json\/wp\/v2\/rapid?post=6214"}],"curies":[{"name":"wp","href":"https:\/\/api.w.org\/{rel}","templated":true}]}}