{"id":6212,"date":"2015-10-02T20:42:55","date_gmt":"2015-10-02T20:42:55","guid":{"rendered":"https:\/\/caringsunshine.com\/?page_id=6212"},"modified":"2024-05-11T07:09:10","modified_gmt":"2024-05-11T14:09:10","slug":"natures-sunshine-nutri-calm","status":"publish","type":"page","link":"https:\/\/caringsunshine.com\/es\/natures-sunshine-nutri-calm\/","title":{"rendered":"Natures Sunshine Nutri calm"},"content":{"rendered":"<p>Natures Sunshine Nutri calm es una rica fuente de vitaminas del grupo B y una f\u00f3rmula especial que promueve la relajaci\u00f3n de los nervios y fomenta un sue\u00f1o reparador. Adem\u00e1s, potencia la energ\u00eda y apoya el sistema inmunol\u00f3gico.\u00a0<a href=\"https:\/\/caringsunshine.com\/es\/supplements\/NaturesSunshine\/products\/nutri-calm.aspx\/\">Conozca m\u00e1s sobre Nutri-Calm y p\u00eddalo aqu\u00ed<\/a>.<\/p>","protected":false},"excerpt":{"rendered":"<p>Natures Sunshine Nutri calm es una rica fuente de vitaminas del grupo B y una f\u00f3rmula especial que promueve la relajaci\u00f3n nerviosa y favorece un sue\u00f1o reparador. Tambi\u00e9n aumenta la energ\u00eda y refuerza el sistema inmunitario. Obtenga m\u00e1s informaci\u00f3n sobre Nutri-Calm y haga su pedido aqu\u00ed.<\/p>","protected":false},"author":1,"featured_media":0,"parent":0,"menu_order":0,"comment_status":"open","ping_status":"closed","template":"page-blank-title-center.php","meta":{"_acf_changed":false,"footnotes":""},"rapid":[],"class_list":["post-6212","page","type-page","status-publish","hentry"],"acf":[],"_links":{"self":[{"href":"https:\/\/caringsunshine.com\/es\/wp-json\/wp\/v2\/pages\/6212","targetHints":{"allow":["GET"]}}],"collection":[{"href":"https:\/\/caringsunshine.com\/es\/wp-json\/wp\/v2\/pages"}],"about":[{"href":"https:\/\/caringsunshine.com\/es\/wp-json\/wp\/v2\/types\/page"}],"author":[{"embeddable":true,"href":"https:\/\/caringsunshine.com\/es\/wp-json\/wp\/v2\/users\/1"}],"replies":[{"embeddable":true,"href":"https:\/\/caringsunshine.com\/es\/wp-json\/wp\/v2\/comments?post=6212"}],"version-history":[{"count":1,"href":"https:\/\/caringsunshine.com\/es\/wp-json\/wp\/v2\/pages\/6212\/revisions"}],"predecessor-version":[{"id":3262430,"href":"https:\/\/caringsunshine.com\/es\/wp-json\/wp\/v2\/pages\/6212\/revisions\/3262430"}],"wp:attachment":[{"href":"https:\/\/caringsunshine.com\/es\/wp-json\/wp\/v2\/media?parent=6212"}],"wp:term":[{"taxonomy":"rapid","embeddable":true,"href":"https:\/\/caringsunshine.com\/es\/wp-json\/wp\/v2\/rapid?post=6212"}],"curies":[{"name":"wp","href":"https:\/\/api.w.org\/{rel}","templated":true}]}}